{"id":105380,"date":"2026-02-16T21:02:07","date_gmt":"2026-02-16T20:02:07","guid":{"rendered":"https:\/\/fysiolab.dk\/product\/donjoy-skulderstropper-for-ryggstoette\/"},"modified":"2026-02-16T21:02:07","modified_gmt":"2026-02-16T20:02:07","slug":"donjoy-skulderstropper-for-ryggstoette","status":"publish","type":"product","link":"https:\/\/fysiolab.dk\/no\/product\/donjoy-skulderstropper-for-ryggstoette\/","title":{"rendered":"DonJoy skulderstropper for ryggst\u00f8tte"},"content":{"rendered":"<h3 data-start=\"0\" data-end=\"43\"><strong data-start=\"3\" data-end=\"41\">DonJoy skulderstropper for ryggst\u00f8tte<\/strong><\/h3>\n<p data-start=\"45\" data-end=\"381\">DonJoy skulderstropper for ryggst\u00f8tte passer til <strong data-start=\"91\" data-end=\"151\">Actistrap 2.0, Porostrap 2.0, Immostrap 2.0 og Skinstrap<\/strong> og er utformet for \u00e5 sikre at bandasjen holder seg p\u00e5 plass hele dagen. Stroppene bidrar til \u00e5 holde bandasjen oppe slik at den ikke glir ned, noe som gir bedre stabilitet og st\u00f8tte for ryggen under b\u00e5de aktivitet og hvile. <\/p>\n<p data-start=\"383\" data-end=\"735\" data-is-last-node=\"\" data-is-only-node=\"\">Stroppene er enkle \u00e5 feste og justere, slik at de kan tilpasses hver enkelt bruker. Det <strong data-start=\"477\" data-end=\"514\">behagelige og fleksible materialet<\/strong> s\u00f8rger for en god passform uten gnags\u00e5r eller stramhet, selv ved langvarig bruk. En praktisk l\u00f8sning som \u00f8ker komforten og effektiviteten til ryggst\u00f8tten og gj\u00f8r det lettere \u00e5 bevege seg uten irritasjon eller ubehag.  <\/p>\n","protected":false},"excerpt":{"rendered":"<p><strong>DonJoy skulderstropper for ryggst\u00f8tte passer til Actistrap 2.0, Porostrap 2.0, Immostrap 2.0 og Skinstrap og bidrar til \u00e5 holde st\u00f8tten p\u00e5 plass. Stroppene er enkle \u00e5 feste og justere, sitter komfortabelt og kan tilpasses. De \u00f8ker stabiliteten og komforten ved bruk hele dagen.  <\/strong><\/p>\n","protected":false},"featured_media":105332,"comment_status":"closed","ping_status":"closed","template":"","meta":{"_acf_changed":false},"product_brand":[3091],"product_cat":[1937,1938,2194,2193],"product_tag":[2173],"class_list":{"0":"post-105380","1":"product","2":"type-product","3":"status-publish","4":"has-post-thumbnail","6":"product_brand-donjoy","7":"product_cat-merkevarer","8":"product_cat-donjoy-no","9":"product_cat-donjoy-korsryggbelte","10":"product_cat-donjoy-ryggstoette","11":"product_tag-donjoy-no","13":"first","14":"instock","15":"taxable","16":"shipping-taxable","17":"purchasable","18":"product-type-simple"},"acf":[],"_links":{"self":[{"href":"https:\/\/fysiolab.dk\/no\/wp-json\/wp\/v2\/product\/105380","targetHints":{"allow":["GET"]}}],"collection":[{"href":"https:\/\/fysiolab.dk\/no\/wp-json\/wp\/v2\/product"}],"about":[{"href":"https:\/\/fysiolab.dk\/no\/wp-json\/wp\/v2\/types\/product"}],"replies":[{"embeddable":true,"href":"https:\/\/fysiolab.dk\/no\/wp-json\/wp\/v2\/comments?post=105380"}],"wp:featuredmedia":[{"embeddable":true,"href":"https:\/\/fysiolab.dk\/no\/wp-json\/wp\/v2\/media\/105332"}],"wp:attachment":[{"href":"https:\/\/fysiolab.dk\/no\/wp-json\/wp\/v2\/media?parent=105380"}],"wp:term":[{"taxonomy":"product_brand","embeddable":true,"href":"https:\/\/fysiolab.dk\/no\/wp-json\/wp\/v2\/product_brand?post=105380"},{"taxonomy":"product_cat","embeddable":true,"href":"https:\/\/fysiolab.dk\/no\/wp-json\/wp\/v2\/product_cat?post=105380"},{"taxonomy":"product_tag","embeddable":true,"href":"https:\/\/fysiolab.dk\/no\/wp-json\/wp\/v2\/product_tag?post=105380"}],"curies":[{"name":"wp","href":"https:\/\/api.w.org\/{rel}","templated":true}]}}