{"id":105381,"date":"2026-02-16T20:41:45","date_gmt":"2026-02-16T19:41:45","guid":{"rendered":"https:\/\/fysiolab.dk\/product\/donjoy-trykkpute-for-magebrokk\/"},"modified":"2026-02-16T20:41:45","modified_gmt":"2026-02-16T19:41:45","slug":"donjoy-trykkpute-for-magebrokk","status":"publish","type":"product","link":"https:\/\/fysiolab.dk\/no\/product\/donjoy-trykkpute-for-magebrokk\/","title":{"rendered":"DonJoy trykkpute for magebrokk"},"content":{"rendered":"<p data-start=\"37\" data-end=\"283\">DonJoy <strong data-start=\"86\" data-end=\"110\">Abdominal<\/strong> Hernia Pressure Pad brukes sammen med <strong data-start=\"86\" data-end=\"110\">DonJoy AbdoStrap 2.0<\/strong> og gir m\u00e5lrettet, jevn kompresjon over det \u00f8nskede omr\u00e5det av buken. Puten m\u00e5ler 8 x 14 cm og er enkel \u00e5 plassere i bandasjen, slik at trykket kan justeres n\u00f8yaktig etter behov. <\/p>\n<p data-start=\"285\" data-end=\"608\" data-is-last-node=\"\" data-is-only-node=\"\">Den er laget av et <strong data-start=\"309\" data-end=\"340\">lett og behagelig materiale<\/strong> som sikrer komfort under daglig bruk uten \u00e5 irritere huden. Trykkputen bidrar til \u00e5 avlaste og stabilisere omr\u00e5det rundt bukbrokket, reduserer ubehag og st\u00f8tter bandasjens funksjon p\u00e5 en optimal m\u00e5te. En enkel og effektiv l\u00f8sning for ekstra st\u00f8tte og trygghet i hverdagen.  <\/p>\n","protected":false},"excerpt":{"rendered":"<p><strong>DonJoy Abdominal Hernia Pressure Pad brukes sammen med AbdoStrap 2.0 og gir m\u00e5lrettet kompresjon som kan justeres etter behov. Den er laget av lett og behagelig materiale for \u00e5 sikre komfort under daglig bruk. Puten m\u00e5ler 8 x 14 cm og bidrar til \u00e5 avlaste og stabilisere bukomr\u00e5det.  <\/strong><\/p>\n","protected":false},"featured_media":105324,"comment_status":"closed","ping_status":"closed","template":"","meta":{"_acf_changed":false},"product_brand":[3091],"product_cat":[1937,1938,2502],"product_tag":[2173],"class_list":{"0":"post-105381","1":"product","2":"type-product","3":"status-publish","4":"has-post-thumbnail","6":"product_brand-donjoy","7":"product_cat-merkevarer","8":"product_cat-donjoy-no","9":"product_cat-svake-magemuskler","10":"product_tag-donjoy-no","12":"first","13":"instock","14":"taxable","15":"shipping-taxable","16":"purchasable","17":"product-type-simple"},"acf":[],"_links":{"self":[{"href":"https:\/\/fysiolab.dk\/no\/wp-json\/wp\/v2\/product\/105381","targetHints":{"allow":["GET"]}}],"collection":[{"href":"https:\/\/fysiolab.dk\/no\/wp-json\/wp\/v2\/product"}],"about":[{"href":"https:\/\/fysiolab.dk\/no\/wp-json\/wp\/v2\/types\/product"}],"replies":[{"embeddable":true,"href":"https:\/\/fysiolab.dk\/no\/wp-json\/wp\/v2\/comments?post=105381"}],"wp:featuredmedia":[{"embeddable":true,"href":"https:\/\/fysiolab.dk\/no\/wp-json\/wp\/v2\/media\/105324"}],"wp:attachment":[{"href":"https:\/\/fysiolab.dk\/no\/wp-json\/wp\/v2\/media?parent=105381"}],"wp:term":[{"taxonomy":"product_brand","embeddable":true,"href":"https:\/\/fysiolab.dk\/no\/wp-json\/wp\/v2\/product_brand?post=105381"},{"taxonomy":"product_cat","embeddable":true,"href":"https:\/\/fysiolab.dk\/no\/wp-json\/wp\/v2\/product_cat?post=105381"},{"taxonomy":"product_tag","embeddable":true,"href":"https:\/\/fysiolab.dk\/no\/wp-json\/wp\/v2\/product_tag?post=105381"}],"curies":[{"name":"wp","href":"https:\/\/api.w.org\/{rel}","templated":true}]}}