{"id":105382,"date":"2026-02-16T20:37:42","date_gmt":"2026-02-16T19:37:42","guid":{"rendered":"https:\/\/fysiolab.dk\/product\/donjoy-pad-for-navlebrokk\/"},"modified":"2026-02-16T20:37:42","modified_gmt":"2026-02-16T19:37:42","slug":"donjoy-pad-for-navlebrokk","status":"publish","type":"product","link":"https:\/\/fysiolab.dk\/no\/product\/donjoy-pad-for-navlebrokk\/","title":{"rendered":"DonJoy Pad for navlebrokk"},"content":{"rendered":"<h2 data-start=\"0\" data-end=\"35\"><strong data-start=\"3\" data-end=\"35\">DonJoy Pad for navlebrokk<\/strong><\/h2>\n<p data-start=\"37\" data-end=\"290\">DonJoy Umbilical Hernia Pad er utviklet for bruk med DonJoy <strong data-start=\"98\" data-end=\"122\">AbdoStrap 2.0<\/strong>, og gir et m\u00e5lrettet, stabilt trykk p\u00e5 navleomr\u00e5det. Puten plasseres enkelt i bandasjen og kan justeres individuelt for \u00e5 tilpasse kompresjonen til den enkelte brukers behov. <\/p>\n<p data-start=\"292\" data-end=\"505\" data-is-last-node=\"\" data-is-only-node=\"\">Den er laget av et behagelig og hudvennlig materiale som sikrer komfort under daglig bruk. Med en diameter p\u00e5 \u00d810 cm gir puten en effektiv og presis trykkflate for \u00e5 st\u00f8tte og lindre navlebrokk. <\/p>\n","protected":false},"excerpt":{"rendered":"<p><strong>DonJoy Umbilical Hernia Pad brukes sammen med DonJoy AbdoStrap 2.0 og gir et m\u00e5lrettet, justerbart trykk p\u00e5 navleomr\u00e5det. Laget av komfortabelt materiale og enkel \u00e5 plassere for personlig tilpasset kompresjon. Diameter \u00d810 cm.  <\/strong><\/p>\n","protected":false},"featured_media":105334,"comment_status":"closed","ping_status":"closed","template":"","meta":{"_acf_changed":false},"product_brand":[],"product_cat":[1937,1938,2502],"product_tag":[2173],"class_list":{"0":"post-105382","1":"product","2":"type-product","3":"status-publish","4":"has-post-thumbnail","6":"product_cat-merkevarer","7":"product_cat-donjoy-no","8":"product_cat-svake-magemuskler","9":"product_tag-donjoy-no","11":"first","12":"instock","13":"taxable","14":"shipping-taxable","15":"purchasable","16":"product-type-simple"},"acf":[],"_links":{"self":[{"href":"https:\/\/fysiolab.dk\/no\/wp-json\/wp\/v2\/product\/105382","targetHints":{"allow":["GET"]}}],"collection":[{"href":"https:\/\/fysiolab.dk\/no\/wp-json\/wp\/v2\/product"}],"about":[{"href":"https:\/\/fysiolab.dk\/no\/wp-json\/wp\/v2\/types\/product"}],"replies":[{"embeddable":true,"href":"https:\/\/fysiolab.dk\/no\/wp-json\/wp\/v2\/comments?post=105382"}],"wp:featuredmedia":[{"embeddable":true,"href":"https:\/\/fysiolab.dk\/no\/wp-json\/wp\/v2\/media\/105334"}],"wp:attachment":[{"href":"https:\/\/fysiolab.dk\/no\/wp-json\/wp\/v2\/media?parent=105382"}],"wp:term":[{"taxonomy":"product_brand","embeddable":true,"href":"https:\/\/fysiolab.dk\/no\/wp-json\/wp\/v2\/product_brand?post=105382"},{"taxonomy":"product_cat","embeddable":true,"href":"https:\/\/fysiolab.dk\/no\/wp-json\/wp\/v2\/product_cat?post=105382"},{"taxonomy":"product_tag","embeddable":true,"href":"https:\/\/fysiolab.dk\/no\/wp-json\/wp\/v2\/product_tag?post=105382"}],"curies":[{"name":"wp","href":"https:\/\/api.w.org\/{rel}","templated":true}]}}