{"id":105383,"date":"2026-02-16T20:31:48","date_gmt":"2026-02-16T19:31:48","guid":{"rendered":"https:\/\/fysiolab.dk\/product\/donjoy-massasjeryggstykke-for-ryggstoette\/"},"modified":"2026-02-16T20:31:48","modified_gmt":"2026-02-16T19:31:48","slug":"donjoy-massasjeryggstykke-for-ryggstoette","status":"publish","type":"product","link":"https:\/\/fysiolab.dk\/no\/product\/donjoy-massasjeryggstykke-for-ryggstoette\/","title":{"rendered":"DonJoy Massasjeryggstykke for ryggst\u00f8tte"},"content":{"rendered":"<h3 data-start=\"0\" data-end=\"51\">Massasjeinnlegg for DonJoy ryggst\u00f8tter<\/h3>\n<p data-start=\"53\" data-end=\"318\">Dette masserende rygginnlegget er utviklet for \u00e5 passe til <strong data-start=\"110\" data-end=\"177\">DonJoy Actistrap 2.0, Porostrap 2.0, Immostrap 2.0 og Skinstrap<\/strong> ryggbandasjer. Innlegget plasseres enkelt i bandasjen og kan plasseres akkurat der du \u00f8nsker ekstra st\u00f8tte, kompresjon og massasjeeffekt. <\/p>\n<p data-start=\"320\" data-end=\"641\">Den er laget av et mykt og fleksibelt materiale med integrerte knotter og puter som gir en behagelig, m\u00e5lrettet kompresjon for \u00f8mme og slitne muskler i korsryggen. Kombinasjonen av trykk og lett massasje kan bidra til \u00e5 \u00f8ke blodsirkulasjonen, redusere muskelspenninger og gi en beroligende effekt gjennom hele dagen. <\/p>\n<p data-start=\"643\" data-end=\"745\" data-is-last-node=\"\" data-is-only-node=\"\">En enkel og effektiv l\u00f8sning for deg som \u00f8nsker ekstra komfort og avlastning i DonJoy-ryggst\u00f8tten.<\/p>\n","protected":false},"excerpt":{"rendered":"<p><strong>Masserende rygginnlegg til DonJoy Actistrap 2.0, Porostrap 2.0, Immostrap 2.0 og Skinstrap. Innlegget plasseres akkurat der du \u00f8nsker ekstra kompresjon og massasjeeffekt i korsryggen. De myke knottene gir et behagelig trykk og bidrar til \u00e5 lindre \u00f8mme og trette muskler.  <\/strong><\/p>\n","protected":false},"featured_media":105330,"comment_status":"closed","ping_status":"closed","template":"","meta":{"_acf_changed":false},"product_brand":[3091],"product_cat":[1937,2188,2189,1938,2194,2193,2192,2184,2186,2187],"product_tag":[2173],"class_list":{"0":"post-105383","1":"product","2":"type-product","3":"status-publish","4":"has-post-thumbnail","6":"product_brand-donjoy","7":"product_cat-merkevarer","8":"product_cat-anstrengt-rygg","9":"product_cat-artrose-i-ryggen","10":"product_cat-donjoy-no","11":"product_cat-donjoy-korsryggbelte","12":"product_cat-donjoy-ryggstoette","13":"product_cat-isjias-iskias","14":"product_cat-rygg-og-korsrygg","15":"product_cat-skiveprolaps","16":"product_cat-smerter-i-nedre-del-av-ryggen","17":"product_tag-donjoy-no","19":"first","20":"instock","21":"taxable","22":"shipping-taxable","23":"purchasable","24":"product-type-simple"},"acf":[],"_links":{"self":[{"href":"https:\/\/fysiolab.dk\/no\/wp-json\/wp\/v2\/product\/105383","targetHints":{"allow":["GET"]}}],"collection":[{"href":"https:\/\/fysiolab.dk\/no\/wp-json\/wp\/v2\/product"}],"about":[{"href":"https:\/\/fysiolab.dk\/no\/wp-json\/wp\/v2\/types\/product"}],"replies":[{"embeddable":true,"href":"https:\/\/fysiolab.dk\/no\/wp-json\/wp\/v2\/comments?post=105383"}],"wp:featuredmedia":[{"embeddable":true,"href":"https:\/\/fysiolab.dk\/no\/wp-json\/wp\/v2\/media\/105330"}],"wp:attachment":[{"href":"https:\/\/fysiolab.dk\/no\/wp-json\/wp\/v2\/media?parent=105383"}],"wp:term":[{"taxonomy":"product_brand","embeddable":true,"href":"https:\/\/fysiolab.dk\/no\/wp-json\/wp\/v2\/product_brand?post=105383"},{"taxonomy":"product_cat","embeddable":true,"href":"https:\/\/fysiolab.dk\/no\/wp-json\/wp\/v2\/product_cat?post=105383"},{"taxonomy":"product_tag","embeddable":true,"href":"https:\/\/fysiolab.dk\/no\/wp-json\/wp\/v2\/product_tag?post=105383"}],"curies":[{"name":"wp","href":"https:\/\/api.w.org\/{rel}","templated":true}]}}