{"id":105438,"date":"2026-02-14T20:34:53","date_gmt":"2026-02-14T19:34:53","guid":{"rendered":"https:\/\/fysiolab.dk\/product\/sissel-balu-varmepute\/"},"modified":"2026-02-14T20:34:53","modified_gmt":"2026-02-14T19:34:53","slug":"sissel-balu-varmepute","status":"publish","type":"product","link":"https:\/\/fysiolab.dk\/no\/product\/sissel-balu-varmepute\/","title":{"rendered":"Sissel Balu varmepute"},"content":{"rendered":"<article class=\"text-token-text-primary w-full focus:outline-none [--shadow-height:45px] has-data-writing-block:pointer-events-none has-data-writing-block:-mt-(--shadow-height) has-data-writing-block:pt-(--shadow-height) [&amp;:has([data-writing-block])&gt;*]:pointer-events-auto [content-visibility:auto] supports-[content-visibility:auto]:[contain-intrinsic-size:auto_100lvh] scroll-mt-[calc(var(--header-height)+min(200px,max(70px,20svh)))]\" dir=\"auto\" tabindex=\"-1\" data-turn-id=\"c5065e36-f92d-45d2-897c-cac826097302\" data-testid=\"conversation-turn-46\" data-scroll-anchor=\"false\" data-turn=\"assistant\">\n<div class=\"text-base my-auto mx-auto [--thread-content-margin:--spacing(4)] thread-sm:[--thread-content-margin:--spacing(6)] thread-lg:[--thread-content-margin:--spacing(16)] px-(--thread-content-margin)\">\n<div class=\"[--thread-content-max-width:40rem] thread-lg:[--thread-content-max-width:48rem] mx-auto max-w-(--thread-content-max-width) flex-1 group\/turn-messages focus-visible:outline-hidden relative flex w-full min-w-0 flex-col agent-turn\" tabindex=\"-1\">\n<div class=\"flex max-w-full flex-col grow\">\n<div class=\"min-h-8 text-message relative flex w-full flex-col items-end gap-2 text-start break-words whitespace-normal [.text-message+&amp;]:mt-1\" dir=\"auto\" data-message-author-role=\"assistant\" data-message-id=\"bbd10ab5-eb97-4955-bf8e-f9d11a73f401\" data-message-model-slug=\"gpt-5-mini\">\n<div class=\"flex w-full flex-col gap-1 empty:hidden first:pt-[1px]\">\n<div class=\"markdown prose dark:prose-invert w-full break-words light markdown-new-styling\">\n<h2 data-start=\"51\" data-end=\"92\"><strong data-start=\"54\" data-end=\"90\">Sissel Balu Cherry Stone varmepute  <\/strong><\/h2>\n<p data-start=\"94\" data-end=\"410\">Sissel Balu Cherry Stone Heating Pad er en naturlig varme- og komfortpute fylt med kirseb\u00e6rstein som absorberer og avgir varme jevnt og langsomt. Den skaper en mild, t\u00f8rr varme som f\u00e5r muskler og ledd til \u00e5 slappe av, fremmer lokal blodsirkulasjon og lindrer ubehag eller spenninger i korsrygg, skuldre, mage eller nakke. <\/p>\n<p data-start=\"412\" data-end=\"681\">Yttertrekket er laget av 100 % bomull, som er mykt mot huden og kan vaskes for \u00e5 holde puten ren og hygienisk. Den fleksible og romslige st\u00f8rrelsen gj\u00f8r den praktisk for b\u00e5de rask lindring og lengre varmebehandlinger, og den kan brukes av b\u00e5de barn og voksne. <\/p>\n<p data-start=\"683\" data-end=\"697\"><strong data-start=\"683\" data-end=\"695\">Fordeler:<\/strong><\/p>\n<ul data-start=\"698\" data-end=\"1005\">\n<li data-start=\"698\" data-end=\"778\">\n<p data-start=\"700\" data-end=\"778\">Naturlig kirseb\u00e6rsteinfyll som holder p\u00e5 varmen og avgir den sakte<\/p>\n<\/li>\n<li data-start=\"779\" data-end=\"834\">\n<p data-start=\"781\" data-end=\"834\">Sk\u00e5nsom, t\u00f8rr varme som beroliger og f\u00e5r musklene til \u00e5 slappe av<\/p>\n<\/li>\n<li data-start=\"835\" data-end=\"910\">\n<p data-start=\"837\" data-end=\"910\">Egnet for mange form\u00e5l: magekramper, lindring av spenninger, \u00f8mme muskler<\/p>\n<\/li>\n<li data-start=\"911\" data-end=\"968\">\n<p data-start=\"913\" data-end=\"968\">Trekk i 100 % bomull, vaskbart og behagelig mot huden<\/p>\n<\/li>\n<li data-start=\"969\" data-end=\"1005\">\n<p data-start=\"971\" data-end=\"1005\">Praktisk for b\u00e5de barn og voksne<\/p>\n<\/li>\n<\/ul>\n<p data-start=\"1007\" data-end=\"1103\" data-is-last-node=\"\" data-is-only-node=\"\">En enkel og effektiv l\u00f8sning for naturlig varme og velv\u00e6re - uten str\u00f8m eller kjemikalier.<\/p>\n<\/div>\n<\/div>\n<\/div>\n<\/div>\n<div class=\"z-0 flex min-h-[46px] justify-start\"><\/div>\n<\/div>\n<\/div>\n<\/article>\n<article class=\"text-token-text-primary w-full focus:outline-none [--shadow-height:45px] has-data-writing-block:pointer-events-none has-data-writing-block:-mt-(--shadow-height) has-data-writing-block:pt-(--shadow-height) [&amp;:has([data-writing-block])&gt;*]:pointer-events-auto scroll-mt-(--header-height)\" dir=\"auto\" tabindex=\"-1\" data-turn-id=\"f0556f36-9c5b-4ba4-b0a8-cabe6510ea2a\" data-testid=\"conversation-turn-47\" data-scroll-anchor=\"false\" data-turn=\"user\">\n<h5 class=\"sr-only\"><\/h5>\n<\/article>\n","protected":false},"excerpt":{"rendered":"<p><strong>Sissel Balu Cherry Stone Heating Pad gir sk\u00e5nsom, t\u00f8rr varme for \u00e5 lindre anspente muskler og ubehag i rygg, nakke, mage eller skuldre. Fyllet av naturlig kirseb\u00e6rstein absorberer og avgir varmen jevnt, og det myke bomullstrekket gj\u00f8r den behagelig \u00e5 bruke for b\u00e5de barn og voksne. Perfekt for avslapping, restitusjon og velv\u00e6re uten bruk av elektrisitet.  <\/strong><\/p>\n","protected":false},"featured_media":105176,"comment_status":"closed","ping_status":"closed","template":"","meta":{"_acf_changed":false},"product_brand":[3126],"product_cat":[2520,1937,2439,2518,2531],"product_tag":[2521],"class_list":{"0":"post-105438","1":"product","2":"type-product","3":"status-publish","4":"has-post-thumbnail","6":"product_brand-sissel","7":"product_cat-puter-og-ergonomi","8":"product_cat-merkevarer","9":"product_cat-oppvarmingsprodukter","10":"product_cat-sissel-no","11":"product_cat-sissel-kald-varmebehandling","12":"product_tag-sissel-no","14":"first","15":"instock","16":"taxable","17":"shipping-taxable","18":"purchasable","19":"product-type-variable"},"acf":[],"_links":{"self":[{"href":"https:\/\/fysiolab.dk\/no\/wp-json\/wp\/v2\/product\/105438","targetHints":{"allow":["GET"]}}],"collection":[{"href":"https:\/\/fysiolab.dk\/no\/wp-json\/wp\/v2\/product"}],"about":[{"href":"https:\/\/fysiolab.dk\/no\/wp-json\/wp\/v2\/types\/product"}],"replies":[{"embeddable":true,"href":"https:\/\/fysiolab.dk\/no\/wp-json\/wp\/v2\/comments?post=105438"}],"wp:featuredmedia":[{"embeddable":true,"href":"https:\/\/fysiolab.dk\/no\/wp-json\/wp\/v2\/media\/105176"}],"wp:attachment":[{"href":"https:\/\/fysiolab.dk\/no\/wp-json\/wp\/v2\/media?parent=105438"}],"wp:term":[{"taxonomy":"product_brand","embeddable":true,"href":"https:\/\/fysiolab.dk\/no\/wp-json\/wp\/v2\/product_brand?post=105438"},{"taxonomy":"product_cat","embeddable":true,"href":"https:\/\/fysiolab.dk\/no\/wp-json\/wp\/v2\/product_cat?post=105438"},{"taxonomy":"product_tag","embeddable":true,"href":"https:\/\/fysiolab.dk\/no\/wp-json\/wp\/v2\/product_tag?post=105438"}],"curies":[{"name":"wp","href":"https:\/\/api.w.org\/{rel}","templated":true}]}}