{"id":105442,"date":"2026-02-14T20:17:27","date_gmt":"2026-02-14T19:17:27","guid":{"rendered":"https:\/\/fysiolab.dk\/product\/sissel-dorsaback-car\/"},"modified":"2026-02-14T20:17:27","modified_gmt":"2026-02-14T19:17:27","slug":"sissel-dorsaback-car","status":"publish","type":"product","link":"https:\/\/fysiolab.dk\/no\/product\/sissel-dorsaback-car\/","title":{"rendered":"Sissel DorsaBack Car"},"content":{"rendered":"<h3 data-start=\"0\" data-end=\"23\">SISSEL DorsaBack Car<\/h3>\n<p data-start=\"25\" data-end=\"321\"><span class=\"hover:entity-accent entity-underline inline cursor-pointer align-baseline\"><span class=\"whitespace-normal\">SISSEL<\/span><\/span> DorsaBack Car er en ergonomisk ryggst\u00f8tte som er utviklet for \u00e5 gi optimal st\u00f8tte under kj\u00f8ring. Den anatomisk formede, faste kjernen st\u00f8tter ryggens naturlige S-kurve og bidrar til \u00e5 opprettholde en sunn og oppreist sittestilling - selv p\u00e5 lange reiser. <\/p>\n<p data-start=\"323\" data-end=\"640\">Ryggst\u00f8tten reduserer belastningen p\u00e5 nedre og \u00f8vre del av ryggen, reduserer tretthet og kan forebygge spenninger og smerter som ofte for\u00e5rsakes av stillesittende kj\u00f8ring. Den faste konstruksjonen sikrer stabil st\u00f8tte i stedet for bare myk komfort, noe som gj\u00f8r den spesielt egnet for pendlere og personer som er utsatt for smerter i korsryggen. <\/p>\n<p data-start=\"642\" data-end=\"869\">Et komfortabelt skumlag og et slitesterkt trekk gir en behagelig overflate mot ryggen. Den justerbare festestroppen gj\u00f8r det enkelt \u00e5 montere st\u00f8tten p\u00e5 de fleste bilseter, der den forblir stabil under hele reisen. <\/p>\n<h3 data-start=\"871\" data-end=\"883\">Fordeler:<\/h3>\n<ul data-start=\"884\" data-end=\"1102\">\n<li data-start=\"884\" data-end=\"928\">\n<p data-start=\"886\" data-end=\"928\">Anatomisk korrekt st\u00f8tte for hele ryggen<\/p>\n<\/li>\n<li data-start=\"929\" data-end=\"973\">\n<p data-start=\"931\" data-end=\"973\">Fremmer en sunn og oppreist sittestilling<\/p>\n<\/li>\n<li data-start=\"974\" data-end=\"1018\">\n<p data-start=\"976\" data-end=\"1018\">Avlaster korsryggen og reduserer muskeltretthet<\/p>\n<\/li>\n<li data-start=\"1019\" data-end=\"1066\">\n<p data-start=\"1021\" data-end=\"1066\">Stabil konstruksjon med komfortabel polstring<\/p>\n<\/li>\n<li data-start=\"1067\" data-end=\"1102\">\n<p data-start=\"1069\" data-end=\"1102\">Enkel montering med justerbar stropp<\/p>\n<\/li>\n<\/ul>\n<p data-start=\"1104\" data-end=\"1200\">Tilgjengelig i <strong data-start=\"1110\" data-end=\"1130\">svart, bl\u00e5tt og gr\u00e5tt<\/strong> for \u00e5 matche bilinteri\u00f8ret og dine personlige preferanser.<\/p>\n<p data-start=\"1202\" data-end=\"1283\" data-is-last-node=\"\" data-is-only-node=\"\">En profesjonell l\u00f8sning for deg som \u00f8nsker bedre komfort og ergonomi bak rattet.<\/p>\n","protected":false},"excerpt":{"rendered":"<p><strong>SISSEL DorsaBack Car gir fast, anatomisk st\u00f8tte for ryggen og bidrar til \u00e5 opprettholde en sunn, oppreist sittestilling under kj\u00f8ring. Reduserer belastning og tretthet i korsryggen - ideell for b\u00e5de korte og lange reiser. Tilgjengelig i svart, bl\u00e5 og gr\u00e5.  <\/strong><\/p>\n","protected":false},"featured_media":105160,"comment_status":"closed","ping_status":"closed","template":"","meta":{"_acf_changed":false},"product_brand":[3126],"product_cat":[2520,1937,2517,2518,2519],"product_tag":[2521],"class_list":{"0":"post-105442","1":"product","2":"type-product","3":"status-publish","4":"has-post-thumbnail","6":"product_brand-sissel","7":"product_cat-puter-og-ergonomi","8":"product_cat-merkevarer","9":"product_cat-pulver","10":"product_cat-sissel-no","11":"product_cat-sissel-puter","12":"product_tag-sissel-no","14":"first","15":"instock","16":"taxable","17":"shipping-taxable","18":"purchasable","19":"product-type-variable"},"acf":[],"_links":{"self":[{"href":"https:\/\/fysiolab.dk\/no\/wp-json\/wp\/v2\/product\/105442","targetHints":{"allow":["GET"]}}],"collection":[{"href":"https:\/\/fysiolab.dk\/no\/wp-json\/wp\/v2\/product"}],"about":[{"href":"https:\/\/fysiolab.dk\/no\/wp-json\/wp\/v2\/types\/product"}],"replies":[{"embeddable":true,"href":"https:\/\/fysiolab.dk\/no\/wp-json\/wp\/v2\/comments?post=105442"}],"wp:featuredmedia":[{"embeddable":true,"href":"https:\/\/fysiolab.dk\/no\/wp-json\/wp\/v2\/media\/105160"}],"wp:attachment":[{"href":"https:\/\/fysiolab.dk\/no\/wp-json\/wp\/v2\/media?parent=105442"}],"wp:term":[{"taxonomy":"product_brand","embeddable":true,"href":"https:\/\/fysiolab.dk\/no\/wp-json\/wp\/v2\/product_brand?post=105442"},{"taxonomy":"product_cat","embeddable":true,"href":"https:\/\/fysiolab.dk\/no\/wp-json\/wp\/v2\/product_cat?post=105442"},{"taxonomy":"product_tag","embeddable":true,"href":"https:\/\/fysiolab.dk\/no\/wp-json\/wp\/v2\/product_tag?post=105442"}],"curies":[{"name":"wp","href":"https:\/\/api.w.org\/{rel}","templated":true}]}}