{"id":105446,"date":"2026-02-14T20:07:05","date_gmt":"2026-02-14T19:07:05","guid":{"rendered":"https:\/\/fysiolab.dk\/product\/sissel-venosoft-venepute\/"},"modified":"2026-02-14T20:07:05","modified_gmt":"2026-02-14T19:07:05","slug":"sissel-venosoft-venepute","status":"publish","type":"product","link":"https:\/\/fysiolab.dk\/no\/product\/sissel-venosoft-venepute\/","title":{"rendered":"Sissel VenoSoft Venepute"},"content":{"rendered":"<h3 data-start=\"0\" data-end=\"32\">SISSEL Venosoft Recovery-pute<\/h3>\n<p data-start=\"34\" data-end=\"344\"><span class=\"hover:entity-accent entity-underline inline cursor-pointer align-baseline\"><span class=\"whitespace-normal\">SISSEL<\/span><\/span> Venosoft Recovery Cushion er utviklet for effektiv benheving og m\u00e5lrettet avlastning av underben og f\u00f8tter. Kombinasjonen av en stabil skumkjerne og et 3 cm trykkavlastende viskoelastisk topplag sikrer b\u00e5de korrekt posisjonering og h\u00f8y komfort - selv under lange hvileperioder. <\/p>\n<h3 data-start=\"346\" data-end=\"369\">Hvordan puten hjelper<\/h3>\n<p data-start=\"371\" data-end=\"536\">N\u00e5r beina er hevet over hjerteniv\u00e5, st\u00f8ttes ven\u00f8s retur. Det betyr at blod og v\u00e6ske lettere transporteres bort fra underbena, noe som kan f\u00f8re til <\/p>\n<ul data-start=\"538\" data-end=\"721\">\n<li data-start=\"538\" data-end=\"577\">\n<p data-start=\"540\" data-end=\"577\">Reduserer hevelse i f\u00f8tter og ankler<\/p>\n<\/li>\n<li data-start=\"578\" data-end=\"621\">\n<p data-start=\"580\" data-end=\"621\">Reduserer f\u00f8lelsen av tunge og trette ben<\/p>\n<\/li>\n<li data-start=\"622\" data-end=\"657\">\n<p data-start=\"624\" data-end=\"657\">Lindre spenninger og kramper i leggene<\/p>\n<\/li>\n<li data-start=\"658\" data-end=\"721\">\n<p data-start=\"660\" data-end=\"721\">St\u00f8tter restitusjon etter idrett eller lange arbeidsdager<\/p>\n<\/li>\n<\/ul>\n<p data-start=\"723\" data-end=\"931\">Den ergonomiske kileformen s\u00f8rger for en naturlig strekk i kne og hofte, mens h\u00e6lkilen reduserer trykket rundt h\u00e6len og akillessenen. Resultatet er en komfortabel, stabil og anatomisk korrekt hvilestilling. <\/p>\n<h3 data-start=\"933\" data-end=\"962\">Egnet under graviditet<\/h3>\n<p data-start=\"964\" data-end=\"1203\">Under svangerskapet opplever mange kvinner hovne ben og f\u00f8tter p\u00e5 grunn av \u00f8kt blodvolum og trykk fra livmoren p\u00e5 venekarene. Venosoft Recovery Cushion kan v\u00e6re en effektiv og sk\u00e5nsom l\u00f8sning. Med regelmessig benl\u00f8ft kan puten:  <\/p>\n<ul data-start=\"1205\" data-end=\"1342\">\n<li data-start=\"1205\" data-end=\"1246\">\n<p data-start=\"1207\" data-end=\"1246\">Lindre v\u00e6skeansamlinger i underbena<\/p>\n<\/li>\n<li data-start=\"1247\" data-end=\"1286\">\n<p data-start=\"1249\" data-end=\"1286\">Reduserer ubehag og spenninger i beina<\/p>\n<\/li>\n<li data-start=\"1287\" data-end=\"1342\">\n<p data-start=\"1289\" data-end=\"1342\">Gir en mer avslappet og komfortabel hvilestilling<\/p>\n<\/li>\n<\/ul>\n<p data-start=\"1344\" data-end=\"1442\">Den myke, trykkfordelende overflaten gj\u00f8r den spesielt behagelig n\u00e5r kroppen allerede er under belastning.<\/p>\n<h3 data-start=\"1444\" data-end=\"1468\">Tilgjengelig i to st\u00f8rrelser:<\/h3>\n<ul data-start=\"1469\" data-end=\"1612\">\n<li data-start=\"1469\" data-end=\"1542\">\n<p data-start=\"1471\" data-end=\"1542\"><strong data-start=\"1471\" data-end=\"1481\">Small:<\/strong> 65 \u00d7 50 \u00d7 22 cm (anbefalt for personer opp til ca. 165 cm)<\/p>\n<\/li>\n<li data-start=\"1543\" data-end=\"1612\">\n<p data-start=\"1545\" data-end=\"1612\"><strong data-start=\"1545\" data-end=\"1555\">Large:<\/strong> 78 \u00d7 50 \u00d7 22 cm (anbefalt for personer over ca. 165 cm)<\/p>\n<\/li>\n<\/ul>\n<p data-start=\"1614\" data-end=\"1758\" data-is-last-node=\"\" data-is-only-node=\"\">En profesjonell l\u00f8sning for b\u00e5de hjemmebruk og klinikkbruk - ideell for ven\u00f8se plager, restitusjon og i perioder med \u00f8kt stress, for eksempel under graviditet.<\/p>\n","protected":false},"excerpt":{"rendered":"<h6 class=\"sr-only\"><strong style=\"font-family: -apple-system, BlinkMacSystemFont, 'Segoe UI', Roboto, 'Helvetica Neue', Arial, 'Noto Sans', sans-serif, 'Apple Color Emoji', 'Segoe UI Emoji', 'Segoe UI Symbol', 'Noto Color Emoji'; font-size: 16px;\" data-start=\"0\" data-end=\"33\" data-is-only-node=\"\">SISSEL Venosoft Recovery-pute<\/strong><span style=\"font-family: -apple-system, BlinkMacSystemFont, 'Segoe UI', Roboto, 'Helvetica Neue', Arial, 'Noto Sans', sans-serif, 'Apple Color Emoji', 'Segoe UI Emoji', 'Segoe UI Symbol', 'Noto Color Emoji'; font-size: 16px;\">  L\u00f8fter bena i en ergonomisk riktig stilling og fremmer blodsirkulasjonen, noe som reduserer hevelser, tunge ben og tretthet. Ideell ved ven\u00f8se plager, ved restitusjon og under graviditet, der den effektivt kan avlaste v\u00e6skeansamlinger i underbena. <\/span><\/h6>\n","protected":false},"featured_media":105152,"comment_status":"closed","ping_status":"closed","template":"","meta":{"_acf_changed":false},"product_brand":[3126],"product_cat":[2520,1937,2517,1941,2518,2519],"product_tag":[2521],"class_list":{"0":"post-105446","1":"product","2":"type-product","3":"status-publish","4":"has-post-thumbnail","6":"product_brand-sissel","7":"product_cat-puter-og-ergonomi","8":"product_cat-merkevarer","9":"product_cat-pulver","10":"product_cat-rekonvalesens-og-sportspleie","11":"product_cat-sissel-no","12":"product_cat-sissel-puter","13":"product_tag-sissel-no","15":"first","16":"instock","17":"taxable","18":"shipping-taxable","19":"purchasable","20":"product-type-variable"},"acf":[],"_links":{"self":[{"href":"https:\/\/fysiolab.dk\/no\/wp-json\/wp\/v2\/product\/105446","targetHints":{"allow":["GET"]}}],"collection":[{"href":"https:\/\/fysiolab.dk\/no\/wp-json\/wp\/v2\/product"}],"about":[{"href":"https:\/\/fysiolab.dk\/no\/wp-json\/wp\/v2\/types\/product"}],"replies":[{"embeddable":true,"href":"https:\/\/fysiolab.dk\/no\/wp-json\/wp\/v2\/comments?post=105446"}],"wp:featuredmedia":[{"embeddable":true,"href":"https:\/\/fysiolab.dk\/no\/wp-json\/wp\/v2\/media\/105152"}],"wp:attachment":[{"href":"https:\/\/fysiolab.dk\/no\/wp-json\/wp\/v2\/media?parent=105446"}],"wp:term":[{"taxonomy":"product_brand","embeddable":true,"href":"https:\/\/fysiolab.dk\/no\/wp-json\/wp\/v2\/product_brand?post=105446"},{"taxonomy":"product_cat","embeddable":true,"href":"https:\/\/fysiolab.dk\/no\/wp-json\/wp\/v2\/product_cat?post=105446"},{"taxonomy":"product_tag","embeddable":true,"href":"https:\/\/fysiolab.dk\/no\/wp-json\/wp\/v2\/product_tag?post=105446"}],"curies":[{"name":"wp","href":"https:\/\/api.w.org\/{rel}","templated":true}]}}