{"id":105579,"date":"2026-02-20T21:05:47","date_gmt":"2026-02-20T20:05:47","guid":{"rendered":"https:\/\/fysiolab.dk\/product\/sklz-reactive-catch-elite\/"},"modified":"2026-02-20T21:05:47","modified_gmt":"2026-02-20T20:05:47","slug":"sklz-reactive-catch-elite","status":"publish","type":"product","link":"https:\/\/fysiolab.dk\/no\/product\/sklz-reactive-catch-elite\/","title":{"rendered":"SKLZ Reactive Catch Elite"},"content":{"rendered":"<h3 data-start=\"0\" data-end=\"79\"><strong data-start=\"3\" data-end=\"79\">SKLZ Reactive Catch Elite - Avansert reaksjons- og koordinasjonstrening<\/strong><\/h3>\n<p data-start=\"81\" data-end=\"464\">SKLZ Reactive Catch Elite er utviklet for \u00e5 trene og forbedre reaksjonsevne, h\u00e5nd-\u00f8ye-koordinasjon, konsentrasjon og rask beslutningstaking. Den innovative designen med flere gripearmer og integrert elastisk rebound-funksjon skaper uforutsigbare bevegelser som tvinger ut\u00f8veren til \u00e5 reagere raskt og presist. Resultatet er en effektiv kombinasjon av fysisk og mental trening.  <\/p>\n<p data-start=\"466\" data-end=\"797\">N\u00e5r ballen kastes eller slippes, vil den endre retning p\u00e5 en uforutsigbar m\u00e5te, noe som simulerer kampsituasjoner der raske reflekser og skarpe reaksjoner er avgj\u00f8rende. Dette gj\u00f8r produktet spesielt egnet for idretter som h\u00e5ndball, fotball, basketball, tennis, baseball og amerikansk fotball - men ogs\u00e5 for generell idrettslig utvikling. <\/p>\n<p data-start=\"799\" data-end=\"1091\">Reactive Catch Elite er laget av slitesterke materialer med ergonomisk formede gripearmer som s\u00f8rger for et sikkert og komfortabelt grep. Den kan brukes b\u00e5de individuelt og i partner\u00f8velser, og fungerer perfekt som en del av oppvarming, teknisk trening eller prestasjonsfremmende \u00f8velser. <\/p>\n<h3 data-start=\"1093\" data-end=\"1105\">Fordeler:<\/h3>\n<ul data-start=\"1106\" data-end=\"1367\">\n<li data-start=\"1106\" data-end=\"1148\">\n<p data-start=\"1108\" data-end=\"1148\">Forbedrer reaksjonstid og koordinasjon<\/p>\n<\/li>\n<li data-start=\"1149\" data-end=\"1196\">\n<p data-start=\"1151\" data-end=\"1196\">Tren p\u00e5 \u00e5 ta raske beslutninger under press<\/p>\n<\/li>\n<li data-start=\"1197\" data-end=\"1256\">\n<p data-start=\"1199\" data-end=\"1256\">Skaper uforutsigbare bevegelser for realistisk trening<\/p>\n<\/li>\n<li data-start=\"1257\" data-end=\"1312\">\n<p data-start=\"1259\" data-end=\"1312\">Egnet for b\u00e5de individuell trening og gruppetrening<\/p>\n<\/li>\n<li data-start=\"1313\" data-end=\"1367\">\n<p data-start=\"1315\" data-end=\"1367\">Robust og kompakt design - lett \u00e5 ta med seg overalt<\/p>\n<\/li>\n<\/ul>\n<p data-start=\"1369\" data-end=\"1553\">SKLZ Reactive Catch Elite er det ideelle treningsverkt\u00f8yet for idrettsut\u00f8vere som \u00f8nsker \u00e5 skjerpe refleksene sine og f\u00e5 et konkurransefortrinn gjennom m\u00e5lrettet og dynamisk reaksjonstrening.<\/p>\n<p data-start=\"1555\" data-end=\"1646\" data-is-last-node=\"\" data-is-only-node=\"\">\n","protected":false},"excerpt":{"rendered":"<p><strong>SKLZ Reactive Catch Elite forbedrer reaksjonstid, h\u00e5nd-\u00f8ye-koordinasjon og rask beslutningstaking gjennom uforutsigbare bevegelser. Den innovative designen utfordrer b\u00e5de kropp og sinn, noe som gj\u00f8r treningen mer dynamisk og realistisk. Ideell for idrettsut\u00f8vere som \u00f8nsker \u00e5 skjerpe refleksene sine og f\u00e5 et konkurransefortrinn.  <\/strong><\/p>\n","protected":false},"featured_media":105570,"comment_status":"closed","ping_status":"closed","template":"","meta":{"_acf_changed":false},"product_brand":[3132],"product_cat":[1937,2207,2208,1945],"product_tag":[],"class_list":{"0":"post-105579","1":"product","2":"type-product","3":"status-publish","4":"has-post-thumbnail","6":"product_brand-sklz","7":"product_cat-merkevarer","8":"product_cat-sklz-no","9":"product_cat-sklz-no-2","10":"product_cat-treningsutstyr","12":"first","13":"instock","14":"taxable","15":"shipping-taxable","16":"purchasable","17":"product-type-simple"},"acf":[],"_links":{"self":[{"href":"https:\/\/fysiolab.dk\/no\/wp-json\/wp\/v2\/product\/105579","targetHints":{"allow":["GET"]}}],"collection":[{"href":"https:\/\/fysiolab.dk\/no\/wp-json\/wp\/v2\/product"}],"about":[{"href":"https:\/\/fysiolab.dk\/no\/wp-json\/wp\/v2\/types\/product"}],"replies":[{"embeddable":true,"href":"https:\/\/fysiolab.dk\/no\/wp-json\/wp\/v2\/comments?post=105579"}],"wp:featuredmedia":[{"embeddable":true,"href":"https:\/\/fysiolab.dk\/no\/wp-json\/wp\/v2\/media\/105570"}],"wp:attachment":[{"href":"https:\/\/fysiolab.dk\/no\/wp-json\/wp\/v2\/media?parent=105579"}],"wp:term":[{"taxonomy":"product_brand","embeddable":true,"href":"https:\/\/fysiolab.dk\/no\/wp-json\/wp\/v2\/product_brand?post=105579"},{"taxonomy":"product_cat","embeddable":true,"href":"https:\/\/fysiolab.dk\/no\/wp-json\/wp\/v2\/product_cat?post=105579"},{"taxonomy":"product_tag","embeddable":true,"href":"https:\/\/fysiolab.dk\/no\/wp-json\/wp\/v2\/product_tag?post=105579"}],"curies":[{"name":"wp","href":"https:\/\/api.w.org\/{rel}","templated":true}]}}