{"id":105636,"date":"2026-02-20T21:45:21","date_gmt":"2026-02-20T20:45:21","guid":{"rendered":"https:\/\/fysiolab.dk\/product\/gymnic-terapi-og-sanseball-oe65-og-oe100-cm\/"},"modified":"2026-02-20T21:52:06","modified_gmt":"2026-02-20T20:52:06","slug":"gymnic-terapi-og-sanseball-oe65-og-oe100-cm","status":"publish","type":"product","link":"https:\/\/fysiolab.dk\/no\/product\/gymnic-terapi-og-sanseball-oe65-og-oe100-cm\/","title":{"rendered":"Gymnic terapi- og sanseball \u00d865 og \u00d8100 cm"},"content":{"rendered":"<h3 data-start=\"51\" data-end=\"96\">Gymnic terapi- og sanseball \u00d865 og \u00d8100 cm<\/h3>\n<p data-start=\"98\" data-end=\"465\">Gymnic TheaSensory Stimulating Ball er en trenings- og terapiball med en unik overflate dekket med sm\u00e5 knotter som gir sensorisk stimulering og en behagelig massasjeeffekt. Ballen fremmer blodsirkulasjon, sanseintegrasjon og kroppsbevissthet, noe som gj\u00f8r den velegnet til bevegelighets\u00f8velser, balanse-, styrke- og stabilitetstrening, fysioterapi og rehabilitering. <\/p>\n<p data-start=\"467\" data-end=\"787\">Ballen er tilgjengelig i forskjellige st\u00f8rrelser for \u00e5 passe til brukerens behov og treningsstil. Den robuste konstruksjonen sikrer trygg bruk under egen kroppsvekt eller assisterte \u00f8velser, og den strukturerte overflaten l\u00f8sner opp muskulaturen, stimulerer sansereseptorene og gj\u00f8r treningen mer effektiv og engasjerende. <\/p>\n<p data-start=\"467\" data-end=\"787\"><strong>Gr\u00f8nn \u00d865 cm og r\u00f8d \u00d8100 cm<\/strong><\/p>\n","protected":false},"excerpt":{"rendered":"<p><strong>Gymnic TheaSensory Stimulating Ball er en trenings- og terapiball med sm\u00e5 knotter som gir sensorisk stimulering og sk\u00e5nsom massasje. Den fremmer blodsirkulasjon, kroppsbevissthet og balanse og egner seg for fysioterapi, rehabilitering og funksjonell trening. Robust og allsidig for b\u00e5de individuelle \u00f8velser og gruppetrening.  <\/strong><\/p>\n","protected":false},"featured_media":105631,"comment_status":"closed","ping_status":"closed","template":"","meta":{"_acf_changed":false},"product_brand":[3116],"product_cat":[1948,1958,1937,2223,2225,1945],"product_tag":[1959,1944],"class_list":{"0":"post-105636","1":"product","2":"type-product","3":"status-publish","4":"has-post-thumbnail","6":"product_brand-gymnic","7":"product_cat-klinikk","8":"product_cat-gymnic-no","9":"product_cat-merkevarer","10":"product_cat-treningsballer","11":"product_cat-treningsballer-no","12":"product_cat-treningsutstyr","13":"product_tag-gymnic-no","14":"product_tag-rehabmedic-no","16":"first","17":"instock","18":"taxable","19":"shipping-taxable","20":"purchasable","21":"product-type-variable"},"acf":[],"_links":{"self":[{"href":"https:\/\/fysiolab.dk\/no\/wp-json\/wp\/v2\/product\/105636","targetHints":{"allow":["GET"]}}],"collection":[{"href":"https:\/\/fysiolab.dk\/no\/wp-json\/wp\/v2\/product"}],"about":[{"href":"https:\/\/fysiolab.dk\/no\/wp-json\/wp\/v2\/types\/product"}],"replies":[{"embeddable":true,"href":"https:\/\/fysiolab.dk\/no\/wp-json\/wp\/v2\/comments?post=105636"}],"wp:featuredmedia":[{"embeddable":true,"href":"https:\/\/fysiolab.dk\/no\/wp-json\/wp\/v2\/media\/105631"}],"wp:attachment":[{"href":"https:\/\/fysiolab.dk\/no\/wp-json\/wp\/v2\/media?parent=105636"}],"wp:term":[{"taxonomy":"product_brand","embeddable":true,"href":"https:\/\/fysiolab.dk\/no\/wp-json\/wp\/v2\/product_brand?post=105636"},{"taxonomy":"product_cat","embeddable":true,"href":"https:\/\/fysiolab.dk\/no\/wp-json\/wp\/v2\/product_cat?post=105636"},{"taxonomy":"product_tag","embeddable":true,"href":"https:\/\/fysiolab.dk\/no\/wp-json\/wp\/v2\/product_tag?post=105636"}],"curies":[{"name":"wp","href":"https:\/\/api.w.org\/{rel}","templated":true}]}}