{"id":105680,"date":"2026-02-20T22:45:28","date_gmt":"2026-02-20T21:45:28","guid":{"rendered":"https:\/\/fysiolab.dk\/product\/vendex-cover-shower-leg-vanntett-beskyttelse-for-gipsbeinet-ditt\/"},"modified":"2026-02-21T21:57:49","modified_gmt":"2026-02-21T20:57:49","slug":"vendex-cover-shower-leg-vanntett-beskyttelse-for-gipsbeinet-ditt","status":"publish","type":"product","link":"https:\/\/fysiolab.dk\/no\/product\/vendex-cover-shower-leg-vanntett-beskyttelse-for-gipsbeinet-ditt\/","title":{"rendered":"Vendex Cover Dusjbein"},"content":{"rendered":"<p data-start=\"0\" data-end=\"254\"><strong data-start=\"0\" data-end=\"29\">Vendex Cover Shower Leg<\/strong> er en praktisk og p\u00e5litelig beskyttelse for benet for kortvarig bruk - for eksempel under dusjing. Trekket bidrar til \u00e5 holde bandasjer, plaster eller s\u00e5r t\u00f8rre og beskyttet mot vann, slik at du kan dusje uten bekymringer. <\/p>\n<p data-start=\"256\" data-end=\"356\">Produktet er enkelt \u00e5 ta av og p\u00e5, og kan enkelt brukes flere ganger ved regelmessig, lett bruk.<\/p>\n<p data-start=\"358\" data-end=\"491\" data-is-last-node=\"\" data-is-only-node=\"\">Hvis du trenger en mer slitesterk l\u00f8sning for aktiv bruk og bevegelse, anbefaler vi at du tar en n\u00e6rmere titt p\u00e5 Vendex Cover Active-produktene.<\/p>\n","protected":false},"excerpt":{"rendered":"<p>Beregnet for kortvarig bruk, for eksempel i dusjen. Men den kan lett brukes flere ganger. <\/p>\n<p>For mer aktiv bruk, se Vendex Cover Aktiv-produktene.<\/p>\n","protected":false},"featured_media":105688,"comment_status":"closed","ping_status":"closed","template":"","meta":{"_acf_changed":false},"product_brand":[3151],"product_cat":[1937,2101,2492],"product_tag":[2493],"class_list":{"0":"post-105680","1":"product","2":"type-product","3":"status-publish","4":"has-post-thumbnail","6":"product_brand-vendex","7":"product_cat-merkevarer","8":"product_cat-beskyttelse-av-gips","9":"product_cat-vendex-no","10":"product_tag-vendex-no","12":"first","13":"instock","14":"taxable","15":"shipping-taxable","16":"purchasable","17":"product-type-variable"},"acf":[],"_links":{"self":[{"href":"https:\/\/fysiolab.dk\/no\/wp-json\/wp\/v2\/product\/105680","targetHints":{"allow":["GET"]}}],"collection":[{"href":"https:\/\/fysiolab.dk\/no\/wp-json\/wp\/v2\/product"}],"about":[{"href":"https:\/\/fysiolab.dk\/no\/wp-json\/wp\/v2\/types\/product"}],"replies":[{"embeddable":true,"href":"https:\/\/fysiolab.dk\/no\/wp-json\/wp\/v2\/comments?post=105680"}],"wp:featuredmedia":[{"embeddable":true,"href":"https:\/\/fysiolab.dk\/no\/wp-json\/wp\/v2\/media\/105688"}],"wp:attachment":[{"href":"https:\/\/fysiolab.dk\/no\/wp-json\/wp\/v2\/media?parent=105680"}],"wp:term":[{"taxonomy":"product_brand","embeddable":true,"href":"https:\/\/fysiolab.dk\/no\/wp-json\/wp\/v2\/product_brand?post=105680"},{"taxonomy":"product_cat","embeddable":true,"href":"https:\/\/fysiolab.dk\/no\/wp-json\/wp\/v2\/product_cat?post=105680"},{"taxonomy":"product_tag","embeddable":true,"href":"https:\/\/fysiolab.dk\/no\/wp-json\/wp\/v2\/product_tag?post=105680"}],"curies":[{"name":"wp","href":"https:\/\/api.w.org\/{rel}","templated":true}]}}