{"id":105712,"date":"2026-02-20T23:23:06","date_gmt":"2026-02-20T22:23:06","guid":{"rendered":"https:\/\/fysiolab.dk\/product\/vendex-cover-dusjarm\/"},"modified":"2026-02-21T21:58:12","modified_gmt":"2026-02-21T20:58:12","slug":"vendex-cover-dusjarm","status":"publish","type":"product","link":"https:\/\/fysiolab.dk\/no\/product\/vendex-cover-dusjarm\/","title":{"rendered":"Vendex Cover Dusjarm"},"content":{"rendered":"<p data-start=\"0\" data-end=\"229\"><strong data-start=\"0\" data-end=\"29\">Vendex Cover Shower Arm<\/strong> er en praktisk og trygg beskyttelse for armen n\u00e5r du for eksempel dusjer. Coveret holder plaster, bandasjer eller s\u00e5r t\u00f8rre og beskytter effektivt mot vann, slik at du kan dusje med ro i sinnet. <\/p>\n<p data-start=\"231\" data-end=\"308\">Trekket er enkelt \u00e5 ta av og p\u00e5, og det kan gjenbrukes ved regelmessig, lett bruk.<\/p>\n<p data-start=\"310\" data-end=\"460\"><strong data-start=\"310\" data-end=\"319\">Large<\/strong> er spesielt godt egnet for dem som har en \"b\u00f8yd\" gipsarm, der gipsen g\u00e5r over albuen, og som derfor trenger ekstra lengde og plass.<\/p>\n<p data-start=\"462\" data-end=\"582\" data-is-last-node=\"\" data-is-only-node=\"\">Hvis du trenger en mer holdbar l\u00f8sning for aktiv bruk, anbefaler vi at du tar en n\u00e6rmere titt p\u00e5 Vendex Cover AKTIV-produktene.<\/p>\n","protected":false},"excerpt":{"rendered":"<p>Beregnet for bruk i for eksempel dusjen. Trekket er gjenbrukbart. <\/p>\n<p>For mer aktiv bruk, se Vendex Cover AKTIV-produktene.<\/p>\n","protected":false},"featured_media":105724,"comment_status":"closed","ping_status":"closed","template":"","meta":{"_acf_changed":false},"product_brand":[3151],"product_cat":[1937,2101,2492],"product_tag":[2493],"class_list":{"0":"post-105712","1":"product","2":"type-product","3":"status-publish","4":"has-post-thumbnail","6":"product_brand-vendex","7":"product_cat-merkevarer","8":"product_cat-beskyttelse-av-gips","9":"product_cat-vendex-no","10":"product_tag-vendex-no","12":"first","13":"instock","14":"taxable","15":"shipping-taxable","16":"purchasable","17":"product-type-variable"},"acf":[],"_links":{"self":[{"href":"https:\/\/fysiolab.dk\/no\/wp-json\/wp\/v2\/product\/105712","targetHints":{"allow":["GET"]}}],"collection":[{"href":"https:\/\/fysiolab.dk\/no\/wp-json\/wp\/v2\/product"}],"about":[{"href":"https:\/\/fysiolab.dk\/no\/wp-json\/wp\/v2\/types\/product"}],"replies":[{"embeddable":true,"href":"https:\/\/fysiolab.dk\/no\/wp-json\/wp\/v2\/comments?post=105712"}],"wp:featuredmedia":[{"embeddable":true,"href":"https:\/\/fysiolab.dk\/no\/wp-json\/wp\/v2\/media\/105724"}],"wp:attachment":[{"href":"https:\/\/fysiolab.dk\/no\/wp-json\/wp\/v2\/media?parent=105712"}],"wp:term":[{"taxonomy":"product_brand","embeddable":true,"href":"https:\/\/fysiolab.dk\/no\/wp-json\/wp\/v2\/product_brand?post=105712"},{"taxonomy":"product_cat","embeddable":true,"href":"https:\/\/fysiolab.dk\/no\/wp-json\/wp\/v2\/product_cat?post=105712"},{"taxonomy":"product_tag","embeddable":true,"href":"https:\/\/fysiolab.dk\/no\/wp-json\/wp\/v2\/product_tag?post=105712"}],"curies":[{"name":"wp","href":"https:\/\/api.w.org\/{rel}","templated":true}]}}