{"id":105979,"date":"2026-02-26T21:25:21","date_gmt":"2026-02-26T20:25:21","guid":{"rendered":"https:\/\/fysiolab.dk\/product\/burncare-burncare-burn-compress-ansiktsvariant-30-x-40-cm\/"},"modified":"2026-02-26T21:25:21","modified_gmt":"2026-02-26T20:25:21","slug":"burncare-burncare-burn-compress-ansiktsvariant-30-x-40-cm","status":"publish","type":"product","link":"https:\/\/fysiolab.dk\/no\/product\/burncare-burncare-burn-compress-ansiktsvariant-30-x-40-cm\/","title":{"rendered":"Burncare Burncare Burn Compress - Ansiktsvariant 30 x 40 cm"},"content":{"rendered":"<article class=\"text-token-text-primary w-full focus:outline-none [--shadow-height:45px] has-data-writing-block:pointer-events-none has-data-writing-block:-mt-(--shadow-height) has-data-writing-block:pt-(--shadow-height) [&amp;:has([data-writing-block])&gt;*]:pointer-events-auto [content-visibility:auto] supports-[content-visibility:auto]:[contain-intrinsic-size:auto_100lvh] scroll-mt-[calc(var(--header-height)+min(200px,max(70px,20svh)))]\" dir=\"auto\" tabindex=\"-1\" data-turn-id=\"request-WEB:32dce907-338e-4903-adcc-6e0d23e67347-291\" data-testid=\"conversation-turn-182\" data-scroll-anchor=\"true\" data-turn=\"assistant\">\n<div class=\"text-base my-auto mx-auto pb-10 [--thread-content-margin:--spacing(4)] thread-sm:[--thread-content-margin:--spacing(6)] thread-lg:[--thread-content-margin:--spacing(16)] px-(--thread-content-margin)\">\n<div class=\"[--thread-content-max-width:40rem] thread-lg:[--thread-content-max-width:48rem] mx-auto max-w-(--thread-content-max-width) flex-1 group\/turn-messages focus-visible:outline-hidden relative flex w-full min-w-0 flex-col agent-turn\" tabindex=\"-1\">\n<div class=\"flex max-w-full flex-col grow\">\n<div class=\"min-h-8 text-message relative flex w-full flex-col items-end gap-2 text-start break-words whitespace-normal [.text-message+&amp;]:mt-1\" dir=\"auto\" data-message-author-role=\"assistant\" data-message-id=\"e323a514-141a-4c87-acd4-9d6940673287\" data-message-model-slug=\"gpt-5-2\">\n<div class=\"flex w-full flex-col gap-1 empty:hidden first:pt-[1px]\">\n<div class=\"markdown prose dark:prose-invert w-full break-words light markdown-new-styling\">\n<h3 data-start=\"0\" data-end=\"67\"><strong data-start=\"3\" data-end=\"65\">Burncare Brannskadekompress - ansiktsvariant (30 \u00d7 40 cm)<\/strong><\/h3>\n<p data-start=\"69\" data-end=\"475\">BurnCare Facial Compress er en steril, gelbasert bandasje som er utviklet spesielt for behandling av brannskader og sk\u00e5lding i ansiktet. Med en st\u00f8rrelse p\u00e5 <strong data-start=\"228\" data-end=\"242\">30 \u00d7 40 cm<\/strong> gir den bred og omfattende beskyttelse av de f\u00f8lsomme omr\u00e5dene i ansiktet. Den vannbaserte hydrogelen (med et sv\u00e6rt h\u00f8yt vanninnhold) gir umiddelbar og effektiv nedkj\u00f8ling, noe som reduserer smerte og bidrar til \u00e5 begrense varmeskader p\u00e5 vevet.  <\/p>\n<p data-start=\"477\" data-end=\"732\">Kompressen er utformet for \u00e5 forme seg etter ansiktets konturer, og gir sk\u00e5nsom dekning uten \u00e5 klebe seg til huden. Den fuktighetsgivende gelen skaper et optimalt s\u00e5rmilj\u00f8 som st\u00f8tter helingsprosessen samtidig som den beskytter mot forurensning utenfra. <\/p>\n<p data-start=\"734\" data-end=\"986\" data-is-last-node=\"\" data-is-only-node=\"\">Egnet for f\u00f8rstehjelp ved mindre brannskader, sk\u00e5lding og solskader i ansiktet - b\u00e5de i klinisk praksis, p\u00e5 arbeidsplassen og som en del av profesjonelle f\u00f8rstehjelpsutstyr der rask smertelindring og korrekt f\u00f8rstebehandling er avgj\u00f8rende.<\/p>\n<\/div>\n<\/div>\n<\/div>\n<\/div>\n<div class=\"z-0 flex min-h-[46px] justify-start\"><\/div>\n<div class=\"mt-3 w-full empty:hidden\">\n<div class=\"text-center\"><\/div>\n<\/div>\n<\/div>\n<\/div>\n<\/article>\n<div class=\"pointer-events-none h-px w-px\" aria-hidden=\"true\" data-edge=\"true\"><\/div>\n","protected":false},"excerpt":{"rendered":"<p><strong>Burncare Facial Compress (30 \u00d7 40 cm) er en steril hydrogelbandasje som gir umiddelbar nedkj\u00f8ling og effektiv smertelindring ved brannskader og sk\u00e5lding i ansiktet. Den tilpasser seg ansiktets konturer, fester seg ikke til huden og skaper et fuktig, beskyttende s\u00e5rmilj\u00f8. Ideell for profesjonell f\u00f8rstehjelp der rask og sk\u00e5nsom behandling er avgj\u00f8rende.  <\/strong><\/p>\n","protected":false},"featured_media":105976,"comment_status":"closed","ping_status":"closed","template":"","meta":{"_acf_changed":false},"product_brand":[3117],"product_cat":[1937,2770,1942,1941],"product_tag":[2771,1944],"class_list":{"0":"post-105979","1":"product","2":"type-product","3":"status-publish","4":"has-post-thumbnail","6":"product_brand-burncare","7":"product_cat-merkevarer","8":"product_cat-burncare-no","9":"product_cat-foerstehjelp","10":"product_cat-rekonvalesens-og-sportspleie","11":"product_tag-burncare-no","12":"product_tag-rehabmedic-no","14":"first","15":"instock","16":"taxable","17":"shipping-taxable","18":"purchasable","19":"product-type-simple"},"acf":[],"_links":{"self":[{"href":"https:\/\/fysiolab.dk\/no\/wp-json\/wp\/v2\/product\/105979","targetHints":{"allow":["GET"]}}],"collection":[{"href":"https:\/\/fysiolab.dk\/no\/wp-json\/wp\/v2\/product"}],"about":[{"href":"https:\/\/fysiolab.dk\/no\/wp-json\/wp\/v2\/types\/product"}],"replies":[{"embeddable":true,"href":"https:\/\/fysiolab.dk\/no\/wp-json\/wp\/v2\/comments?post=105979"}],"wp:featuredmedia":[{"embeddable":true,"href":"https:\/\/fysiolab.dk\/no\/wp-json\/wp\/v2\/media\/105976"}],"wp:attachment":[{"href":"https:\/\/fysiolab.dk\/no\/wp-json\/wp\/v2\/media?parent=105979"}],"wp:term":[{"taxonomy":"product_brand","embeddable":true,"href":"https:\/\/fysiolab.dk\/no\/wp-json\/wp\/v2\/product_brand?post=105979"},{"taxonomy":"product_cat","embeddable":true,"href":"https:\/\/fysiolab.dk\/no\/wp-json\/wp\/v2\/product_cat?post=105979"},{"taxonomy":"product_tag","embeddable":true,"href":"https:\/\/fysiolab.dk\/no\/wp-json\/wp\/v2\/product_tag?post=105979"}],"curies":[{"name":"wp","href":"https:\/\/api.w.org\/{rel}","templated":true}]}}