{"id":106046,"date":"2026-02-28T09:39:16","date_gmt":"2026-02-28T08:39:16","guid":{"rendered":"https:\/\/fysiolab.dk\/product\/rehabmedic-vaginalprobe-for-em2400-inkontinensstimulator\/"},"modified":"2026-02-28T09:39:16","modified_gmt":"2026-02-28T08:39:16","slug":"rehabmedic-vaginalprobe-for-em2400-inkontinensstimulator","status":"publish","type":"product","link":"https:\/\/fysiolab.dk\/no\/product\/rehabmedic-vaginalprobe-for-em2400-inkontinensstimulator\/","title":{"rendered":"RehabMedic Vaginalprobe for EM2400 Inkontinensstimulator"},"content":{"rendered":"<p data-start=\"0\" data-end=\"445\">RehabMedic Vaginal Probe (RMXPR02) er en intravaginal elektrode av h\u00f8y kvalitet som er utviklet spesielt for \u00e5 fungere sammen med inkontinensstimulatoren EM2400. Den plasseres enkelt og komfortabelt i skjeden, der den s\u00f8rger for at de elektriske impulsene fra EM2400 ledes direkte til bekkenbunnsmuskulaturen. Dette gir m\u00e5lrettet stimulering som styrker musklene, forbedrer kontrollen og bidrar til \u00e5 redusere symptomer p\u00e5 b\u00e5de stress- og tranginkontinens.  <\/p>\n<p data-start=\"447\" data-end=\"834\">Sonden er ergonomisk utformet for \u00e5 kunne brukes trygt og komfortabelt b\u00e5de i kliniske behandlinger og hjemme. Den gir mulighet for effektiv bekkenbunnsrehabilitering der brukeren kan kombinere stimulering med aktive bekkenbunns\u00f8velser for maksimal effekt. Som en del av EM2400-systemet er den en viktig komponent som gj\u00f8r treningen mer presis, dokumenterbar og enkel \u00e5 gjennomf\u00f8re.  <\/p>\n<p data-start=\"836\" data-end=\"1152\" data-is-last-node=\"\" data-is-only-node=\"\">Elektroden er ogs\u00e5 laget av h\u00f8ykvalitetsmaterialer som er hudvennlige og enkle \u00e5 rengj\u00f8re, noe som sikrer langvarig bruk og optimal hygiene. RehabMedic Vaginal Probe er en profesjonell og p\u00e5litelig l\u00f8sning som sammen med EM2400 utgj\u00f8r et komplett system for bekkenbunnstrening og -behandling. <\/p>\n<p data-start=\"836\" data-end=\"1152\" data-is-last-node=\"\" data-is-only-node=\"\"><a href=\"https:\/\/fysiolab.dk\/no\/product\/em2400-inkontinensstimulator\/\"><strong>Sonden brukes sammen med EM2400 Inkontinensstimulator  <\/strong><\/a><\/p>\n","protected":false},"excerpt":{"rendered":"<p><strong>RehabMedic Vaginal Probe er en komfortabel intravaginal elektrode som brukes sammen med inkontinensstimulatoren EM2400. Den s\u00f8rger for at impulsene ledes direkte til bekkenbunnsmuskulaturen, noe som styrker musklene, forbedrer kontrollen og reduserer inkontinens. Ideell for b\u00e5de hjemmebruk og klinisk bruk som en komplett og effektiv treningsl\u00f8sning.  <\/strong><\/p>\n","protected":false},"featured_media":106043,"comment_status":"closed","ping_status":"closed","template":"","meta":{"_acf_changed":false},"product_brand":[3087],"product_cat":[1937,1943],"product_tag":[1944],"class_list":{"0":"post-106046","1":"product","2":"type-product","3":"status-publish","4":"has-post-thumbnail","6":"product_brand-rehabmedic","7":"product_cat-merkevarer","8":"product_cat-rehabmedic-no","9":"product_tag-rehabmedic-no","11":"first","12":"instock","13":"taxable","14":"shipping-taxable","15":"purchasable","16":"product-type-simple"},"acf":[],"_links":{"self":[{"href":"https:\/\/fysiolab.dk\/no\/wp-json\/wp\/v2\/product\/106046","targetHints":{"allow":["GET"]}}],"collection":[{"href":"https:\/\/fysiolab.dk\/no\/wp-json\/wp\/v2\/product"}],"about":[{"href":"https:\/\/fysiolab.dk\/no\/wp-json\/wp\/v2\/types\/product"}],"replies":[{"embeddable":true,"href":"https:\/\/fysiolab.dk\/no\/wp-json\/wp\/v2\/comments?post=106046"}],"wp:featuredmedia":[{"embeddable":true,"href":"https:\/\/fysiolab.dk\/no\/wp-json\/wp\/v2\/media\/106043"}],"wp:attachment":[{"href":"https:\/\/fysiolab.dk\/no\/wp-json\/wp\/v2\/media?parent=106046"}],"wp:term":[{"taxonomy":"product_brand","embeddable":true,"href":"https:\/\/fysiolab.dk\/no\/wp-json\/wp\/v2\/product_brand?post=106046"},{"taxonomy":"product_cat","embeddable":true,"href":"https:\/\/fysiolab.dk\/no\/wp-json\/wp\/v2\/product_cat?post=106046"},{"taxonomy":"product_tag","embeddable":true,"href":"https:\/\/fysiolab.dk\/no\/wp-json\/wp\/v2\/product_tag?post=106046"}],"curies":[{"name":"wp","href":"https:\/\/api.w.org\/{rel}","templated":true}]}}