{"id":106054,"date":"2026-02-28T09:49:38","date_gmt":"2026-02-28T08:49:38","guid":{"rendered":"https:\/\/fysiolab.dk\/product\/rehabmedic-vaginal-interlax-sonde-for-em2400-inkontinensstimulator\/"},"modified":"2026-02-28T09:49:38","modified_gmt":"2026-02-28T08:49:38","slug":"rehabmedic-vaginal-interlax-sonde-for-em2400-inkontinensstimulator","status":"publish","type":"product","link":"https:\/\/fysiolab.dk\/no\/product\/rehabmedic-vaginal-interlax-sonde-for-em2400-inkontinensstimulator\/","title":{"rendered":"RehabMedic Vaginal Interlax-sonde for EM2400 inkontinensstimulator"},"content":{"rendered":"<p data-start=\"0\" data-end=\"395\">RehabMedic Interlax Vaginal Probe (PR08A) er en profesjonell intravaginal elektrode med to elektroder som er utviklet for bruk med inkontinensstimulatoren EM2400. Den s\u00f8rger for at de elektriske impulsene ledes direkte til bekkenbunnsmuskulaturen, noe som gir effektiv stimulering, styrker musklene, forbedrer kontrollen og bidrar til \u00e5 redusere symptomer p\u00e5 b\u00e5de stress- og tranginkontinens. <\/p>\n<p data-start=\"397\" data-end=\"690\">Sonden er ergonomisk utformet med tanke p\u00e5 komfort og sikkerhet, noe som gj\u00f8r den enkel \u00e5 plassere riktig og behagelig \u00e5 bruke under hele behandlingen. Den kan brukes b\u00e5de i kliniske omgivelser og som en del av hjemmeprogrammer, og st\u00f8tter systematisk og m\u00e5lrettet bekkenbunnstrening. <\/p>\n<p data-start=\"692\" data-end=\"1059\" data-is-last-node=\"\" data-is-only-node=\"\">Sonden er laget av slitesterke og hudvennlige materialer, og den er enkel \u00e5 rengj\u00f8re og hygienisk \u00e5 bruke. Den robuste konstruksjonen sikrer lang levetid og optimal funksjonalitet over tid. Som en integrert del av EM2400-systemet gir Interlax Vaginal Probe brukeren og terapeuten en effektiv, trygg og m\u00e5lrettet bekkenbunnsrehabilitering.  <\/p>\n<p data-start=\"692\" data-end=\"1059\" data-is-last-node=\"\" data-is-only-node=\"\"><a href=\"https:\/\/fysiolab.dk\/no\/product\/em2400-inkontinensstimulator\/\"><strong>Sonden brukes sammen med EM2400 Inkontinensstimulator  <\/strong><\/a><\/p>\n","protected":false},"excerpt":{"rendered":"<p><strong>RehabMedic Interlax Vaginal Probe (PR08A) er en ergonomisk intravaginal elektrode som brukes sammen med inkontinensstimulatoren EM2400. Den leder impulser direkte til bekkenbunnsmuskulaturen, noe som styrker musklene, forbedrer kontrollen og reduserer inkontinens. Komfortabel, trygg og egnet for b\u00e5de klinisk bruk og hjemmeprogrammer.  <\/strong><\/p>\n","protected":false},"featured_media":106053,"comment_status":"closed","ping_status":"closed","template":"","meta":{"_acf_changed":false},"product_brand":[3087],"product_cat":[1937,1943],"product_tag":[1944],"class_list":{"0":"post-106054","1":"product","2":"type-product","3":"status-publish","4":"has-post-thumbnail","6":"product_brand-rehabmedic","7":"product_cat-merkevarer","8":"product_cat-rehabmedic-no","9":"product_tag-rehabmedic-no","11":"first","12":"instock","13":"taxable","14":"shipping-taxable","15":"purchasable","16":"product-type-simple"},"acf":[],"_links":{"self":[{"href":"https:\/\/fysiolab.dk\/no\/wp-json\/wp\/v2\/product\/106054","targetHints":{"allow":["GET"]}}],"collection":[{"href":"https:\/\/fysiolab.dk\/no\/wp-json\/wp\/v2\/product"}],"about":[{"href":"https:\/\/fysiolab.dk\/no\/wp-json\/wp\/v2\/types\/product"}],"replies":[{"embeddable":true,"href":"https:\/\/fysiolab.dk\/no\/wp-json\/wp\/v2\/comments?post=106054"}],"wp:featuredmedia":[{"embeddable":true,"href":"https:\/\/fysiolab.dk\/no\/wp-json\/wp\/v2\/media\/106053"}],"wp:attachment":[{"href":"https:\/\/fysiolab.dk\/no\/wp-json\/wp\/v2\/media?parent=106054"}],"wp:term":[{"taxonomy":"product_brand","embeddable":true,"href":"https:\/\/fysiolab.dk\/no\/wp-json\/wp\/v2\/product_brand?post=106054"},{"taxonomy":"product_cat","embeddable":true,"href":"https:\/\/fysiolab.dk\/no\/wp-json\/wp\/v2\/product_cat?post=106054"},{"taxonomy":"product_tag","embeddable":true,"href":"https:\/\/fysiolab.dk\/no\/wp-json\/wp\/v2\/product_tag?post=106054"}],"curies":[{"name":"wp","href":"https:\/\/api.w.org\/{rel}","templated":true}]}}