{"id":106103,"date":"2026-02-28T12:19:46","date_gmt":"2026-02-28T11:19:46","guid":{"rendered":"https:\/\/fysiolab.dk\/product\/sanctband-standard-tanntraadbaand-5-cm-x-35-m\/"},"modified":"2026-02-28T12:19:46","modified_gmt":"2026-02-28T11:19:46","slug":"sanctband-standard-tanntraadbaand-5-cm-x-35-m","status":"publish","type":"product","link":"https:\/\/fysiolab.dk\/no\/product\/sanctband-standard-tanntraadbaand-5-cm-x-35-m\/","title":{"rendered":"SanctBand Standard tanntr\u00e5db\u00e5nd 5 cm x 3,5 m"},"content":{"rendered":"<h3 data-start=\"130\" data-end=\"205\"><strong data-start=\"134\" data-end=\"205\">Standardb\u00e5nd 5 cm x 3,5 m FLOSSBAND - terapeutisk kompresjonsb\u00e5nd<\/strong><\/h3>\n<p data-start=\"207\" data-end=\"671\">Standard Band FLOSSBAND er et terapeutisk flossb\u00e5nd for m\u00e5lrettet kompresjon og mobilisering av muskler, ledd og fascia. Flossing brukes i fysioterapi, trening og rehabilitering for \u00e5 \u00f8ke bevegeligheten, stimulere vev, redusere smerte og forbedre restitusjon ved \u00e5 optimalisere blodgjennomstr\u00f8mning og vevsmobilitet. Standard Band er betydelig tykkere og sterkere enn vanlige elastiske b\u00e5nd, noe som gir h\u00f8y kompresjonskraft for b\u00e5de aktive og passive bevegelser.  <\/p>\n<h3 data-start=\"673\" data-end=\"708\"><strong data-start=\"677\" data-end=\"708\">Varianter og styrkeniv\u00e5er<\/strong><\/h3>\n<p data-start=\"709\" data-end=\"817\">FLOSSBAND er tilgjengelig i flere fargekodede styrker, slik at du kan velge riktig motstandsniv\u00e5 for dine behandlingsbehov:<\/p>\n<ul data-start=\"819\" data-end=\"1271\">\n<li data-start=\"819\" data-end=\"940\">\n<p data-start=\"821\" data-end=\"940\"><strong data-start=\"821\" data-end=\"846\">Niv\u00e5 1 - Gr\u00f8nn (lys):<\/strong> 1,1 mm tykkelse - ideell for lav toleranseterskel, for eksempel ved akutte smerter eller f\u00f8lsomme omr\u00e5der.<\/p>\n<\/li>\n<li data-start=\"941\" data-end=\"1043\">\n<p data-start=\"943\" data-end=\"1043\"><strong data-start=\"943\" data-end=\"970\">Niv\u00e5 2 - Bl\u00e5 (medium):<\/strong> 1,3 mm tykkelse - egnet for moderat kompresjon og vevsstimulering.<\/p>\n<\/li>\n<li data-start=\"1044\" data-end=\"1153\">\n<p data-start=\"1046\" data-end=\"1153\"><strong data-start=\"1046\" data-end=\"1074\">Niv\u00e5 3 - Lilla (sterk):<\/strong> 1,6 mm tykkelse - for mer intens behandling og st\u00f8tte for sterkere muskler.<\/p>\n<\/li>\n<li data-start=\"1154\" data-end=\"1271\">\n<p data-start=\"1156\" data-end=\"1271\"><strong data-start=\"1156\" data-end=\"1188\">Niv\u00e5 4 - Gr\u00e5 (meget sterk):<\/strong> 1,8 mm tykkelse - h\u00f8y kompresjon for avansert behandling og dyp vevsstimulering.<\/p>\n<\/li>\n<\/ul>\n<h3 data-start=\"1273\" data-end=\"1296\"><strong data-start=\"1277\" data-end=\"1296\">Spesifikasjoner<\/strong><\/h3>\n<ul data-start=\"1297\" data-end=\"1500\">\n<li data-start=\"1297\" data-end=\"1317\">\n<p data-start=\"1299\" data-end=\"1317\"><strong data-start=\"1299\" data-end=\"1310\">Bredde:<\/strong> 5 cm<\/p>\n<\/li>\n<li data-start=\"1318\" data-end=\"1339\">\n<p data-start=\"1320\" data-end=\"1339\"><strong data-start=\"1320\" data-end=\"1331\">Lengde:<\/strong> 3,5 m<\/p>\n<\/li>\n<li data-start=\"1340\" data-end=\"1399\">\n<p data-start=\"1342\" data-end=\"1399\"><strong data-start=\"1342\" data-end=\"1356\">Materiale:<\/strong> Elastisk, slitesterkt kompresjonsmateriale<\/p>\n<\/li>\n<li data-start=\"1400\" data-end=\"1500\">\n<p data-start=\"1402\" data-end=\"1500\"><strong data-start=\"1402\" data-end=\"1417\">Bruksomr\u00e5de:<\/strong> Mobilisering, smertelindring, \u00f8kt mobilitet, prehabilitering og rehabilitering<\/p>\n<\/li>\n<\/ul>\n<h3 data-start=\"1502\" data-end=\"1517\"><strong data-start=\"1506\" data-end=\"1517\">Fordeler og fordeler<\/strong><\/h3>\n<ul data-start=\"1518\" data-end=\"1743\">\n<li data-start=\"1518\" data-end=\"1563\">\n<p data-start=\"1520\" data-end=\"1563\">St\u00f8tter <strong data-start=\"1533\" data-end=\"1561\">fascia- og muskeldrenering<\/strong><\/p>\n<\/li>\n<li data-start=\"1564\" data-end=\"1612\">\n<p data-start=\"1566\" data-end=\"1612\">Forbedrer <strong data-start=\"1576\" data-end=\"1610\">bevegelsesm\u00f8nstre og mobilitet<\/strong><\/p>\n<\/li>\n<li data-start=\"1613\" data-end=\"1677\">\n<p data-start=\"1615\" data-end=\"1677\">Egnet for b\u00e5de <strong data-start=\"1633\" data-end=\"1675\">profesjonell behandling og treningsbruk<\/strong><\/p>\n<\/li>\n<li data-start=\"1678\" data-end=\"1743\">\n<p data-start=\"1680\" data-end=\"1743\">Fleksibel og enkel \u00e5 tilpasse til ulike omr\u00e5der og behov<\/p>\n<\/li>\n<\/ul>\n","protected":false},"excerpt":{"rendered":"<p><strong>SanctBand Standard FLOSSBAND 5 cm x 3,5 m er et elastisk kompresjonsb\u00e5nd for fysioterapi og rehabilitering som \u00f8ker bevegeligheten, stimulerer vevet og reduserer smerte. B\u00e5ndet er tilgjengelig i fire fargekodede styrker fra lett til meget sterk, slik at behandlingen kan skreddersys n\u00f8yaktig etter dine behov. <\/strong><\/p>\n","protected":false},"featured_media":106098,"comment_status":"closed","ping_status":"closed","template":"","meta":{"_acf_changed":false},"product_brand":[3235],"product_cat":[1945,2221,2215],"product_tag":[1944,3237],"class_list":{"0":"post-106103","1":"product","2":"type-product","3":"status-publish","4":"has-post-thumbnail","6":"product_brand-sanctband","7":"product_cat-treningsutstyr","8":"product_cat-annet-treningsutstyr","9":"product_cat-treningsbaand","10":"product_tag-rehabmedic-no","11":"product_tag-sanctband","13":"first","14":"instock","15":"taxable","16":"shipping-taxable","17":"purchasable","18":"product-type-variable"},"acf":[],"_links":{"self":[{"href":"https:\/\/fysiolab.dk\/no\/wp-json\/wp\/v2\/product\/106103","targetHints":{"allow":["GET"]}}],"collection":[{"href":"https:\/\/fysiolab.dk\/no\/wp-json\/wp\/v2\/product"}],"about":[{"href":"https:\/\/fysiolab.dk\/no\/wp-json\/wp\/v2\/types\/product"}],"replies":[{"embeddable":true,"href":"https:\/\/fysiolab.dk\/no\/wp-json\/wp\/v2\/comments?post=106103"}],"wp:featuredmedia":[{"embeddable":true,"href":"https:\/\/fysiolab.dk\/no\/wp-json\/wp\/v2\/media\/106098"}],"wp:attachment":[{"href":"https:\/\/fysiolab.dk\/no\/wp-json\/wp\/v2\/media?parent=106103"}],"wp:term":[{"taxonomy":"product_brand","embeddable":true,"href":"https:\/\/fysiolab.dk\/no\/wp-json\/wp\/v2\/product_brand?post=106103"},{"taxonomy":"product_cat","embeddable":true,"href":"https:\/\/fysiolab.dk\/no\/wp-json\/wp\/v2\/product_cat?post=106103"},{"taxonomy":"product_tag","embeddable":true,"href":"https:\/\/fysiolab.dk\/no\/wp-json\/wp\/v2\/product_tag?post=106103"}],"curies":[{"name":"wp","href":"https:\/\/api.w.org\/{rel}","templated":true}]}}