{"id":106159,"date":"2026-02-28T23:06:33","date_gmt":"2026-02-28T22:06:33","guid":{"rendered":"https:\/\/fysiolab.dk\/product\/sanctband-wide-flossing-tape-75-cm-x-2-m\/"},"modified":"2026-02-28T23:06:33","modified_gmt":"2026-02-28T22:06:33","slug":"sanctband-wide-flossing-tape-75-cm-x-2-m","status":"publish","type":"product","link":"https:\/\/fysiolab.dk\/no\/product\/sanctband-wide-flossing-tape-75-cm-x-2-m\/","title":{"rendered":"SanctBand Wide Flossing Tape 7,5 cm x 2 m"},"content":{"rendered":"<div class=\"flex flex-col text-sm pb-25\">\n<article class=\"text-token-text-primary w-full focus:outline-none [--shadow-height:45px] has-data-writing-block:pointer-events-none has-data-writing-block:-mt-(--shadow-height) has-data-writing-block:pt-(--shadow-height) [&amp;:has([data-writing-block])&gt;*]:pointer-events-auto scroll-mt-[calc(var(--header-height)+min(200px,max(70px,20svh)))]\" dir=\"auto\" tabindex=\"-1\" data-turn-id=\"request-WEB:44cd6ab2-52f7-4978-98a6-1fc3b0012c06-17\" data-testid=\"conversation-turn-36\" data-scroll-anchor=\"true\" data-turn=\"assistant\">\n<div class=\"text-base my-auto mx-auto pb-10 [--thread-content-margin:--spacing(4)] @w-sm\/main:[--thread-content-margin:--spacing(6)] @w-lg\/main:[--thread-content-margin:--spacing(16)] px-(--thread-content-margin)\">\n<div class=\"[--thread-content-max-width:40rem] @w-lg\/main:[--thread-content-max-width:48rem] mx-auto max-w-(--thread-content-max-width) flex-1 group\/turn-messages focus-visible:outline-hidden relative flex w-full min-w-0 flex-col agent-turn\" tabindex=\"-1\">\n<div class=\"flex max-w-full flex-col grow\">\n<div class=\"min-h-8 text-message relative flex w-full flex-col items-end gap-2 text-start break-words whitespace-normal [.text-message+&amp;]:mt-1\" dir=\"auto\" data-message-author-role=\"assistant\" data-message-id=\"d50ac7a5-9f68-4306-b2d7-57a2e5073c4c\" data-message-model-slug=\"gpt-5-2\">\n<div class=\"flex w-full flex-col gap-1 empty:hidden first:pt-[1px]\">\n<div class=\"markdown prose dark:prose-invert w-full wrap-break-word light markdown-new-styling\">\n<h3 data-start=\"62\" data-end=\"126\"><strong data-start=\"66\" data-end=\"126\">SanctBand Flossband 7,5 cm - bredt kompresjons- og mobilitetsb\u00e5nd<\/strong><\/h3>\n<p data-start=\"128\" data-end=\"464\">SanctBand Flossband 7,5 cm er et ekstra bredt elastisk kompresjonsb\u00e5nd som er utviklet for flossing, mobilisering og vevsbehandling innen fysioterapi, rehabilitering og idrett. Den brede overflaten gj\u00f8r b\u00e5ndet spesielt egnet for st\u00f8rre muskelgrupper som l\u00e5r, hofter, l\u00e5r og skuldre der det er behov for effektiv og jevn kompresjon kombinert med bevegelse. <\/p>\n<p data-start=\"466\" data-end=\"619\">B\u00e5ndet er laget av slitesterkt, elastisk materiale som beholder sin elastisitet ved gjentatt bruk og sikrer stabil kompresjon under hele behandlingen.<\/p>\n<h3 data-start=\"621\" data-end=\"638\"><strong data-start=\"625\" data-end=\"638\">Varianter<\/strong><\/h3>\n<ul data-start=\"639\" data-end=\"804\">\n<li data-start=\"639\" data-end=\"717\">\n<p data-start=\"641\" data-end=\"717\"><strong data-start=\"641\" data-end=\"658\">Bl\u00e5 - Middels:<\/strong> Moderat motstand mot generell mobilisering og behandling.<\/p>\n<\/li>\n<li data-start=\"718\" data-end=\"804\">\n<p data-start=\"720\" data-end=\"804\"><strong data-start=\"720\" data-end=\"736\">Gr\u00e5 - Strong:<\/strong> H\u00f8yere kompresjon for intensiv behandling og st\u00f8rre muskelgrupper.<\/p>\n<\/li>\n<\/ul>\n<h3 data-start=\"806\" data-end=\"829\"><strong data-start=\"810\" data-end=\"829\">Spesifikasjoner<\/strong><\/h3>\n<ul data-start=\"830\" data-end=\"980\">\n<li data-start=\"830\" data-end=\"852\">\n<p data-start=\"832\" data-end=\"852\"><strong data-start=\"832\" data-end=\"843\">Bredde:<\/strong> 7,5 cm<\/p>\n<\/li>\n<li data-start=\"853\" data-end=\"902\">\n<p data-start=\"855\" data-end=\"902\"><strong data-start=\"855\" data-end=\"869\">Materiale:<\/strong> Elastisk kompresjonsmateriale<\/p>\n<\/li>\n<li data-start=\"903\" data-end=\"980\">\n<p data-start=\"905\" data-end=\"980\"><strong data-start=\"905\" data-end=\"920\">Bruksomr\u00e5de:<\/strong> Mobilisering, smertelindring, restitusjon og rehabilitering<\/p>\n<\/li>\n<\/ul>\n<p data-start=\"982\" data-end=\"1092\" data-is-last-node=\"\" data-is-only-node=\"\">Et effektivt og profesjonelt verkt\u00f8y for bedre bevegelighet, \u00f8kt vevsmobilitet og raskere restitusjon.<\/p>\n<\/div>\n<\/div>\n<\/div>\n<\/div>\n<div class=\"z-0 flex min-h-[46px] justify-start\"><\/div>\n<div class=\"mt-3 w-full empty:hidden\">\n<div class=\"text-center\"><\/div>\n<\/div>\n<\/div>\n<\/div>\n<\/article>\n<\/div>\n<div class=\"pointer-events-none h-px w-px absolute bottom-0\" aria-hidden=\"true\" data-edge=\"true\"><\/div>\n","protected":false},"excerpt":{"rendered":"<p><strong>SanctBand Flossband 7,5 cm er et bredt elastisk kompresjonsb\u00e5nd for mobilisering og vevsbehandling i fysioterapi og trening. Den store bredden gj\u00f8r det ideelt for st\u00f8rre muskelgrupper som l\u00e5r og hofter. Finnes i bl\u00e5 (medium) og gr\u00e5 (sterk) for \u00e5 tilpasse kompresjonen til behandlingsbehovet.  <\/strong><\/p>\n","protected":false},"featured_media":106156,"comment_status":"closed","ping_status":"closed","template":"","meta":{"_acf_changed":false},"product_brand":[3235],"product_cat":[1948,2221,2215,2217,1945],"product_tag":[1944,3237],"class_list":{"0":"post-106159","1":"product","2":"type-product","3":"status-publish","4":"has-post-thumbnail","6":"product_brand-sanctband","7":"product_cat-klinikk","8":"product_cat-annet-treningsutstyr","9":"product_cat-treningsbaand","10":"product_cat-treningsbaand-no","11":"product_cat-treningsutstyr","12":"product_tag-rehabmedic-no","13":"product_tag-sanctband","15":"first","16":"instock","17":"taxable","18":"shipping-taxable","19":"purchasable","20":"product-type-variable"},"acf":[],"_links":{"self":[{"href":"https:\/\/fysiolab.dk\/no\/wp-json\/wp\/v2\/product\/106159","targetHints":{"allow":["GET"]}}],"collection":[{"href":"https:\/\/fysiolab.dk\/no\/wp-json\/wp\/v2\/product"}],"about":[{"href":"https:\/\/fysiolab.dk\/no\/wp-json\/wp\/v2\/types\/product"}],"replies":[{"embeddable":true,"href":"https:\/\/fysiolab.dk\/no\/wp-json\/wp\/v2\/comments?post=106159"}],"wp:featuredmedia":[{"embeddable":true,"href":"https:\/\/fysiolab.dk\/no\/wp-json\/wp\/v2\/media\/106156"}],"wp:attachment":[{"href":"https:\/\/fysiolab.dk\/no\/wp-json\/wp\/v2\/media?parent=106159"}],"wp:term":[{"taxonomy":"product_brand","embeddable":true,"href":"https:\/\/fysiolab.dk\/no\/wp-json\/wp\/v2\/product_brand?post=106159"},{"taxonomy":"product_cat","embeddable":true,"href":"https:\/\/fysiolab.dk\/no\/wp-json\/wp\/v2\/product_cat?post=106159"},{"taxonomy":"product_tag","embeddable":true,"href":"https:\/\/fysiolab.dk\/no\/wp-json\/wp\/v2\/product_tag?post=106159"}],"curies":[{"name":"wp","href":"https:\/\/api.w.org\/{rel}","templated":true}]}}