{"id":106313,"date":"2026-03-04T20:10:00","date_gmt":"2026-03-04T19:10:00","guid":{"rendered":"https:\/\/fysiolab.dk\/product\/chemodis-praktisept-rengjoeringsmiddel-5l\/"},"modified":"2026-03-04T20:10:00","modified_gmt":"2026-03-04T19:10:00","slug":"chemodis-praktisept-rengjoeringsmiddel-5l","status":"publish","type":"product","link":"https:\/\/fysiolab.dk\/no\/product\/chemodis-praktisept-rengjoeringsmiddel-5l\/","title":{"rendered":"Chemodis Praktisept Rengj\u00f8ringsmiddel 5L"},"content":{"rendered":"<h3 data-start=\"64\" data-end=\"138\"><strong data-start=\"64\" data-end=\"136\">Desinfeksjonsmiddel 5 L - profesjonell rengj\u00f8ring og virusbeskyttelse<\/strong><\/h3>\n<p data-start=\"140\" data-end=\"498\">Dette multifunksjonelle desinfeksjonsmiddelet p\u00e5 5 liter er utviklet for daglig rengj\u00f8ring og hygiene av overflater og instrumenter i klinikker, behandlingssentre, velv\u00e6remilj\u00f8er og andre profesjonelle milj\u00f8er. Det kombinerer effektiv avfetting og antistatisk virkning med en virucidal effekt som bekjemper de fleste vanlige virus. <\/p>\n<p data-start=\"500\" data-end=\"749\">Det store volumet gj\u00f8r den ideell for milj\u00f8er med hyppig bruk der rask, sikker og p\u00e5litelig rengj\u00f8ring er avgj\u00f8rende. Produktet etterlater rene overflater uten et fettete eller klebrig lag, noe som sikrer et hygienisk og profesjonelt arbeidsmilj\u00f8. <\/p>\n<p data-start=\"751\" data-end=\"793\"><strong data-start=\"751\" data-end=\"791\">Fordeler med 5 L desinfeksjonsmiddel:<\/strong><\/p>\n<ul data-start=\"794\" data-end=\"1037\">\n<li data-start=\"794\" data-end=\"830\">\n<p data-start=\"796\" data-end=\"830\">Avfettende og antistatisk effekt<\/p>\n<\/li>\n<li data-start=\"831\" data-end=\"874\">\n<p data-start=\"833\" data-end=\"874\">Virucidal beskyttelse mot de fleste virus<\/p>\n<\/li>\n<li data-start=\"875\" data-end=\"935\">\n<p data-start=\"877\" data-end=\"935\">Praktisk for hyppig bruk p\u00e5 klinikken eller i behandlingsmilj\u00f8et<\/p>\n<\/li>\n<li data-start=\"936\" data-end=\"968\">\n<p data-start=\"938\" data-end=\"968\">Etterlater ingen fettfilm<\/p>\n<\/li>\n<li data-start=\"969\" data-end=\"1037\">\n<p data-start=\"971\" data-end=\"1037\">Egnet for profesjonell rengj\u00f8ring og hygiene i st\u00f8rre milj\u00f8er<\/p>\n<\/li>\n<\/ul>\n","protected":false},"excerpt":{"rendered":"<p><strong>Desinfeksjonsmiddel 5 L for hyppig rengj\u00f8ring av overflater og instrumenter i kliniske milj\u00f8er og behandlingsmilj\u00f8er. Avfetter effektivt, motvirker statisk elektrisitet og inneholder virucid effekt som bekjemper de fleste virus. Ideell for profesjonell bruk der hygiene og sikkerhet er viktig.  <\/strong><\/p>\n","protected":false},"featured_media":106305,"comment_status":"closed","ping_status":"closed","template":"","meta":{"_acf_changed":false},"product_brand":[3134],"product_cat":[1948,2643,2408,1937,1941,2407],"product_tag":[2644,1944],"class_list":{"0":"post-106313","1":"product","2":"type-product","3":"status-publish","4":"has-post-thumbnail","6":"product_brand-chemodis","7":"product_cat-klinikk","8":"product_cat-chemodis-no","9":"product_cat-hygiene-og-rengjoering","10":"product_cat-merkevarer","11":"product_cat-rekonvalesens-og-sportspleie","12":"product_cat-saape-og-rengjoeringsmiddel","13":"product_tag-chemodis-no","14":"product_tag-rehabmedic-no","16":"first","17":"instock","18":"taxable","19":"shipping-taxable","20":"purchasable","21":"product-type-simple"},"acf":[],"_links":{"self":[{"href":"https:\/\/fysiolab.dk\/no\/wp-json\/wp\/v2\/product\/106313","targetHints":{"allow":["GET"]}}],"collection":[{"href":"https:\/\/fysiolab.dk\/no\/wp-json\/wp\/v2\/product"}],"about":[{"href":"https:\/\/fysiolab.dk\/no\/wp-json\/wp\/v2\/types\/product"}],"replies":[{"embeddable":true,"href":"https:\/\/fysiolab.dk\/no\/wp-json\/wp\/v2\/comments?post=106313"}],"wp:featuredmedia":[{"embeddable":true,"href":"https:\/\/fysiolab.dk\/no\/wp-json\/wp\/v2\/media\/106305"}],"wp:attachment":[{"href":"https:\/\/fysiolab.dk\/no\/wp-json\/wp\/v2\/media?parent=106313"}],"wp:term":[{"taxonomy":"product_brand","embeddable":true,"href":"https:\/\/fysiolab.dk\/no\/wp-json\/wp\/v2\/product_brand?post=106313"},{"taxonomy":"product_cat","embeddable":true,"href":"https:\/\/fysiolab.dk\/no\/wp-json\/wp\/v2\/product_cat?post=106313"},{"taxonomy":"product_tag","embeddable":true,"href":"https:\/\/fysiolab.dk\/no\/wp-json\/wp\/v2\/product_tag?post=106313"}],"curies":[{"name":"wp","href":"https:\/\/api.w.org\/{rel}","templated":true}]}}