{"id":106421,"date":"2026-03-06T21:29:58","date_gmt":"2026-03-06T20:29:58","guid":{"rendered":"https:\/\/fysiolab.dk\/product\/donjoy-kit-ice-shoulder\/"},"modified":"2026-03-06T21:29:58","modified_gmt":"2026-03-06T20:29:58","slug":"donjoy-kit-ice-shoulder","status":"publish","type":"product","link":"https:\/\/fysiolab.dk\/no\/product\/donjoy-kit-ice-shoulder\/","title":{"rendered":"DonJoy Kit Ice Shoulder"},"content":{"rendered":"<h2 data-start=\"44\" data-end=\"66\">DonJoy Kit Ice Shoulder<\/h2>\n<p data-start=\"68\" data-end=\"374\">DonJoy Shoulder Ice er en effektiv kj\u00f8lebandasje som er utviklet for kuldebehandling av skulderen etter skade, overbelastning eller operasjon. Bandasjen inneholder en fleksibel gel-kj\u00f8lepakke som forblir formbar etter frysing og derfor tilpasser seg skulderens anatomi for en smidig og behagelig kuldebehandling. <\/p>\n<p data-start=\"376\" data-end=\"738\">Den justerbare bandasjen festes med stropper som sikrer en stabil passform rundt skulderen og holder kj\u00f8lepakken riktig plassert under behandlingen. Kuldebehandling kan bidra til \u00e5 redusere smerte, hevelse og betennelse, og brukes ofte ved skuldertraumer, overbelastningsskader eller etter kirurgiske inngrep som rotatormansjettkirurgi. Pumpen gir \u00f8nsket kompresjon for smertelindring  <\/p>\n<p data-start=\"740\" data-end=\"1022\">Kj\u00f8lepakken kan enkelt tas av og fryses ned p\u00e5 nytt, slik at produktet kan brukes gjentatte ganger gjennom hele rehabiliteringsprosessen. DonJoy Shoulder Ice egner seg derfor b\u00e5de til klinikkbruk og hjemmebehandling der det er behov for effektiv og m\u00e5lrettet kuldebehandling av skulderleddet. <\/p>\n<p data-start=\"740\" data-end=\"1022\"><strong>St\u00f8rrelsesguide:<\/strong><\/p>\n<p data-start=\"740\" data-end=\"1022\"><strong>M\u00e5l omkretsen av brystkassen ved brystbenet (merk at bandasjen kan brukes for b\u00e5de h\u00f8yre og venstre side)<\/strong><\/p>\n<p data-start=\"740\" data-end=\"1022\"><strong>Omkrets Str<\/strong><\/p>\n<p data-start=\"740\" data-end=\"1022\">80-120 cm Standard<\/p>\n<p data-start=\"740\" data-end=\"1022\">&gt;120 cm X-Large<\/p>\n<h3 data-start=\"1024\" data-end=\"1035\">Fordeler og fordeler<\/h3>\n<ul data-start=\"1036\" data-end=\"1321\">\n<li data-start=\"1036\" data-end=\"1078\">\n<p data-start=\"1038\" data-end=\"1078\">Effektiv kuldebehandling for skulderen<\/p>\n<\/li>\n<li data-start=\"1079\" data-end=\"1134\">\n<p data-start=\"1081\" data-end=\"1134\">Fleksibel gelekj\u00f8lepakke som former seg etter leddet<\/p>\n<\/li>\n<li data-start=\"1135\" data-end=\"1192\">\n<p data-start=\"1137\" data-end=\"1192\">Justerbare stropper for en sikker og komfortabel passform<\/p>\n<\/li>\n<li data-start=\"1193\" data-end=\"1255\">\n<p data-start=\"1195\" data-end=\"1255\">Kan gjenbrukes og gjenbrukes under rehabilitering<\/p>\n<\/li>\n<li data-start=\"1256\" data-end=\"1321\">\n<p data-start=\"1258\" data-end=\"1321\">Egnet for skulderskader, overbelastning og etter operasjoner<\/p>\n<\/li>\n<\/ul>\n","protected":false},"excerpt":{"rendered":"<article class=\"text-token-text-primary w-full focus:outline-none [--shadow-height:45px] has-data-writing-block:pointer-events-none has-data-writing-block:-mt-(--shadow-height) has-data-writing-block:pt-(--shadow-height) [&amp;:has([data-writing-block])&gt;*]:pointer-events-auto scroll-mt-(--header-height)\" dir=\"auto\" tabindex=\"-1\" data-turn-id=\"8ead7f05-4557-4cae-b5cd-cb9e59e9c392\" data-testid=\"conversation-turn-79\" data-scroll-anchor=\"false\" data-turn=\"user\">\n<div class=\"text-base my-auto mx-auto pt-12 [--thread-content-margin:--spacing(4)] @w-sm\/main:[--thread-content-margin:--spacing(6)] @w-lg\/main:[--thread-content-margin:--spacing(16)] px-(--thread-content-margin)\">\n<div class=\"[--thread-content-max-width:40rem] @w-lg\/main:[--thread-content-max-width:48rem] mx-auto max-w-(--thread-content-max-width) flex-1 group\/turn-messages focus-visible:outline-hidden relative flex w-full min-w-0 flex-col\" tabindex=\"-1\">\n<div class=\"flex max-w-full flex-col grow\">\n<div class=\"min-h-8 text-message relative flex w-full flex-col items-end gap-2 text-start break-words whitespace-normal [.text-message+&amp;]:mt-1\" dir=\"auto\" data-message-author-role=\"user\" data-message-id=\"8ead7f05-4557-4cae-b5cd-cb9e59e9c392\">\n<div class=\"flex w-full flex-col gap-1 empty:hidden items-end rtl:items-start\">\n<div class=\"user-message-bubble-color corner-superellipse\/1.1 relative rounded-[18px] px-4 py-1.5 data-[multiline]:py-3 max-w-[var(--user-chat-width,70%)]\">\n<div class=\"whitespace-pre-wrap\">\n<article class=\"text-token-text-primary w-full focus:outline-none [--shadow-height:45px] has-data-writing-block:pointer-events-none has-data-writing-block:-mt-(--shadow-height) has-data-writing-block:pt-(--shadow-height) [&amp;:has([data-writing-block])&gt;*]:pointer-events-auto scroll-mt-(--header-height)\" dir=\"auto\" tabindex=\"-1\" data-turn-id=\"8ead7f05-4557-4cae-b5cd-cb9e59e9c392\" data-testid=\"conversation-turn-79\" data-scroll-anchor=\"false\" data-turn=\"user\">\n<div class=\"text-base my-auto mx-auto pt-12 [--thread-content-margin:--spacing(4)] @w-sm\/main:[--thread-content-margin:--spacing(6)] @w-lg\/main:[--thread-content-margin:--spacing(16)] px-(--thread-content-margin)\">\n<div class=\"[--thread-content-max-width:40rem] @w-lg\/main:[--thread-content-max-width:48rem] mx-auto max-w-(--thread-content-max-width) flex-1 group\/turn-messages focus-visible:outline-hidden relative flex w-full min-w-0 flex-col\" tabindex=\"-1\">\n<div class=\"flex max-w-full flex-col grow\">\n<div class=\"min-h-8 text-message relative flex w-full flex-col items-end gap-2 text-start break-words whitespace-normal [.text-message+&amp;]:mt-1\" dir=\"auto\" data-message-author-role=\"user\" data-message-id=\"8ead7f05-4557-4cae-b5cd-cb9e59e9c392\">\n<div class=\"flex w-full flex-col gap-1 empty:hidden items-end rtl:items-start\">\n<div class=\"user-message-bubble-color corner-superellipse\/1.1 relative rounded-[18px] px-4 py-1.5 data-[multiline]:py-3 max-w-[var(--user-chat-width,70%)]\">\n<div class=\"whitespace-pre-wrap\"><strong style=\"font-family: -apple-system, BlinkMacSystemFont, 'Segoe UI', Roboto, 'Helvetica Neue', Arial, 'Noto Sans', sans-serif, 'Apple Color Emoji', 'Segoe UI Emoji', 'Segoe UI Symbol', 'Noto Color Emoji';\">DonJoy Shoulder Ice er en kj\u00f8lebandasje for skulderen som kombinerer en fleksibel gelkj\u00f8lepakke og justerbare stropper for m\u00e5lrettet lindring. Den kan redusere smerte, hevelse og betennelse etter skade, overbelastning eller operasjon. Egnet for b\u00e5de klinikk- og hjemmebruk. Pumpen gir \u00f8nsket kompresjon for smertelindring     <\/strong><\/div>\n<\/div>\n<\/div>\n<\/div>\n<\/div>\n<\/div>\n<\/div>\n<\/article>\n<\/div>\n<\/div>\n<\/div>\n<\/div>\n<\/div>\n<\/div>\n<\/div>\n<\/article>\n","protected":false},"featured_media":106414,"comment_status":"closed","ping_status":"closed","template":"","meta":{"_acf_changed":false},"product_brand":[3091],"product_cat":[1948,2249,2250,2123,1938,2126,2125,2269,2119,2124,2120,2434,2122,1937,1941,1933,2118],"product_tag":[2173],"class_list":{"0":"post-106421","1":"product","2":"type-product","3":"status-publish","4":"has-post-thumbnail","6":"product_brand-donjoy","7":"product_cat-klinikk","8":"product_cat-avklemmingssyndrom","9":"product_cat-bicepsruptur-no","10":"product_cat-brudd-og-etter-operasjon-i-skulderen","11":"product_cat-donjoy-no","12":"product_cat-donjoy-kald-varmebehandling","13":"product_cat-donjoy-skulderstoette","14":"product_cat-forstuet-skulder","15":"product_cat-kald-og-varmebehandling","16":"product_cat-kald-varmebehandling","17":"product_cat-kalde-pakninger","18":"product_cat-kjoeleprodukter","19":"product_cat-kryoterapi","20":"product_cat-merkevarer","21":"product_cat-rekonvalesens-og-sportspleie","22":"product_cat-skinner-og-stoetteskinner","23":"product_cat-skulder-no","24":"product_tag-donjoy-no","26":"first","27":"instock","28":"taxable","29":"shipping-taxable","30":"purchasable","31":"product-type-variable"},"acf":[],"_links":{"self":[{"href":"https:\/\/fysiolab.dk\/no\/wp-json\/wp\/v2\/product\/106421","targetHints":{"allow":["GET"]}}],"collection":[{"href":"https:\/\/fysiolab.dk\/no\/wp-json\/wp\/v2\/product"}],"about":[{"href":"https:\/\/fysiolab.dk\/no\/wp-json\/wp\/v2\/types\/product"}],"replies":[{"embeddable":true,"href":"https:\/\/fysiolab.dk\/no\/wp-json\/wp\/v2\/comments?post=106421"}],"wp:featuredmedia":[{"embeddable":true,"href":"https:\/\/fysiolab.dk\/no\/wp-json\/wp\/v2\/media\/106414"}],"wp:attachment":[{"href":"https:\/\/fysiolab.dk\/no\/wp-json\/wp\/v2\/media?parent=106421"}],"wp:term":[{"taxonomy":"product_brand","embeddable":true,"href":"https:\/\/fysiolab.dk\/no\/wp-json\/wp\/v2\/product_brand?post=106421"},{"taxonomy":"product_cat","embeddable":true,"href":"https:\/\/fysiolab.dk\/no\/wp-json\/wp\/v2\/product_cat?post=106421"},{"taxonomy":"product_tag","embeddable":true,"href":"https:\/\/fysiolab.dk\/no\/wp-json\/wp\/v2\/product_tag?post=106421"}],"curies":[{"name":"wp","href":"https:\/\/api.w.org\/{rel}","templated":true}]}}