{"id":106463,"date":"2026-03-06T22:42:09","date_gmt":"2026-03-06T21:42:09","guid":{"rendered":"https:\/\/fysiolab.dk\/product\/tulis-x-brace\/"},"modified":"2026-03-06T22:42:09","modified_gmt":"2026-03-06T21:42:09","slug":"tulis-x-brace","status":"publish","type":"product","link":"https:\/\/fysiolab.dk\/no\/product\/tulis-x-brace\/","title":{"rendered":"Tuli&#8217;s X-Brace"},"content":{"rendered":"<h3 data-start=\"0\" data-end=\"21\">Tuli&#8217;s X-Bandage for h\u00e6lspore, plantar faciitt og smerter i h\u00e6len<\/h3>\n<p data-start=\"23\" data-end=\"348\">Tuli&#8217;s X-Bandage er en elastisk fotst\u00f8ttebandasje som er spesielt utviklet for \u00e5 avlaste fotbuen og redusere ubehag ved plantar fasciitt og Severs syndrom. Det unike <strong data-start=\"214\" data-end=\"227\">X-m\u00f8nsteret<\/strong> gir m\u00e5lrettet st\u00f8tte til fotbuen og bidrar til \u00e5 lindre trykk og spenninger b\u00e5de i hverdagen og under aktivitet.  Inkluderer 2 deler<\/p>\n<p data-start=\"350\" data-end=\"572\">Den fleksible strikken s\u00f8rger for <strong data-start=\"382\" data-end=\"416\">en lav og behagelig passform<\/strong> som kan brukes med eller uten sko og sokker. Integrerte silikonstrips holder bandasjen p\u00e5 plass uten \u00e5 skli, noe som gir deg stabil st\u00f8tte uten ubehag. <\/p>\n<p data-start=\"574\" data-end=\"786\">Tuli&#8217;s X-Bandage er ideell for personer med plantar fasciitt, Severs syndrom eller ubehag i foten etter langvarig st\u00e5ende eller g\u00e5ende arbeid. Den kan p\u00e5f\u00f8res gradvis og \u00f8kes etter behov for optimal effekt. <\/p>\n<p data-start=\"574\" data-end=\"786\"><strong>St\u00f8rrelsesguide<\/strong><\/p>\n<p data-start=\"574\" data-end=\"786\"><strong>M\u00e5l omkretsen av fotbuen  <\/strong><\/p>\n<p data-start=\"574\" data-end=\"786\"><strong>Omkrets Str  <\/strong><\/p>\n<p data-start=\"574\" data-end=\"786\"><strong>18-20,9 cm X-Small<\/strong><\/p>\n<p data-start=\"574\" data-end=\"786\"><strong>21-23,5 cm Liten<\/strong><\/p>\n<p data-start=\"574\" data-end=\"786\"><strong>23,5-25,4 cm Medium<\/strong><\/p>\n<p data-start=\"574\" data-end=\"786\"><strong>25,5-27,9 cm stor<\/strong><\/p>\n<p data-start=\"574\" data-end=\"786\"><strong>28-29,5 cm X-Large  <\/strong><\/p>\n<p><iframe title=\"Sever&#039;s Disease and Plantar Fasciitis Arch Support, Tuli&#039;s The X Brace by Medi-Dyne\" width=\"800\" height=\"450\" src=\"https:\/\/www.youtube.com\/embed\/Tp3pH88lJ1A?feature=oembed\" frameborder=\"0\" allow=\"accelerometer; autoplay; clipboard-write; encrypted-media; gyroscope; picture-in-picture; web-share\" referrerpolicy=\"strict-origin-when-cross-origin\" allowfullscreen><\/iframe><\/p>\n","protected":false},"excerpt":{"rendered":"<p><strong>Tuli&#8217;s X-Bandage gir m\u00e5lrettet st\u00f8tte til fotbuen og lindrer smerter ved h\u00e6lspore, plantar faciitt og Severs syndrom. Den fleksible lavprofilbandasjen har en stabil passform med silikonstrips og kan brukes med eller uten sko. Egnet for b\u00e5de hverdagsbruk og aktivitet.  <\/strong><\/p>\n","protected":false},"featured_media":106451,"comment_status":"closed","ping_status":"closed","template":"","meta":{"_acf_changed":false},"product_brand":[3124],"product_cat":[1937,1996,1997,1998,1933,1995,2002],"product_tag":[1944,2004],"class_list":{"0":"post-106463","1":"product","2":"type-product","3":"status-publish","4":"has-post-thumbnail","6":"product_brand-tulis","7":"product_cat-merkevarer","8":"product_cat-haelspore-no","9":"product_cat-plantar-facitis-no","10":"product_cat-plantar-facitis-no-2","11":"product_cat-skinner-og-stoetteskinner","12":"product_cat-smerter-i-haelen","13":"product_cat-tulis-no","14":"product_tag-rehabmedic-no","15":"product_tag-tulis-no","17":"first","18":"onbackorder","19":"taxable","20":"shipping-taxable","21":"purchasable","22":"product-type-variable"},"acf":[],"_links":{"self":[{"href":"https:\/\/fysiolab.dk\/no\/wp-json\/wp\/v2\/product\/106463","targetHints":{"allow":["GET"]}}],"collection":[{"href":"https:\/\/fysiolab.dk\/no\/wp-json\/wp\/v2\/product"}],"about":[{"href":"https:\/\/fysiolab.dk\/no\/wp-json\/wp\/v2\/types\/product"}],"replies":[{"embeddable":true,"href":"https:\/\/fysiolab.dk\/no\/wp-json\/wp\/v2\/comments?post=106463"}],"wp:featuredmedia":[{"embeddable":true,"href":"https:\/\/fysiolab.dk\/no\/wp-json\/wp\/v2\/media\/106451"}],"wp:attachment":[{"href":"https:\/\/fysiolab.dk\/no\/wp-json\/wp\/v2\/media?parent=106463"}],"wp:term":[{"taxonomy":"product_brand","embeddable":true,"href":"https:\/\/fysiolab.dk\/no\/wp-json\/wp\/v2\/product_brand?post=106463"},{"taxonomy":"product_cat","embeddable":true,"href":"https:\/\/fysiolab.dk\/no\/wp-json\/wp\/v2\/product_cat?post=106463"},{"taxonomy":"product_tag","embeddable":true,"href":"https:\/\/fysiolab.dk\/no\/wp-json\/wp\/v2\/product_tag?post=106463"}],"curies":[{"name":"wp","href":"https:\/\/api.w.org\/{rel}","templated":true}]}}