{"id":106510,"date":"2026-03-07T21:13:46","date_gmt":"2026-03-07T20:13:46","guid":{"rendered":"https:\/\/fysiolab.dk\/product\/tulis-plantar-fasciitis-innleggssaale-2-stk\/"},"modified":"2026-03-07T21:13:46","modified_gmt":"2026-03-07T20:13:46","slug":"tulis-plantar-fasciitis-innleggssaale-2-stk","status":"publish","type":"product","link":"https:\/\/fysiolab.dk\/no\/product\/tulis-plantar-fasciitis-innleggssaale-2-stk\/","title":{"rendered":"Tuli&#8217;s Plantar Fasciitis innleggss\u00e5le (2 stk)"},"content":{"rendered":"<h3 data-start=\"0\" data-end=\"40\">Tuli&#8217;s Plantar Fasciitis innleggss\u00e5le (2 stk)<\/h3>\n<p data-start=\"42\" data-end=\"477\">Tuli&#8217;s Plantar Fasciitis Innleggss\u00e5le er utviklet for \u00e5 lindre smerter i h\u00e6l og fotbue for\u00e5rsaket av tilstander som h\u00e6lspore og plantar fasciitt. Inners\u00e5len gir m\u00e5lrettet st\u00f8tte til fotbuen og bidrar til \u00e5 redusere belastningen p\u00e5 plantar fascia - senen under foten som ofte for\u00e5rsaker smerter i h\u00e6len. Den ergonomiske konstruksjonen bidrar ogs\u00e5 til \u00e5 fordele kroppsvekten jevnere under foten og \u00f8ker komforten under gange og aktivitet.  <\/p>\n<p data-start=\"479\" data-end=\"739\">Inners\u00e5len er utformet med effektiv st\u00f8tdemping, noe som reduserer belastningen p\u00e5 h\u00e6len ved hvert skritt. En stabil h\u00e6lkonstruksjon bidrar til \u00e5 st\u00f8tte foten og kan redusere overpronasjon, som ofte er en medvirkende \u00e5rsak til smerter i fotbuen og h\u00e6len. <\/p>\n<p data-start=\"741\" data-end=\"1060\">Den fleksible og relativt lave profilen gj\u00f8r at innleggss\u00e5len passer til de fleste typer sko, inkludert sportssko, arbeidssko og hverdagssko. Materialet er b\u00e5de slitesterkt og komfortabelt, slik at innleggss\u00e5len kan brukes daglig. Forfoten kan ogs\u00e5 tilpasses ved \u00e5 skj\u00e6re til innleggss\u00e5len slik at den passer perfekt til skoen.  <\/p>\n<p data-start=\"1062\" data-end=\"1284\">Tuli&#8217;s Plantar Fasciitis Innleggss\u00e5le er derfor et godt valg for personer som opplever smerter i h\u00e6len eller fotbuen, eller som \u00f8nsker ekstra st\u00f8tte og komfort under sport, arbeid eller lange dager p\u00e5 beina.<\/p>\n<p data-start=\"1286\" data-end=\"1297\"><strong data-start=\"1286\" data-end=\"1297\">Fordeler og fordeler<\/strong><\/p>\n<ul data-start=\"1298\" data-end=\"1607\">\n<li data-start=\"1298\" data-end=\"1365\">\n<p data-start=\"1300\" data-end=\"1365\">Hjelper med \u00e5 lindre smerter fra h\u00e6lspore og plantar fasciitt<\/p>\n<\/li>\n<li data-start=\"1366\" data-end=\"1403\">\n<p data-start=\"1368\" data-end=\"1403\">Gir stabil st\u00f8tte for fotbuen<\/p>\n<\/li>\n<li data-start=\"1404\" data-end=\"1454\">\n<p data-start=\"1406\" data-end=\"1454\">Effektiv st\u00f8tdemping for gange og aktivitet<\/p>\n<\/li>\n<li data-start=\"1455\" data-end=\"1498\">\n<p data-start=\"1457\" data-end=\"1498\">Fordeler trykket jevnere under f\u00f8ttene<\/p>\n<\/li>\n<li data-start=\"1499\" data-end=\"1555\">\n<p data-start=\"1501\" data-end=\"1555\">Kan tilpasses ved \u00e5 skj\u00e6re til for optimal passform<\/p>\n<\/li>\n<li data-start=\"1556\" data-end=\"1607\">\n<p data-start=\"1558\" data-end=\"1607\">Egnet for sport, arbeid og hverdagsbruk<\/p>\n<\/li>\n<\/ul>\n<p data-start=\"1609\" data-end=\"1635\"><strong data-start=\"1609\" data-end=\"1633\">St\u00f8rrelsesguide (EU)<\/strong><\/p>\n<ul data-start=\"1636\" data-end=\"1712\" data-is-last-node=\"\" data-is-only-node=\"\">\n<li data-start=\"1636\" data-end=\"1654\">\n<p data-start=\"1638\" data-end=\"1654\">Liten: 36 - 38<\/p>\n<\/li>\n<li data-start=\"1655\" data-end=\"1674\">\n<p data-start=\"1657\" data-end=\"1674\">Medium: 39 - 41<\/p>\n<\/li>\n<li data-start=\"1675\" data-end=\"1693\">\n<p data-start=\"1677\" data-end=\"1693\">Large: 42 - 44<\/p>\n<\/li>\n<li data-start=\"1694\" data-end=\"1712\" data-is-last-node=\"\">\n<p data-start=\"1696\" data-end=\"1712\" data-is-last-node=\"\">X-Large: 45 - 47<\/p>\n<\/li>\n<\/ul>\n","protected":false},"excerpt":{"rendered":"<p><strong>Tuli&#8217;s Plantar Fasciitis Innleggss\u00e5le gir effektiv st\u00f8tte for fotbuen og bidrar til \u00e5 lindre smerter ved h\u00e6lspore og plantar fasciitt. Den st\u00f8tdempende konstruksjonen avlaster h\u00e6len og fordeler trykket jevnere under foten. Passer i de fleste sko og kan tilpasses for optimal passform.   Inkluderer 2 deler<\/strong><\/p>\n","protected":false},"featured_media":106492,"comment_status":"closed","ping_status":"closed","template":"","meta":{"_acf_changed":false},"product_brand":[3124],"product_cat":[2003,1996,1937,1997,1998,1994,2002],"product_tag":[1944,2004],"class_list":{"0":"post-106510","1":"product","2":"type-product","3":"status-publish","4":"has-post-thumbnail","6":"product_brand-tulis","7":"product_cat-saaler-og-fotpleie","8":"product_cat-haelspore-no","9":"product_cat-merkevarer","10":"product_cat-plantar-facitis-no","11":"product_cat-plantar-facitis-no-2","12":"product_cat-sko-og-saaler-no","13":"product_cat-tulis-no","14":"product_tag-rehabmedic-no","15":"product_tag-tulis-no","17":"first","18":"instock","19":"taxable","20":"shipping-taxable","21":"purchasable","22":"product-type-variable"},"acf":[],"_links":{"self":[{"href":"https:\/\/fysiolab.dk\/no\/wp-json\/wp\/v2\/product\/106510","targetHints":{"allow":["GET"]}}],"collection":[{"href":"https:\/\/fysiolab.dk\/no\/wp-json\/wp\/v2\/product"}],"about":[{"href":"https:\/\/fysiolab.dk\/no\/wp-json\/wp\/v2\/types\/product"}],"replies":[{"embeddable":true,"href":"https:\/\/fysiolab.dk\/no\/wp-json\/wp\/v2\/comments?post=106510"}],"wp:featuredmedia":[{"embeddable":true,"href":"https:\/\/fysiolab.dk\/no\/wp-json\/wp\/v2\/media\/106492"}],"wp:attachment":[{"href":"https:\/\/fysiolab.dk\/no\/wp-json\/wp\/v2\/media?parent=106510"}],"wp:term":[{"taxonomy":"product_brand","embeddable":true,"href":"https:\/\/fysiolab.dk\/no\/wp-json\/wp\/v2\/product_brand?post=106510"},{"taxonomy":"product_cat","embeddable":true,"href":"https:\/\/fysiolab.dk\/no\/wp-json\/wp\/v2\/product_cat?post=106510"},{"taxonomy":"product_tag","embeddable":true,"href":"https:\/\/fysiolab.dk\/no\/wp-json\/wp\/v2\/product_tag?post=106510"}],"curies":[{"name":"wp","href":"https:\/\/api.w.org\/{rel}","templated":true}]}}