{"id":106549,"date":"2026-03-08T09:42:52","date_gmt":"2026-03-08T08:42:52","guid":{"rendered":"https:\/\/fysiolab.dk\/product\/tulis-prostretch-plus\/"},"modified":"2026-03-08T09:52:44","modified_gmt":"2026-03-08T08:52:44","slug":"tulis-prostretch-plus","status":"publish","type":"product","link":"https:\/\/fysiolab.dk\/no\/product\/tulis-prostretch-plus\/","title":{"rendered":"Tuli&#8217;s ProStretch Plus"},"content":{"rendered":"<div class=\"flex flex-col text-sm pb-25\">\n<article class=\"text-token-text-primary w-full focus:outline-none [--shadow-height:45px] has-data-writing-block:pointer-events-none has-data-writing-block:-mt-(--shadow-height) has-data-writing-block:pt-(--shadow-height) [&amp;:has([data-writing-block])&gt;*]:pointer-events-auto scroll-mt-[calc(var(--header-height)+min(200px,max(70px,20svh)))]\" dir=\"auto\" tabindex=\"-1\" data-turn-id=\"request-WEB:00690729-a81b-484e-89ac-a10c40016a5d-62\" data-testid=\"conversation-turn-126\" data-scroll-anchor=\"true\" data-turn=\"assistant\">\n<div class=\"text-base my-auto mx-auto pb-10 [--thread-content-margin:--spacing(4)] @w-sm\/main:[--thread-content-margin:--spacing(6)] @w-lg\/main:[--thread-content-margin:--spacing(16)] px-(--thread-content-margin)\">\n<div class=\"[--thread-content-max-width:40rem] @w-lg\/main:[--thread-content-max-width:48rem] mx-auto max-w-(--thread-content-max-width) flex-1 group\/turn-messages focus-visible:outline-hidden relative flex w-full min-w-0 flex-col agent-turn\" tabindex=\"-1\">\n<div class=\"flex max-w-full flex-col grow\">\n<div class=\"min-h-8 text-message relative flex w-full flex-col items-end gap-2 text-start break-words whitespace-normal [.text-message+&amp;]:mt-1\" dir=\"auto\" data-message-author-role=\"assistant\" data-message-id=\"081008ad-1ddc-4515-9bc4-0bddf3edfb81\" data-message-model-slug=\"gpt-5-3\">\n<div class=\"flex w-full flex-col gap-1 empty:hidden first:pt-[1px]\">\n<div class=\"markdown prose dark:prose-invert w-full wrap-break-word light markdown-new-styling\">\n<h3 data-start=\"0\" data-end=\"27\">Tuli&#8217;s ProStretch Plus<\/h3>\n<p data-start=\"29\" data-end=\"468\">Tuli&#8217;s ProStretch Plus er et effektivt t\u00f8yningsverkt\u00f8y som er utviklet for m\u00e5lrettet t\u00f8yning av leggmuskulaturen, akillessenen og plantarfascia. Det vippende designet holder foten i en optimal posisjon for en kontrollert og effektiv t\u00f8yning som kan bidra til \u00e5 redusere spenninger og forbedre fleksibiliteten i underbenet og foten. Produktet brukes ofte ved tilstander som h\u00e6lspore, plantar fasciitt, akillessenebetennelse og stramme leggmuskler.  <\/p>\n<p data-start=\"470\" data-end=\"864\">En av de store fordelene med ProStretch Plus er den <strong data-start=\"520\" data-end=\"544\">justerbare h\u00e6lst\u00f8tten<\/strong>, som gj\u00f8r at du kan tilpasse intensiteten i t\u00f8yningen. Det betyr at b\u00e5de nybegynnere og mer erfarne brukere kan justere \u00f8velsen etter behov og gradvis \u00f8ke t\u00f8yningen etter hvert som fleksibiliteten forbedres. I tillegg f\u00f8lger det med en <strong data-start=\"776\" data-end=\"799\">avtakbar t\u00e5hever<\/strong> for en dypere t\u00f8yning av plantar fascia og t\u00e6rne.  <\/p>\n<p data-start=\"866\" data-end=\"1221\">Den brede plattformen gir stabil st\u00f8tte for foten, mens de <strong data-start=\"924\" data-end=\"949\">sklisikre gummiputene<\/strong> p\u00e5 undersiden s\u00f8rger for at redskapet st\u00e5r trygt p\u00e5 gulvet under bruk. Konstruksjonen er b\u00e5de robust og lett, noe som gj\u00f8r Tuli ProStretch Plus egnet til bruk hjemme, p\u00e5 klinikker eller som en del av oppvarming og restitusjon i forbindelse med idrett og trening. <\/p>\n<p data-start=\"1223\" data-end=\"1563\">Regelmessig t\u00f8yning med Tuli&#8217;s ProStretch Plus kan bidra til \u00e5 forbedre ankel- og fotbevegeligheten, redusere spenninger i leggmuskulaturen og minimere risikoen for overbelastningsskader. Derfor er den popul\u00e6r blant fysioterapeuter, l\u00f8pere, idrettsut\u00f8vere og personer som opplever stivhet eller smerter i f\u00f8tter og underben. <\/p>\n<p data-start=\"1565\" data-end=\"1576\"><strong data-start=\"1565\" data-end=\"1576\">Fordeler og fordeler<\/strong><\/p>\n<ul data-start=\"1577\" data-end=\"1909\" data-is-last-node=\"\" data-is-only-node=\"\">\n<li data-start=\"1577\" data-end=\"1640\">\n<p data-start=\"1579\" data-end=\"1640\">Effektiv t\u00f8yning av leggmuskulatur, akillessene og plantar fascia<\/p>\n<\/li>\n<li data-start=\"1641\" data-end=\"1696\">\n<p data-start=\"1643\" data-end=\"1696\">Justerbar h\u00e6lst\u00f8tte for tilpasset stretch<\/p>\n<\/li>\n<li data-start=\"1697\" data-end=\"1751\">\n<p data-start=\"1699\" data-end=\"1751\">Avtakbar t\u00e5heis for dypere plantar fascia-strekk<\/p>\n<\/li>\n<li data-start=\"1752\" data-end=\"1798\">\n<p data-start=\"1754\" data-end=\"1798\">Sklisikker base for stabil og sikker bruk<\/p>\n<\/li>\n<li data-start=\"1799\" data-end=\"1858\">\n<p data-start=\"1801\" data-end=\"1858\">Egnet for rehabilitering, forebygging og idrett<\/p>\n<\/li>\n<li data-start=\"1859\" data-end=\"1909\" data-is-last-node=\"\">\n<p data-start=\"1861\" data-end=\"1909\" data-is-last-node=\"\">Kan brukes hjemme, p\u00e5 klinikken eller til trening<\/p>\n<\/li>\n<\/ul>\n<p><iframe title=\"ProStretch Plus - The Adjustable Foot and Calf Stretcher\" width=\"800\" height=\"450\" src=\"https:\/\/www.youtube.com\/embed\/LZ3SnB6C8NE?feature=oembed\" frameborder=\"0\" allow=\"accelerometer; autoplay; clipboard-write; encrypted-media; gyroscope; picture-in-picture; web-share\" referrerpolicy=\"strict-origin-when-cross-origin\" allowfullscreen><\/iframe><\/p>\n<\/div>\n<\/div>\n<\/div>\n<\/div>\n<div class=\"z-0 flex min-h-[46px] justify-start\"><\/div>\n<div class=\"mt-3 w-full empty:hidden\">\n<div class=\"text-center\"><\/div>\n<\/div>\n<\/div>\n<\/div>\n<\/article>\n<\/div>\n<div class=\"pointer-events-none h-px w-px absolute bottom-0\" aria-hidden=\"true\" data-edge=\"true\"><\/div>\n","protected":false},"excerpt":{"rendered":"<p><strong>Tuli&#8217;s ProStretch Plus er et effektivt t\u00f8yningsverkt\u00f8y som bidrar til \u00e5 t\u00f8ye leggmuskulaturen, akillessenen og plantar fascia. Den vippende designen gir en kontrollert og m\u00e5lrettet t\u00f8yning som kan lindre spenninger og forbedre fleksibiliteten i underbenet og foten. Passer blant annet ved h\u00e6lspore, plantar fasciitt og stramme leggmuskler.  <\/strong><\/p>\n","protected":false},"featured_media":106534,"comment_status":"closed","ping_status":"closed","template":"","meta":{"_acf_changed":false},"product_brand":[3124],"product_cat":[1937,2221,1996,1997,1993,2055,2002],"product_tag":[1944,2004],"class_list":{"0":"post-106549","1":"product","2":"type-product","3":"status-publish","4":"has-post-thumbnail","6":"product_brand-tulis","7":"product_cat-merkevarer","8":"product_cat-annet-treningsutstyr","9":"product_cat-haelspore-no","10":"product_cat-plantar-facitis-no","11":"product_cat-smerter-i-akillessenen","12":"product_cat-smerter-i-fotbuen","13":"product_cat-tulis-no","14":"product_tag-rehabmedic-no","15":"product_tag-tulis-no","17":"first","18":"instock","19":"taxable","20":"shipping-taxable","21":"purchasable","22":"product-type-simple"},"acf":[],"_links":{"self":[{"href":"https:\/\/fysiolab.dk\/no\/wp-json\/wp\/v2\/product\/106549","targetHints":{"allow":["GET"]}}],"collection":[{"href":"https:\/\/fysiolab.dk\/no\/wp-json\/wp\/v2\/product"}],"about":[{"href":"https:\/\/fysiolab.dk\/no\/wp-json\/wp\/v2\/types\/product"}],"replies":[{"embeddable":true,"href":"https:\/\/fysiolab.dk\/no\/wp-json\/wp\/v2\/comments?post=106549"}],"wp:featuredmedia":[{"embeddable":true,"href":"https:\/\/fysiolab.dk\/no\/wp-json\/wp\/v2\/media\/106534"}],"wp:attachment":[{"href":"https:\/\/fysiolab.dk\/no\/wp-json\/wp\/v2\/media?parent=106549"}],"wp:term":[{"taxonomy":"product_brand","embeddable":true,"href":"https:\/\/fysiolab.dk\/no\/wp-json\/wp\/v2\/product_brand?post=106549"},{"taxonomy":"product_cat","embeddable":true,"href":"https:\/\/fysiolab.dk\/no\/wp-json\/wp\/v2\/product_cat?post=106549"},{"taxonomy":"product_tag","embeddable":true,"href":"https:\/\/fysiolab.dk\/no\/wp-json\/wp\/v2\/product_tag?post=106549"}],"curies":[{"name":"wp","href":"https:\/\/api.w.org\/{rel}","templated":true}]}}