{"id":77823,"date":"2023-07-16T12:36:56","date_gmt":"2023-07-16T10:36:56","guid":{"rendered":"https:\/\/fysiolab.dk\/product\/donjoy-condilax-albuestoette\/"},"modified":"2025-12-18T09:23:02","modified_gmt":"2025-12-18T08:23:02","slug":"donjoy-condilax-albuestoette","status":"publish","type":"product","link":"https:\/\/fysiolab.dk\/no\/product\/donjoy-condilax-albuestoette\/","title":{"rendered":"DONJOY CondiLax albuest\u00f8tte"},"content":{"rendered":"<h4><strong>Optimal anvendelse<\/strong><\/h4>\n<p>&nbsp;<\/p>\n<p>Albuebandasje laget av strikket, elastisk materiale for st\u00f8tte og kompresjon. Bandasjen har ekstra st\u00f8tte rundt epikondylene (utstikkerne p\u00e5 benet) for \u00e5 sikre beskyttelse og kompresjon av disse mest smertefulle omr\u00e5dene. Bandasjen anbefales til tennis-\/golfalbue.    <strong>Kan brukes til h\u00f8yre og venstre arm.<\/strong><\/p>\n<p><strong>St\u00f8rrelsesguide<\/strong><\/p>\n<p><strong>M\u00e5l omkretsen av underarmen der den er st\u00f8rst (se video for instruksjoner lenger ned i teksten)<\/strong><\/p>\n<p>&nbsp;<\/p>\n<p><a href=\"https:\/\/dev.fysiolab.dk\/wp-content\/uploads\/2025\/05\/A1.png\"><img decoding=\"async\" class=\"alignnone size-medium wp-image-202393397\" src=\"https:\/\/dev.fysiolab.dk\/wp-content\/uploads\/2025\/05\/A1-300x154.png\" alt=\"\" width=\"300\" height=\"154\" title=\"\"><\/a><\/p>\n<p><strong>Omkrets Str<\/strong><\/p>\n<p><strong>18 - 20 cm XS<\/strong><\/p>\n<p><strong>21 - 24 cm S<\/strong><\/p>\n<p><strong>25 - 28 cm M<\/strong><\/p>\n<p><strong>29 - 31 cm L<\/strong><\/p>\n<p><strong>32 - 35 cm XL<\/strong><\/p>\n<p><strong>36 - 39 cm XXL<\/strong><\/p>\n","protected":false},"excerpt":{"rendered":"<p><strong>Myk og behagelig bandasje for albuesmerter som tennis- og golfalbue. Enkel \u00e5 ta p\u00e5 og gir \u00f8kt komfort og stabilitet i albueleddet. Kan brukes til b\u00e5de h\u00f8yre og venstre arm  <\/strong><\/p>\n<p>https:\/\/www.youtube.com\/watch?v=qP0Xealw_jo<\/p>\n","protected":false},"featured_media":77830,"comment_status":"closed","ping_status":"closed","template":"","meta":{"_acf_changed":false},"product_brand":[3091],"product_cat":[1932,1938,1939,1935,1937,1936,1933,1934],"product_tag":[2173],"class_list":{"0":"post-77823","1":"product","2":"type-product","3":"status-publish","4":"has-post-thumbnail","6":"product_brand-donjoy","7":"product_cat-albue-no","8":"product_cat-donjoy-no","9":"product_cat-donjoy-albuestoette","10":"product_cat-golfalbue-no","11":"product_cat-merkevarer","12":"product_cat-musens-arm","13":"product_cat-skinner-og-stoetteskinner","14":"product_cat-tennisalbue-no","15":"product_tag-donjoy-no","17":"first","18":"instock","19":"taxable","20":"shipping-taxable","21":"purchasable","22":"product-type-variable"},"acf":[],"_links":{"self":[{"href":"https:\/\/fysiolab.dk\/no\/wp-json\/wp\/v2\/product\/77823","targetHints":{"allow":["GET"]}}],"collection":[{"href":"https:\/\/fysiolab.dk\/no\/wp-json\/wp\/v2\/product"}],"about":[{"href":"https:\/\/fysiolab.dk\/no\/wp-json\/wp\/v2\/types\/product"}],"replies":[{"embeddable":true,"href":"https:\/\/fysiolab.dk\/no\/wp-json\/wp\/v2\/comments?post=77823"}],"wp:featuredmedia":[{"embeddable":true,"href":"https:\/\/fysiolab.dk\/no\/wp-json\/wp\/v2\/media\/77830"}],"wp:attachment":[{"href":"https:\/\/fysiolab.dk\/no\/wp-json\/wp\/v2\/media?parent=77823"}],"wp:term":[{"taxonomy":"product_brand","embeddable":true,"href":"https:\/\/fysiolab.dk\/no\/wp-json\/wp\/v2\/product_brand?post=77823"},{"taxonomy":"product_cat","embeddable":true,"href":"https:\/\/fysiolab.dk\/no\/wp-json\/wp\/v2\/product_cat?post=77823"},{"taxonomy":"product_tag","embeddable":true,"href":"https:\/\/fysiolab.dk\/no\/wp-json\/wp\/v2\/product_tag?post=77823"}],"curies":[{"name":"wp","href":"https:\/\/api.w.org\/{rel}","templated":true}]}}