{"id":77836,"date":"2025-04-17T15:43:11","date_gmt":"2025-04-17T13:43:11","guid":{"rendered":"https:\/\/fysiolab.dk\/product\/digitalt-termometer\/"},"modified":"2025-12-18T09:20:32","modified_gmt":"2025-12-18T08:20:32","slug":"digitalt-termometer","status":"publish","type":"product","link":"https:\/\/fysiolab.dk\/no\/product\/digitalt-termometer\/","title":{"rendered":"Digitalt termometer"},"content":{"rendered":"<p><strong>Digitalt termometer - RehabMedic<\/strong><\/p>\n<p>Dette digitale termometeret fra RehabMedic er designet med tanke p\u00e5 brukervennlighet. Det lange og ergonomiske innstikket gj\u00f8r det b\u00e5de enkelt og behagelig \u00e5 bruke - enten du m\u00e5ler temperaturen oralt, aksill\u00e6rt (under armen) eller rektalt. <\/p>\n<p>Termometeret er vanntett, noe som gj\u00f8r rengj\u00f8ringen rask og problemfri - en stor fordel b\u00e5de i private hjem og i profesjonelle milj\u00f8er.<\/p>\n<p>Den er utstyrt med et batteri med h\u00f8y ytelse og kan ta opptil 3000 n\u00f8yaktige m\u00e5linger f\u00f8r den m\u00e5 skiftes ut.<\/p>\n<p>Et p\u00e5litelig og praktisk valg for daglig temperaturm\u00e5ling.<\/p>\n","protected":false},"excerpt":{"rendered":"<p><strong>Dette digitale termometeret fra RehabMedic er designet med tanke p\u00e5 brukervennlighet. Det lange og ergonomiske innstikket gj\u00f8r det b\u00e5de enkelt og behagelig \u00e5 bruke - enten du m\u00e5ler temperaturen oralt, aksill\u00e6rt (under armen) eller rektalt. <\/strong><\/p>\n","protected":false},"featured_media":77838,"comment_status":"closed","ping_status":"closed","template":"","meta":{"_acf_changed":false},"product_brand":[],"product_cat":[1942,1937,1943,1941],"product_tag":[1944],"class_list":{"0":"post-77836","1":"product","2":"type-product","3":"status-publish","4":"has-post-thumbnail","6":"product_cat-foerstehjelp","7":"product_cat-merkevarer","8":"product_cat-rehabmedic-no","9":"product_cat-rekonvalesens-og-sportspleie","10":"product_tag-rehabmedic-no","12":"first","13":"instock","14":"taxable","15":"shipping-taxable","16":"purchasable","17":"product-type-simple"},"acf":[],"_links":{"self":[{"href":"https:\/\/fysiolab.dk\/no\/wp-json\/wp\/v2\/product\/77836","targetHints":{"allow":["GET"]}}],"collection":[{"href":"https:\/\/fysiolab.dk\/no\/wp-json\/wp\/v2\/product"}],"about":[{"href":"https:\/\/fysiolab.dk\/no\/wp-json\/wp\/v2\/types\/product"}],"replies":[{"embeddable":true,"href":"https:\/\/fysiolab.dk\/no\/wp-json\/wp\/v2\/comments?post=77836"}],"wp:featuredmedia":[{"embeddable":true,"href":"https:\/\/fysiolab.dk\/no\/wp-json\/wp\/v2\/media\/77838"}],"wp:attachment":[{"href":"https:\/\/fysiolab.dk\/no\/wp-json\/wp\/v2\/media?parent=77836"}],"wp:term":[{"taxonomy":"product_brand","embeddable":true,"href":"https:\/\/fysiolab.dk\/no\/wp-json\/wp\/v2\/product_brand?post=77836"},{"taxonomy":"product_cat","embeddable":true,"href":"https:\/\/fysiolab.dk\/no\/wp-json\/wp\/v2\/product_cat?post=77836"},{"taxonomy":"product_tag","embeddable":true,"href":"https:\/\/fysiolab.dk\/no\/wp-json\/wp\/v2\/product_tag?post=77836"}],"curies":[{"name":"wp","href":"https:\/\/api.w.org\/{rel}","templated":true}]}}