{"id":77840,"date":"2025-06-07T09:14:45","date_gmt":"2025-06-07T07:14:45","guid":{"rendered":"https:\/\/fysiolab.dk\/product\/babinski-reflekterende-hammer\/"},"modified":"2025-12-18T09:20:29","modified_gmt":"2025-12-18T08:20:29","slug":"babinski-reflekterende-hammer","status":"publish","type":"product","link":"https:\/\/fysiolab.dk\/no\/product\/babinski-reflekterende-hammer\/","title":{"rendered":"Babinski Reflekterende hammer"},"content":{"rendered":"<p><strong>Babinski Reflex-hammer - med dreibart hode og integrert estetikometer<\/strong><\/p>\n<p>Denne Babinski-reflekshammeren er et presist og allsidig verkt\u00f8y utviklet for nevrologiske unders\u00f8kelser. Hodet kan roteres i flere plan, noe som gj\u00f8r det enkelt \u00e5 justere slagretningen og sikre n\u00f8yaktig stimulering av senereflekser - uavhengig av pasientens stilling. <\/p>\n<p>H\u00e5ndtaket er ergonomisk utformet og har et integrert estetometer i bunnen, noe som gj\u00f8r det mulig \u00e5 m\u00e5le taktil f\u00f8lsomhet uten behov for ekstra utstyr. Dette gj\u00f8r hammeren ideell for raske og effektive unders\u00f8kelser b\u00e5de p\u00e5 klinikk og i praksis. <\/p>\n<p><strong>Spesifikasjoner:<\/strong><\/p>\n<ul>\n<li>Svingbart hode for optimal fleksibilitet<\/li>\n<li>Integrert bed\u00f8velsesm\u00e5ler i bunnen av h\u00e5ndtaket<\/li>\n<li>Ergonomisk design for et sikkert og komfortabelt grep<\/li>\n<li>Egnet for profesjonell nevrologisk vurdering<\/li>\n<\/ul>\n<p><strong>Et praktisk og multifunksjonelt verkt\u00f8y for helsepersonell som \u00f8nsker b\u00e5de funksjonalitet og presisjon i ett og samme verkt\u00f8y<\/strong><\/p>\n","protected":false},"excerpt":{"rendered":"<p><strong>Denne Babinski-reflekshammeren er et presist og allsidig verkt\u00f8y utviklet for nevrologiske unders\u00f8kelser. Hodet kan roteres i flere plan, noe som gj\u00f8r det enkelt \u00e5 justere slagretningen og sikre n\u00f8yaktig stimulering av senereflekser - uavhengig av pasientens stilling. <\/strong><\/p>\n","protected":false},"featured_media":77631,"comment_status":"closed","ping_status":"closed","template":"","meta":{"_acf_changed":false},"product_brand":[3111,3087],"product_cat":[1948],"product_tag":[1954],"class_list":{"0":"post-77840","1":"product","2":"type-product","3":"status-publish","4":"has-post-thumbnail","6":"product_brand-baseline","7":"product_brand-rehabmedic","8":"product_cat-klinikk","9":"product_tag-grunnlinje","11":"first","12":"instock","13":"taxable","14":"shipping-taxable","15":"purchasable","16":"product-type-simple"},"acf":[],"_links":{"self":[{"href":"https:\/\/fysiolab.dk\/no\/wp-json\/wp\/v2\/product\/77840","targetHints":{"allow":["GET"]}}],"collection":[{"href":"https:\/\/fysiolab.dk\/no\/wp-json\/wp\/v2\/product"}],"about":[{"href":"https:\/\/fysiolab.dk\/no\/wp-json\/wp\/v2\/types\/product"}],"replies":[{"embeddable":true,"href":"https:\/\/fysiolab.dk\/no\/wp-json\/wp\/v2\/comments?post=77840"}],"wp:featuredmedia":[{"embeddable":true,"href":"https:\/\/fysiolab.dk\/no\/wp-json\/wp\/v2\/media\/77631"}],"wp:attachment":[{"href":"https:\/\/fysiolab.dk\/no\/wp-json\/wp\/v2\/media?parent=77840"}],"wp:term":[{"taxonomy":"product_brand","embeddable":true,"href":"https:\/\/fysiolab.dk\/no\/wp-json\/wp\/v2\/product_brand?post=77840"},{"taxonomy":"product_cat","embeddable":true,"href":"https:\/\/fysiolab.dk\/no\/wp-json\/wp\/v2\/product_cat?post=77840"},{"taxonomy":"product_tag","embeddable":true,"href":"https:\/\/fysiolab.dk\/no\/wp-json\/wp\/v2\/product_tag?post=77840"}],"curies":[{"name":"wp","href":"https:\/\/api.w.org\/{rel}","templated":true}]}}