{"id":77867,"date":"2025-05-27T21:55:17","date_gmt":"2025-05-27T19:55:17","guid":{"rendered":"https:\/\/fysiolab.dk\/product\/glu-tech-loepeshorts-2in1-dame\/"},"modified":"2025-12-18T09:20:31","modified_gmt":"2025-12-18T08:20:31","slug":"glu-tech-loepeshorts-2in1-dame","status":"publish","type":"product","link":"https:\/\/fysiolab.dk\/no\/product\/glu-tech-loepeshorts-2in1-dame\/","title":{"rendered":"LiiteGuard Glu-Tech Running 2in1 Shorts (dame)"},"content":{"rendered":"<h3 data-start=\"0\" data-end=\"55\"><strong data-start=\"4\" data-end=\"53\">LiiteGuard Glu-Tech Running 2in1 Shorts (dame)<\/strong><\/h3>\n<p data-start=\"57\" data-end=\"528\">LiiteGuard Glu-Tech Running 2in1 Shorts er designet for den aktive kvinnen som \u00f8nsker <strong data-start=\"144\" data-end=\"190\">funksjon, st\u00f8tte og frihet i \u00e9n og samme shorts.<\/strong> De kombinerer et ytre lag av lett og pustende materiale med en indre kompresjonstights som inneholder LiiteGuards unike <g id=\"gid_1\">Glu-Tech-teknologi<\/g>. Denne teknologien gir m\u00e5lrettet <strong data-start=\"370\" data-end=\"410\">kompresjon rundt hoftene og baken<\/strong>, noe som bidrar til \u00e5 aktivere musklene, forbedre stabiliteten og redusere tretthet under b\u00e5de l\u00f8ping og trening.  <\/p>\n<p data-start=\"530\" data-end=\"911\">Ytterlaget er laget av et <strong data-start=\"564\" data-end=\"620\">ultralett, svettetransporterende og hurtigt\u00f8rkende stoff<\/strong> som f\u00f8lger kroppens bevegelser uten \u00e5 begrense dem. Den brede elastiske linningen gir en sikker og behagelig passform, mens den indre tightsen sitter tett uten \u00e5 stramme. Shortsen har ogs\u00e5 en <strong data-start=\"817\" data-end=\"846\">diskret glidel\u00e5slomme bak<\/strong>, ideell til oppbevaring av n\u00f8kler eller sm\u00e5ting under aktivitet.  <\/p>\n<p data-start=\"913\" data-end=\"1200\">Glu-Tech Running 2in1 Shorts er perfekte til <strong data-start=\"957\" data-end=\"1004\">l\u00f8ping, fitness, styrketrening og hverdagsbruk<\/strong> der du \u00f8nsker optimal st\u00f8tte og komfort i et elegant og funksjonelt design. Kombinasjonen av kompresjon og bevegelsesfrihet gj\u00f8r dem til et godt valg for b\u00e5de mosjonister og seri\u00f8se idrettsut\u00f8vere. <\/p>\n<p data-start=\"1202\" data-end=\"1253\"><strong data-start=\"1202\" data-end=\"1212\">Farge:<\/strong> Svart<br data-start=\"1217\" data-end=\"1220\"><strong data-start=\"1220\" data-end=\"1235\">St\u00f8rrelser:<\/strong> XS, S, M, L, XL<\/p>\n","protected":false},"excerpt":{"rendered":"<p><strong>LiiteGuard Glu-Tech Running 2in1 Shorts kombinerer lett bevegelsesfrihet med m\u00e5lrettet kompresjon i hofte og rumpe. Laget for kvinner som \u00f8nsker \u00e5 yte sitt beste - enten det er p\u00e5 l\u00f8peturen, i treningsstudioet eller p\u00e5 trening. <\/strong><\/p>\n","protected":false},"featured_media":77873,"comment_status":"closed","ping_status":"closed","template":"","meta":{"_acf_changed":false},"product_brand":[],"product_cat":[1966,1965,1968,1969,1937,1970,1967],"product_tag":[1971],"class_list":{"0":"post-77867","1":"product","2":"type-product","3":"status-publish","4":"has-post-thumbnail","6":"product_cat-klaer","7":"product_cat-liiteguard-no","8":"product_cat-liiteguard-no-2","9":"product_cat-loepetights","10":"product_cat-merkevarer","11":"product_cat-padel-no","12":"product_cat-stroempebukser","13":"product_tag-liiteguard-no","15":"first","16":"instock","17":"taxable","18":"shipping-taxable","19":"purchasable","20":"product-type-variable"},"acf":[],"_links":{"self":[{"href":"https:\/\/fysiolab.dk\/no\/wp-json\/wp\/v2\/product\/77867","targetHints":{"allow":["GET"]}}],"collection":[{"href":"https:\/\/fysiolab.dk\/no\/wp-json\/wp\/v2\/product"}],"about":[{"href":"https:\/\/fysiolab.dk\/no\/wp-json\/wp\/v2\/types\/product"}],"replies":[{"embeddable":true,"href":"https:\/\/fysiolab.dk\/no\/wp-json\/wp\/v2\/comments?post=77867"}],"wp:featuredmedia":[{"embeddable":true,"href":"https:\/\/fysiolab.dk\/no\/wp-json\/wp\/v2\/media\/77873"}],"wp:attachment":[{"href":"https:\/\/fysiolab.dk\/no\/wp-json\/wp\/v2\/media?parent=77867"}],"wp:term":[{"taxonomy":"product_brand","embeddable":true,"href":"https:\/\/fysiolab.dk\/no\/wp-json\/wp\/v2\/product_brand?post=77867"},{"taxonomy":"product_cat","embeddable":true,"href":"https:\/\/fysiolab.dk\/no\/wp-json\/wp\/v2\/product_cat?post=77867"},{"taxonomy":"product_tag","embeddable":true,"href":"https:\/\/fysiolab.dk\/no\/wp-json\/wp\/v2\/product_tag?post=77867"}],"curies":[{"name":"wp","href":"https:\/\/api.w.org\/{rel}","templated":true}]}}