{"id":77884,"date":"2023-07-16T14:33:16","date_gmt":"2023-07-16T12:33:16","guid":{"rendered":"https:\/\/fysiolab.dk\/product\/donjoy-genuforce-xpert-knebandasje\/"},"modified":"2025-12-18T09:21:26","modified_gmt":"2025-12-18T08:21:26","slug":"donjoy-genuforce-xpert-knebandasje","status":"publish","type":"product","link":"https:\/\/fysiolab.dk\/no\/product\/donjoy-genuforce-xpert-knebandasje\/","title":{"rendered":"DonJoy Genuforce Xpert knebandasje"},"content":{"rendered":"<p>DonJoy Genuforce Xpert er en strikket bandasje med hengselledd, knesk\u00e5lpute og 2 justerbare stropper som sikrer god knest\u00f8tte og en perfekt anatomisk passform. Bandasjen har 2 polysentriske hengselledd som gir kneet stabilitet og st\u00f8tte, samtidig som den tillater fri bevegelse av kneet. Bandasjen anbefales ved kollateralligamentskader, instabilitet, slitasjegikt og meniskskader.  <\/p>\n<p><a href=\"https:\/\/fysiolab.dk\/no\/product\/donjoy-genuforce-knebandasje\/\"><strong>Du finner ogs\u00e5 v\u00e5r popul\u00e6re DonJoy GenuForce Knee Brace her!<\/strong><\/a><\/p>\n<p><strong>St\u00f8rrelsesguide  <\/strong><\/p>\n<p><strong>M\u00e5l l\u00e5rets omkrets 15 cm over midten av knesk\u00e5len og der hvor leggen er st\u00f8rst<\/strong><\/p>\n<p><a href=\"https:\/\/dev.fysiolab.dk\/wp-content\/uploads\/2025\/05\/K1-1-scaled.png\"><img fetchpriority=\"high\" decoding=\"async\" class=\"alignnone size-medium wp-image-202392487\" src=\"https:\/\/dev.fysiolab.dk\/wp-content\/uploads\/2025\/05\/K1-1-scaled.png\" alt=\"\" width=\"177\" height=\"300\" title=\"\"><\/a><\/p>\n<p><strong>Omkrets l\u00e5r Omkrets legg St\u00f8rrelse<\/strong><\/p>\n<p><strong>37-40 cm 25-28 cm XS<\/strong><\/p>\n<p><strong>40-43 cm 28-31 cm S<\/strong><\/p>\n<p><strong>43-46 cm 31-34 cm M<\/strong><\/p>\n<p><strong>46-49 cm 34-37 cm L<\/strong><\/p>\n<p><strong>49-52 cm 37-40 cm XL<\/strong><\/p>\n<p><strong>52-55 cm 40-43 cm XXL<\/strong><\/p>\n<p><strong>55-58 cm 43-46 cm XXXL<\/strong><\/p>\n<p><strong>Indikasjoner for bruk<\/strong><\/p>\n<p>- St\u00f8tte og kompresjon etter akutte og kroniske kneskader og mild kneartrose<\/p>\n<p>- Mild til moderat strekk i leddb\u00e5nd (MCL og LCL)<\/p>\n<p>- Mild til moderat ustabilitet i kneet<\/p>\n<p>- Milde meniskskader<\/p>\n<p>- Forebygging av skader<\/p>\n<p><strong>Fordeler og funksjoner<\/strong><\/p>\n<p>- Proprioceptiv og nevromuskul\u00e6r stimulering ved hjelp av kompresjon <\/p>\n<p>- Anatomisk formet knepute i silikon for \u00f8kt patellastabilitet, massasjeeffekt og forbedret propriosepsjon<\/p>\n<p>- Justerbare stropper rundt l\u00e5r og underben for \u00f8kt kompresjon og st\u00f8tte<\/p>\n<p>- Bilaterale, polysentriske hengselledd med stive sidest\u00f8tter for forbedret medial og lateral stabilitet<\/p>\n<p>- Justerbare stropper rundt l\u00e5r og underben<\/p>\n<p>- Bilaterale, polysentriske hengselledd med stive sidest\u00f8tter<\/p>\n<p>- Anatomisk formet knepute i silikon<\/p>\n<p><iframe title=\"Opm\u00e5lingsvejledning DonJoy kn\u00e6skinne\" width=\"800\" height=\"450\" src=\"https:\/\/www.youtube.com\/embed\/xFbVX8Hcvuo?feature=oembed\" frameborder=\"0\" allow=\"accelerometer; autoplay; clipboard-write; encrypted-media; gyroscope; picture-in-picture; web-share\" referrerpolicy=\"strict-origin-when-cross-origin\" allowfullscreen><\/iframe><\/p>\n","protected":false},"excerpt":{"rendered":"<p><strong>DonJoy Genuforce Xpert er en strikket bandasje med hengselledd, knesk\u00e5lpute og 2 justerbare stropper som sikrer god knest\u00f8tte og en perfekt anatomisk passform. Bandasjen har 2 polysentriske hengselledd som gir kneet stabilitet og st\u00f8tte, samtidig som den tillater fri bevegelse av kneet. Bandasjen anbefales ved kollateralligamentskader, instabilitet, slitasjegikt og meniskskader.    <\/strong><\/p>\n","protected":false},"featured_media":77893,"comment_status":"closed","ping_status":"closed","template":"","meta":{"_acf_changed":false},"product_brand":[],"product_cat":[1981,1938,1977,2912,1974,1978,1980,1975,1979,1937,1976,1970,1933],"product_tag":[2173],"class_list":{"0":"post-77884","1":"product","2":"type-product","3":"status-publish","4":"has-post-thumbnail","6":"product_cat-artrose-menisk-bruskskade","7":"product_cat-donjoy-no","8":"product_cat-donjoy-knestoette","9":"product_cat-forceline-no","10":"product_cat-forstuet-kne","11":"product_cat-knestoetter","12":"product_cat-kollateral-ligamentskade","13":"product_cat-lett-ustabilitet-ustabil","14":"product_cat-menisk-no","15":"product_cat-merkevarer","16":"product_cat-overbelastning-no","17":"product_cat-padel-no","18":"product_cat-skinner-og-stoetteskinner","19":"product_tag-donjoy-no","21":"first","22":"instock","23":"taxable","24":"shipping-taxable","25":"purchasable","26":"product-type-variable"},"acf":[],"_links":{"self":[{"href":"https:\/\/fysiolab.dk\/no\/wp-json\/wp\/v2\/product\/77884","targetHints":{"allow":["GET"]}}],"collection":[{"href":"https:\/\/fysiolab.dk\/no\/wp-json\/wp\/v2\/product"}],"about":[{"href":"https:\/\/fysiolab.dk\/no\/wp-json\/wp\/v2\/types\/product"}],"replies":[{"embeddable":true,"href":"https:\/\/fysiolab.dk\/no\/wp-json\/wp\/v2\/comments?post=77884"}],"wp:featuredmedia":[{"embeddable":true,"href":"https:\/\/fysiolab.dk\/no\/wp-json\/wp\/v2\/media\/77893"}],"wp:attachment":[{"href":"https:\/\/fysiolab.dk\/no\/wp-json\/wp\/v2\/media?parent=77884"}],"wp:term":[{"taxonomy":"product_brand","embeddable":true,"href":"https:\/\/fysiolab.dk\/no\/wp-json\/wp\/v2\/product_brand?post=77884"},{"taxonomy":"product_cat","embeddable":true,"href":"https:\/\/fysiolab.dk\/no\/wp-json\/wp\/v2\/product_cat?post=77884"},{"taxonomy":"product_tag","embeddable":true,"href":"https:\/\/fysiolab.dk\/no\/wp-json\/wp\/v2\/product_tag?post=77884"}],"curies":[{"name":"wp","href":"https:\/\/api.w.org\/{rel}","templated":true}]}}