{"id":77921,"date":"2023-07-16T12:42:33","date_gmt":"2023-07-16T10:42:33","guid":{"rendered":"https:\/\/fysiolab.dk\/product\/dura-stick-premium-40x60-mm-oval-elektrode\/"},"modified":"2025-12-18T09:22:49","modified_gmt":"2025-12-18T08:22:49","slug":"dura-stick-premium-40x60-mm-oval-elektrode","status":"publish","type":"product","link":"https:\/\/fysiolab.dk\/no\/product\/dura-stick-premium-40x60-mm-oval-elektrode\/","title":{"rendered":"Dura Stick Premium 40&#215;60 mm oval elektrode"},"content":{"rendered":"<h3><strong>Dura stick premium 40&#215;60 mm oval elektrode for Cefar tens-apparat<\/strong><\/h3>\n<p>Dura Stick Premium er laget av tynt og fleksibelt spesialstoff, noe som gj\u00f8r at den fester seg godt p\u00e5 ujevne kroppsdeler og har utmerket ledningsevne.<\/p>\n<p>Ingen gel eller tape er n\u00f8dvendig, noe som gj\u00f8r p\u00e5f\u00f8ringen enkel og behagelig.<\/p>\n<p>De varer i 40-60 behandlinger.<\/p>\n<p><strong>Produktspesifikasjoner:<\/strong><\/p>\n<p><strong>Farge: Gr\u00e5<\/strong><\/p>\n<p><strong>St\u00f8rrelse: 40x60mm<\/strong><\/p>\n<p><strong>Antall: 4 stykker per pakke<\/strong><\/p>\n<p><strong>Tilkobling: Cord (Cefar)<\/strong><\/p>\n<p>&nbsp;<\/p>\n","protected":false},"excerpt":{"rendered":"<p><strong>Dura stick premium 40&#215;60 mm oval elektrode for Cefar tens-apparat. Inneholder 4 stykker per pakke <\/strong><\/p>\n","protected":false},"featured_media":77924,"comment_status":"closed","ping_status":"closed","template":"","meta":{"_acf_changed":false},"product_brand":[],"product_cat":[1984,1985,1982,1950,1937,1983],"product_tag":[1986],"class_list":{"0":"post-77921","1":"product","2":"type-product","3":"status-publish","4":"has-post-thumbnail","6":"product_cat-cefar-no","7":"product_cat-cefar-elektroder-no","8":"product_cat-compex-elektroder-no","9":"product_cat-elektroterapi","10":"product_cat-merkevarer","11":"product_cat-tens-cefar-no","12":"product_tag-elektroder-no","14":"first","15":"instock","16":"taxable","17":"shipping-taxable","18":"purchasable","19":"product-type-simple"},"acf":[],"_links":{"self":[{"href":"https:\/\/fysiolab.dk\/no\/wp-json\/wp\/v2\/product\/77921","targetHints":{"allow":["GET"]}}],"collection":[{"href":"https:\/\/fysiolab.dk\/no\/wp-json\/wp\/v2\/product"}],"about":[{"href":"https:\/\/fysiolab.dk\/no\/wp-json\/wp\/v2\/types\/product"}],"replies":[{"embeddable":true,"href":"https:\/\/fysiolab.dk\/no\/wp-json\/wp\/v2\/comments?post=77921"}],"wp:featuredmedia":[{"embeddable":true,"href":"https:\/\/fysiolab.dk\/no\/wp-json\/wp\/v2\/media\/77924"}],"wp:attachment":[{"href":"https:\/\/fysiolab.dk\/no\/wp-json\/wp\/v2\/media?parent=77921"}],"wp:term":[{"taxonomy":"product_brand","embeddable":true,"href":"https:\/\/fysiolab.dk\/no\/wp-json\/wp\/v2\/product_brand?post=77921"},{"taxonomy":"product_cat","embeddable":true,"href":"https:\/\/fysiolab.dk\/no\/wp-json\/wp\/v2\/product_cat?post=77921"},{"taxonomy":"product_tag","embeddable":true,"href":"https:\/\/fysiolab.dk\/no\/wp-json\/wp\/v2\/product_tag?post=77921"}],"curies":[{"name":"wp","href":"https:\/\/api.w.org\/{rel}","templated":true}]}}