{"id":77922,"date":"2023-07-16T12:43:56","date_gmt":"2023-07-16T10:43:56","guid":{"rendered":"https:\/\/fysiolab.dk\/product\/procare-tulis-haelblemmer\/"},"modified":"2025-12-18T09:22:48","modified_gmt":"2025-12-18T08:22:48","slug":"procare-tulis-haelblemmer","status":"publish","type":"product","link":"https:\/\/fysiolab.dk\/no\/product\/procare-tulis-haelblemmer\/","title":{"rendered":"ProCare Tuli&#8217;s H\u00e6lblemmer"},"content":{"rendered":"<h4><strong>Optimal anvendelse  <\/strong><\/h4>\n<p>Unik vaffeldesign som absorberer st\u00f8t og trykk ved h\u00e6lst\u00f8t. Standardmodell som kan brukes til alle aktiviteter. Pro-modellen har en bredere og dobbelt vaffeldesign som absorberer trykket ved h\u00f8yaktivitetsidretter. Selges i par. Tuli&#8217;s Heel Cups anbefales ved h\u00e6lsmerter og h\u00e6lspore. Finnes i en Pro-versjon (gr\u00f8nn) med st\u00f8rre celler som absorberer mest belastning, og i en standardversjon (gul) med mindre celler som passer bedre i lave sko og til hverdagsbruk.     <\/p>\n<p><strong>Fordeler og funksjoner<\/strong><\/p>\n<ul>\n<li>Myke h\u00e6linnlegg som holder seg p\u00e5 plass og ikke glir rundt i skoene<\/li>\n<li>Rikelig med st\u00f8tdemping<\/li>\n<li>Lindrer og lindrer smerter i h\u00e6l, legg, kne og rygg<\/li>\n<li>Passer til alle typer sko<\/li>\n<li>3 st\u00f8rrelser Pro-utgave (gr\u00f8nn)<\/li>\n<li>2 st\u00f8rrelser Standardversjon (gul)<\/li>\n<li>1 Tuli&#8217;s Pro Heel Cup inneholder 2 innlegg<\/li>\n<\/ul>\n<p><strong>St\u00f8rrelsesguide<\/strong><\/p>\n<p><strong>Det er 3 varianter tilgjengelig:<\/strong><\/p>\n<ul>\n<li><strong>Barn under 40 kg (&lt;40 kg)<\/strong><\/li>\n<li><strong>Voksen under 80 kg (&lt;80 kg)<\/strong><\/li>\n<li><strong>Voksen over 80 kg (&gt;80 kg)<\/strong><\/li>\n<\/ul>\n<p><iframe title=\"Tuli\u2019s Heel cup\" width=\"800\" height=\"450\" src=\"https:\/\/www.youtube.com\/embed\/ZYXM0_87ttw?feature=oembed\" frameborder=\"0\" allow=\"accelerometer; autoplay; clipboard-write; encrypted-media; gyroscope; picture-in-picture; web-share\" referrerpolicy=\"strict-origin-when-cross-origin\" allowfullscreen><\/iframe><\/p>\n<p>&nbsp;<\/p>\n<p>&nbsp;<\/p>\n","protected":false},"excerpt":{"rendered":"<p><strong>Tuli&#8217;s Heel Cup gir optimal behandling av problemer med fettputen i h\u00e6len og stabiliserer omr\u00e5det under h\u00e6lbenet. Anbefales ved h\u00e6lsmerter og h\u00e6lspore. Inkluderer 2 stk.  <\/p>\n<p><\/strong><\/p>\n","protected":false},"featured_media":77932,"comment_status":"closed","ping_status":"closed","template":"","meta":{"_acf_changed":false},"product_brand":[3139,3124],"product_cat":[1992,1996,1948,1937,1970,1998,1997,2000,2001,2003,1933,1994,1993,1995,1999,2002],"product_tag":[2264],"class_list":{"0":"post-77922","1":"product","2":"type-product","3":"status-publish","4":"has-post-thumbnail","6":"product_brand-procare","7":"product_brand-tulis","8":"product_cat-ankelskinne","9":"product_cat-haelspore-no","10":"product_cat-klinikk","11":"product_cat-merkevarer","12":"product_cat-padel-no","13":"product_cat-plantar-facitis-no-2","14":"product_cat-plantar-facitis-no","15":"product_cat-procare-no","16":"product_cat-procare-haelinnlegg","17":"product_cat-saaler-og-fotpleie","18":"product_cat-skinner-og-stoetteskinner","19":"product_cat-sko-og-saaler-no","20":"product_cat-smerter-i-akillessenen","21":"product_cat-smerter-i-haelen","22":"product_cat-stoetabsorberende-fottoey","23":"product_cat-tulis-no","24":"product_tag-procare-no","26":"first","27":"instock","28":"taxable","29":"shipping-taxable","30":"purchasable","31":"product-type-variable"},"acf":[],"_links":{"self":[{"href":"https:\/\/fysiolab.dk\/no\/wp-json\/wp\/v2\/product\/77922","targetHints":{"allow":["GET"]}}],"collection":[{"href":"https:\/\/fysiolab.dk\/no\/wp-json\/wp\/v2\/product"}],"about":[{"href":"https:\/\/fysiolab.dk\/no\/wp-json\/wp\/v2\/types\/product"}],"replies":[{"embeddable":true,"href":"https:\/\/fysiolab.dk\/no\/wp-json\/wp\/v2\/comments?post=77922"}],"wp:featuredmedia":[{"embeddable":true,"href":"https:\/\/fysiolab.dk\/no\/wp-json\/wp\/v2\/media\/77932"}],"wp:attachment":[{"href":"https:\/\/fysiolab.dk\/no\/wp-json\/wp\/v2\/media?parent=77922"}],"wp:term":[{"taxonomy":"product_brand","embeddable":true,"href":"https:\/\/fysiolab.dk\/no\/wp-json\/wp\/v2\/product_brand?post=77922"},{"taxonomy":"product_cat","embeddable":true,"href":"https:\/\/fysiolab.dk\/no\/wp-json\/wp\/v2\/product_cat?post=77922"},{"taxonomy":"product_tag","embeddable":true,"href":"https:\/\/fysiolab.dk\/no\/wp-json\/wp\/v2\/product_tag?post=77922"}],"curies":[{"name":"wp","href":"https:\/\/api.w.org\/{rel}","templated":true}]}}