{"id":77937,"date":"2023-07-16T12:42:34","date_gmt":"2023-07-16T10:42:34","guid":{"rendered":"https:\/\/fysiolab.dk\/product\/cefar-rehab-x2-muskelstimulator\/"},"modified":"2025-12-18T09:22:49","modified_gmt":"2025-12-18T08:22:49","slug":"cefar-rehab-x2-muskelstimulator","status":"publish","type":"product","link":"https:\/\/fysiolab.dk\/no\/product\/cefar-rehab-x2-muskelstimulator\/","title":{"rendered":"Cefar Rehab X2 muskelstimulator"},"content":{"rendered":"<h4><span id=\"ctl00_main_ctl00_ctl00_labShortDescription\" class=\"product-short-description-label display-block\"><strong>Optimal anvendelse<\/strong> <\/span><\/h4>\n<p><span id=\"ctl00_main_ctl00_ctl00_labShortDescription\" class=\"product-short-description-label display-block\">CEFAR REHAB X2 er en liten, smidig stimulator som kan brukes til behandling p\u00e5 klinikken eller i hjemmet. De grunnleggende behandlingsmetodene TENS og NMES er kombinert i \u00e9n stimulator. Ideell for rehabilitering, b\u00e5de for korte og lange perioder<\/span><\/p>\n<p><strong>CEFAR EASY TOUCH\u2122<\/strong> betyr at stimulatoren har automatisk overf\u00f8ring. Med et tastetrykk justeres overf\u00f8ringen automatisk, en funksjon som forenkler bruken og sikrer at man oppn\u00e5r et optimalt stimuleringsniv\u00e5. Alt for de beste behandlingsresultatene!  <\/p>\n<p><strong>Programalternativer<\/strong><\/p>\n<p>Med CEFAR REHAB X2 er det mulig \u00e5 opprette og lagre tre personlige programmer for individuelle behov. Mange parametere kan programmeres, for eksempel pulsmodulering, frekvensmodulering, vekslende stimulering, opp- og nedrampingstid, kontraksjons- og pausetid og aktiv hvile. <\/p>\n<p><strong>Behandlingsomr\u00e5de<\/strong><\/p>\n<p>CEFAR REHAB X2 har forh\u00e5ndsprogrammerte programmer som dekker mange behandlingsomr\u00e5der.<\/p>\n<p>TENS-programmet omfatter frekvens, veiledning for intramuskul\u00e6r injeksjon (Botulinumtoksin) og CEFAR FLOW TENS.<\/p>\n<p>NMES-programmet inneholder forh\u00e5ndsprogrammerte programmer for b\u00e5de ortopediske og nevrologiske behandlinger, vekslende stimulering, muskeloppbyggingsprogrammer med aktiv hvile, oppvarming, restitusjon og massasjeprogrammer. P15-16 har lengre eskalering for sammentrekning og anbefales spesielt for nevrologisk rehabilitering. <\/p>\n<p><strong>CEFAR FLOW TENS<\/strong><\/p>\n<p>Et forh\u00e5ndsprogrammert program med en ny, behagelig stimulering. Ved \u00e5 bruke begge kanalene samtidig (fire elektroder) f\u00e5r pasienten smertelindring og en behagelig massasje p\u00e5 samme tid. Egnet for rygg, nakke, hofter og skuldre.  <\/p>\n<p><strong>CEFAR Clinical Guide (CCG\u2122)<\/strong><\/p>\n<p>I brukerh\u00e5ndboken finner du grundig informasjon om de vanligste indikasjonene. Her finner du retningslinjer og forslag til programmer og elektrodeplasseringer for de vanligste indikasjonene innen ortopedi, smerte og nevrologi. <\/p>\n<p><strong>Timer<\/strong> Det finnes en timer som lar deg stille inn behandlingstiden mellom 0-60 minutter.<\/p>\n<p><strong>Manuell betjening<\/strong><\/p>\n<p>Den manuelle betjeningen hjelper pasienten med \u00e5 f\u00e5 en effektiv og veltilpasset stimulering ved \u00e5 styre sammentrekningstiden manuelt i de interne programmene. P13-14 med 10 sekunders sammentrekningstid er et program som egner seg godt for manuell betjening. <\/p>\n<p><strong>Oppf\u00f8lgingsfunksjon<\/strong><\/p>\n<p>Med oppf\u00f8lgingsfunksjonen kan du overv\u00e5ke bruken av stimulatoren. CEFAR REHAB X2 har to forskjellige oppf\u00f8lgingsalternativer: <\/p>\n<p>A) Sporing av stimulatorbruk vises i timer og minutter med mulighet for tilbakestilling mellom ulike brukere.<\/p>\n<p>B) Den totale sporingen av stimulatorbruk vises i timer og minutter. Kan ikke tilbakestilles. <\/p>\n<p><strong>Automatisk funksjonskontroll<\/strong><\/p>\n<p>For \u00e5 \u00f8ke brukersikkerheten er CEFAR REHAB X2 utstyrt med en automatisk funksjonskontroll. Hvis det oppst\u00e5r en feil p\u00e5 kretskortet (PCB), kan stimulatoren ikke brukes. Et feilsymbol vises i displayet n\u00e5r du starter stimulatoren, noe som betyr at stimulatoren er \u00f8delagt og m\u00e5 sendes til service.  <\/p>\n<p>Leveres i en pose med f\u00f8lgende tilbeh\u00f8r: * 1 pakke elektroder * 2 tilkoblingskabler * 1 manuell bryter * 2 oppladbare 1,2 V AA-batterier * 1 b\u00e6restropp * 1 belteklips * 1 bruksanvisning<\/p>\n","protected":false},"excerpt":{"rendered":"<p><span id=\"ctl00_main_ctl00_ctl00_labShortDescription\" class=\"product-short-description-label display-block\"><strong>CEFAR REHAB X2 er en liten, hendig stimulator som kan brukes til behandling p\u00e5 klinikken eller hjemme. De grunnleggende behandlingsmetodene TENS og NMES er kombinert i \u00e9n stimulator. Ideell for rehabilitering, i noen m\u00e5neder eller resten av livet.  <\/strong> <\/span><\/p>\n<p><em><strong>FysioLab er den eneste danske Cefar-forhandleren hvor du er garantert dansk r\u00e5dgivning og veiledning ved kj\u00f8p, og v\u00e5r fysioterapeut er alltid tilgjengelig for \u00e5 hjelpe deg f\u00f8r og etter kj\u00f8pet!<\/strong><\/em><\/p>\n","protected":false},"featured_media":77942,"comment_status":"closed","ping_status":"closed","template":"","meta":{"_acf_changed":false},"product_brand":[3104],"product_cat":[1984,2015,1950,2020,1937,1983],"product_tag":[2378],"class_list":{"0":"post-77937","1":"product","2":"type-product","3":"status-publish","4":"has-post-thumbnail","6":"product_brand-cefar","7":"product_cat-cefar-no","8":"product_cat-cefar-tens-no","9":"product_cat-elektroterapi","10":"product_cat-julegaveideer-no","11":"product_cat-merkevarer","12":"product_cat-tens-cefar-no","13":"product_tag-cefar-no","15":"first","16":"instock","17":"taxable","18":"shipping-taxable","19":"purchasable","20":"product-type-simple"},"acf":[],"_links":{"self":[{"href":"https:\/\/fysiolab.dk\/no\/wp-json\/wp\/v2\/product\/77937","targetHints":{"allow":["GET"]}}],"collection":[{"href":"https:\/\/fysiolab.dk\/no\/wp-json\/wp\/v2\/product"}],"about":[{"href":"https:\/\/fysiolab.dk\/no\/wp-json\/wp\/v2\/types\/product"}],"replies":[{"embeddable":true,"href":"https:\/\/fysiolab.dk\/no\/wp-json\/wp\/v2\/comments?post=77937"}],"wp:featuredmedia":[{"embeddable":true,"href":"https:\/\/fysiolab.dk\/no\/wp-json\/wp\/v2\/media\/77942"}],"wp:attachment":[{"href":"https:\/\/fysiolab.dk\/no\/wp-json\/wp\/v2\/media?parent=77937"}],"wp:term":[{"taxonomy":"product_brand","embeddable":true,"href":"https:\/\/fysiolab.dk\/no\/wp-json\/wp\/v2\/product_brand?post=77937"},{"taxonomy":"product_cat","embeddable":true,"href":"https:\/\/fysiolab.dk\/no\/wp-json\/wp\/v2\/product_cat?post=77937"},{"taxonomy":"product_tag","embeddable":true,"href":"https:\/\/fysiolab.dk\/no\/wp-json\/wp\/v2\/product_tag?post=77937"}],"curies":[{"name":"wp","href":"https:\/\/api.w.org\/{rel}","templated":true}]}}