{"id":77951,"date":"2023-07-16T12:42:34","date_gmt":"2023-07-16T10:42:34","guid":{"rendered":"https:\/\/fysiolab.dk\/product\/dura-stick-premium-80x130-mm-elektrode\/"},"modified":"2025-12-18T09:22:49","modified_gmt":"2025-12-18T08:22:49","slug":"dura-stick-premium-80x130-mm-elektrode","status":"publish","type":"product","link":"https:\/\/fysiolab.dk\/no\/product\/dura-stick-premium-80x130-mm-elektrode\/","title":{"rendered":"Dura Stick Premium 80&#215;130 mm elektrode"},"content":{"rendered":"<h4><strong>Dura Stick Premium 80&#215;130 mm elektrode<\/strong><\/h4>\n<p>Dura stick premium er laget av tynt og fleksibelt spesialstoff, noe som gj\u00f8r at den fester seg godt til ujevne kroppsdeler og har utmerket ledningsevne.<\/p>\n<p>Ingen gel eller tape er n\u00f8dvendig, noe som gj\u00f8r p\u00e5f\u00f8ringen enkel og behagelig. Gir god muskeldekning og kan brukes p\u00e5 store muskelgrupper <\/p>\n<p><strong>Produktspesifikasjoner:<\/strong><\/p>\n<p><strong>Farge: Gr\u00e5<\/strong><\/p>\n<p><strong>St\u00f8rrelse 80x130mm<\/strong><\/p>\n<p><strong>Antall: 2 stk. per pakke<\/strong><\/p>\n<p><strong>Tilkobling: Cord (Cefar)<\/strong><\/p>\n<p>&nbsp;<\/p>\n","protected":false},"excerpt":{"rendered":"<p><strong>Dura stick premium 80&#215;130 mm brukes til Cefar TENS-apparater. Kan dekke store muskler og muskelgrupper. 2 per pakke.  <\/p>\n<p><\/strong><\/p>\n","protected":false},"featured_media":77953,"comment_status":"closed","ping_status":"closed","template":"","meta":{"_acf_changed":false},"product_brand":[],"product_cat":[1984,1985,1982,1950,1937,1983],"product_tag":[1986],"class_list":{"0":"post-77951","1":"product","2":"type-product","3":"status-publish","4":"has-post-thumbnail","6":"product_cat-cefar-no","7":"product_cat-cefar-elektroder-no","8":"product_cat-compex-elektroder-no","9":"product_cat-elektroterapi","10":"product_cat-merkevarer","11":"product_cat-tens-cefar-no","12":"product_tag-elektroder-no","14":"first","15":"instock","16":"taxable","17":"shipping-taxable","18":"purchasable","19":"product-type-simple"},"acf":[],"_links":{"self":[{"href":"https:\/\/fysiolab.dk\/no\/wp-json\/wp\/v2\/product\/77951","targetHints":{"allow":["GET"]}}],"collection":[{"href":"https:\/\/fysiolab.dk\/no\/wp-json\/wp\/v2\/product"}],"about":[{"href":"https:\/\/fysiolab.dk\/no\/wp-json\/wp\/v2\/types\/product"}],"replies":[{"embeddable":true,"href":"https:\/\/fysiolab.dk\/no\/wp-json\/wp\/v2\/comments?post=77951"}],"wp:featuredmedia":[{"embeddable":true,"href":"https:\/\/fysiolab.dk\/no\/wp-json\/wp\/v2\/media\/77953"}],"wp:attachment":[{"href":"https:\/\/fysiolab.dk\/no\/wp-json\/wp\/v2\/media?parent=77951"}],"wp:term":[{"taxonomy":"product_brand","embeddable":true,"href":"https:\/\/fysiolab.dk\/no\/wp-json\/wp\/v2\/product_brand?post=77951"},{"taxonomy":"product_cat","embeddable":true,"href":"https:\/\/fysiolab.dk\/no\/wp-json\/wp\/v2\/product_cat?post=77951"},{"taxonomy":"product_tag","embeddable":true,"href":"https:\/\/fysiolab.dk\/no\/wp-json\/wp\/v2\/product_tag?post=77951"}],"curies":[{"name":"wp","href":"https:\/\/api.w.org\/{rel}","templated":true}]}}