{"id":77981,"date":"2023-07-16T12:42:10","date_gmt":"2023-07-16T10:42:10","guid":{"rendered":"https:\/\/fysiolab.dk\/product\/compex-fixx-1-0-massasjepistol\/"},"modified":"2025-12-18T09:22:50","modified_gmt":"2025-12-18T08:22:50","slug":"compex-fixx-1-0-massasjepistol","status":"publish","type":"product","link":"https:\/\/fysiolab.dk\/no\/product\/compex-fixx-1-0-massasjepistol\/","title":{"rendered":"Compex Fixx 1.0 Massasjepistol"},"content":{"rendered":"<p>Compex Fixx 1.0 Massage-Gun er perfekt for \u00f8mme og trente muskler. Med sin dypmassasjefunksjon n\u00e5r den dypt ned og behandler musklene. <\/p>\n<p>Optimal for \u00e5 redusere st\u00f8lhet, l\u00f8sne opp anspente muskler og kan brukes som en del av en aktiv oppvarming f\u00f8r trening.<\/p>\n<p>Compex Fixx 1.0 Massage-Gun har flere tempoinnstillinger, slik at du enkelt kan behandle ulike muskler og muskelgrupper.<\/p>\n<p><iframe title=\"Relieve Sore Muscles with Compex Fixx 1.0 Massager\" width=\"800\" height=\"450\" src=\"https:\/\/www.youtube.com\/embed\/-q5WHdCwXkI?feature=oembed\" frameborder=\"0\" allow=\"accelerometer; autoplay; clipboard-write; encrypted-media; gyroscope; picture-in-picture; web-share\" referrerpolicy=\"strict-origin-when-cross-origin\" allowfullscreen><\/iframe><\/p>\n<p><iframe title=\"Compex Fixx 1.0 Massage Gun\" width=\"800\" height=\"600\" src=\"https:\/\/www.youtube.com\/embed\/MK_0z8TTKak?feature=oembed\" frameborder=\"0\" allow=\"accelerometer; autoplay; clipboard-write; encrypted-media; gyroscope; picture-in-picture; web-share\" referrerpolicy=\"strict-origin-when-cross-origin\" allowfullscreen><\/iframe><\/p>\n<p><iframe title=\"Stefano Migliorini x Fixx\u2122 1.0 | Compex\" width=\"800\" height=\"600\" src=\"https:\/\/www.youtube.com\/embed\/GlCo1huqKfk?feature=oembed\" frameborder=\"0\" allow=\"accelerometer; autoplay; clipboard-write; encrypted-media; gyroscope; picture-in-picture; web-share\" referrerpolicy=\"strict-origin-when-cross-origin\" allowfullscreen><\/iframe><\/p>\n","protected":false},"excerpt":{"rendered":"<p><strong>Compex Fixx 1.0 massasjepistol for optimal massasjebehandling av \u00f8mme og slitne muskler. 3 hastighetsinnstillinger gj\u00f8r det mulig \u00e5 behandle b\u00e5de store og sm\u00e5 muskelgrupper. <\/p>\n<p><\/strong><\/p>\n","protected":false},"featured_media":77988,"comment_status":"closed","ping_status":"closed","template":"","meta":{"_acf_changed":false},"product_brand":[],"product_cat":[2013,2026,2007,1950,2020,1948,2025,2024,2023,2027,1937,1941,1933],"product_tag":[2019],"class_list":{"0":"post-77981","1":"product","2":"type-product","3":"status-publish","4":"has-post-thumbnail","6":"product_cat-compex-no-2","7":"product_cat-compex-massasjepistol","8":"product_cat-donjoy-performance-no","9":"product_cat-elektroterapi","10":"product_cat-julegaveideer-no","11":"product_cat-klinikk","12":"product_cat-massasje","13":"product_cat-massasjepistoler-no","14":"product_cat-massasjepistoler","15":"product_cat-massasjeutstyr","16":"product_cat-merkevarer","17":"product_cat-rekonvalesens-og-sportspleie","18":"product_cat-skinner-og-stoetteskinner","19":"product_tag-compex-no","21":"first","22":"outofstock","23":"taxable","24":"shipping-taxable","25":"purchasable","26":"product-type-simple"},"acf":[],"_links":{"self":[{"href":"https:\/\/fysiolab.dk\/no\/wp-json\/wp\/v2\/product\/77981","targetHints":{"allow":["GET"]}}],"collection":[{"href":"https:\/\/fysiolab.dk\/no\/wp-json\/wp\/v2\/product"}],"about":[{"href":"https:\/\/fysiolab.dk\/no\/wp-json\/wp\/v2\/types\/product"}],"replies":[{"embeddable":true,"href":"https:\/\/fysiolab.dk\/no\/wp-json\/wp\/v2\/comments?post=77981"}],"wp:featuredmedia":[{"embeddable":true,"href":"https:\/\/fysiolab.dk\/no\/wp-json\/wp\/v2\/media\/77988"}],"wp:attachment":[{"href":"https:\/\/fysiolab.dk\/no\/wp-json\/wp\/v2\/media?parent=77981"}],"wp:term":[{"taxonomy":"product_brand","embeddable":true,"href":"https:\/\/fysiolab.dk\/no\/wp-json\/wp\/v2\/product_brand?post=77981"},{"taxonomy":"product_cat","embeddable":true,"href":"https:\/\/fysiolab.dk\/no\/wp-json\/wp\/v2\/product_cat?post=77981"},{"taxonomy":"product_tag","embeddable":true,"href":"https:\/\/fysiolab.dk\/no\/wp-json\/wp\/v2\/product_tag?post=77981"}],"curies":[{"name":"wp","href":"https:\/\/api.w.org\/{rel}","templated":true}]}}