{"id":77994,"date":"2023-07-16T12:41:05","date_gmt":"2023-07-16T10:41:05","guid":{"rendered":"https:\/\/fysiolab.dk\/product\/cefar-tens-smertelindring\/"},"modified":"2025-12-18T09:22:50","modified_gmt":"2025-12-18T08:22:50","slug":"cefar-tens-smertelindring","status":"publish","type":"product","link":"https:\/\/fysiolab.dk\/no\/product\/cefar-tens-smertelindring\/","title":{"rendered":"CEFAR TENS smertelindring"},"content":{"rendered":"<p>CEFAR TENS er en 2-kanals stimulator som kan brukes av pasienter hjemme og av klinikere til smertelindrende behandling med elektrisk stimulering (TENS) og nevromuskul\u00e6r elektrostimulering (EMS\/NMES).<\/p>\n<p>TENS (Transkutan elektrisk nervestimulering) utnytter nervesystemets egen smertelindringsmekanisme for \u00e5 redusere b\u00e5de akutte og kroniske smerter.<\/p>\n<p><strong>MERK Elektroder ikke inkludert - bestill separat<\/strong><\/p>\n<p><a href=\"https:\/\/fysiolab.dk\/produkt\/dura-stick-plus-50x50-mm\/\">https:\/\/fysiolab.dk\/produkt\/dura-stick-plus-50&#215;50-mm\/<\/a><\/p>\n<p><a href=\"https:\/\/fysiolab.dk\/produkt\/dura-stick-plus-50x90mm\/\">https:\/\/fysiolab.dk\/produkt\/dura-stick-plus-50x90mm\/<\/a><\/p>\n<p><a href=\"https:\/\/fysiolab.dk\/produkt\/dura-stick-premium-40x60mm-oval\/\">https:\/\/fysiolab.dk\/produkt\/dura-stick-premium-40x60mm-oval\/<\/a><\/p>\n<p><a href=\"https:\/\/fysiolab.dk\/produkt\/dura-stick-premium-80x130mm\/\">https:\/\/fysiolab.dk\/produkt\/dura-stick-premium-80x130mm\/<\/a><\/p>\n<p><strong>FUNKSJONER<\/strong><\/p>\n<p>- Med litium-polymerbatteri for direkte lading i str\u00f8mnettet: Koble enheten direkte til str\u00f8muttaket for \u00e5 lade batteriet. Rask og fullstendig lading p\u00e5 under 90 minutter med en batterilevetid p\u00e5 6 til 10 timers behandling, avhengig av hvilke parametere som brukes. <\/p>\n<p>- 1+1-funksjon: Cefar TENS-stimulatoren har 2 uavhengige kanaler som kan brukes hver for seg. Brukeren kan velge enten samme program i begge kanaler eller 2 forskjellige programmer som kan brukes samtidig. Dette gj\u00f8r det mulig \u00e5 behandle to ulike deler av kroppen eller to pasienter samtidig, eller \u00e5 kombinere NMES og TENS i samme behandling.  <\/p>\n<p>- Svingbar belteklips: Roter belteklipsen slik at kontakten for ledningen er nederst eller \u00f8verst, avhengig av hvilken del av kroppen som skal stimuleres.<\/p>\n<p>- 3 \u00e5rs garanti<\/p>\n<p><iframe title=\"Cefar TENS - Take Control of Your Pain\" width=\"800\" height=\"450\" src=\"https:\/\/www.youtube.com\/embed\/4UqVgX2gM7U?feature=oembed\" frameborder=\"0\" allow=\"accelerometer; autoplay; clipboard-write; encrypted-media; gyroscope; picture-in-picture; web-share\" referrerpolicy=\"strict-origin-when-cross-origin\" allowfullscreen><\/iframe><\/p>\n","protected":false},"excerpt":{"rendered":"<p><span id=\"ctl00_main_ctl00_ctl00_labShortDescription\" class=\"product-short-description-label display-block\"><strong>TENS smertelindrende stimulator er rustet for alle utfordringer. H\u00f8ye kvalitetsstandarder kombinert med en brukervennlig design gj\u00f8r CEFAR TENS sv\u00e6rt enkel \u00e5 bruke b\u00e5de hjemme og for medisinsk utdannede. MERK elektroder er IKKE inkludert  <\/strong><\/span><\/p>\n<p><em><strong>FysioLab er den eneste danske Cefar-forhandleren hvor du er garantert dansk r\u00e5dgivning og veiledning ved kj\u00f8p, og v\u00e5r fysioterapeut er alltid tilgjengelig for \u00e5 hjelpe deg f\u00f8r og etter kj\u00f8pet!<\/strong><\/em><\/p>\n","protected":false},"featured_media":77996,"comment_status":"closed","ping_status":"closed","template":"","meta":{"_acf_changed":false},"product_brand":[],"product_cat":[1984,2015,1950,2020,1937,1983],"product_tag":[2378],"class_list":{"0":"post-77994","1":"product","2":"type-product","3":"status-publish","4":"has-post-thumbnail","6":"product_cat-cefar-no","7":"product_cat-cefar-tens-no","8":"product_cat-elektroterapi","9":"product_cat-julegaveideer-no","10":"product_cat-merkevarer","11":"product_cat-tens-cefar-no","12":"product_tag-cefar-no","14":"first","15":"instock","16":"taxable","17":"shipping-taxable","18":"purchasable","19":"product-type-simple"},"acf":[],"_links":{"self":[{"href":"https:\/\/fysiolab.dk\/no\/wp-json\/wp\/v2\/product\/77994","targetHints":{"allow":["GET"]}}],"collection":[{"href":"https:\/\/fysiolab.dk\/no\/wp-json\/wp\/v2\/product"}],"about":[{"href":"https:\/\/fysiolab.dk\/no\/wp-json\/wp\/v2\/types\/product"}],"replies":[{"embeddable":true,"href":"https:\/\/fysiolab.dk\/no\/wp-json\/wp\/v2\/comments?post=77994"}],"wp:featuredmedia":[{"embeddable":true,"href":"https:\/\/fysiolab.dk\/no\/wp-json\/wp\/v2\/media\/77996"}],"wp:attachment":[{"href":"https:\/\/fysiolab.dk\/no\/wp-json\/wp\/v2\/media?parent=77994"}],"wp:term":[{"taxonomy":"product_brand","embeddable":true,"href":"https:\/\/fysiolab.dk\/no\/wp-json\/wp\/v2\/product_brand?post=77994"},{"taxonomy":"product_cat","embeddable":true,"href":"https:\/\/fysiolab.dk\/no\/wp-json\/wp\/v2\/product_cat?post=77994"},{"taxonomy":"product_tag","embeddable":true,"href":"https:\/\/fysiolab.dk\/no\/wp-json\/wp\/v2\/product_tag?post=77994"}],"curies":[{"name":"wp","href":"https:\/\/api.w.org\/{rel}","templated":true}]}}