{"id":78003,"date":"2023-07-16T12:41:04","date_gmt":"2023-07-16T10:41:04","guid":{"rendered":"https:\/\/fysiolab.dk\/product\/compex-fit-5-0-traadloes-muskelstimulator-4-moduler\/"},"modified":"2025-12-18T09:22:51","modified_gmt":"2025-12-18T08:22:51","slug":"compex-fit-5-0-traadloes-muskelstimulator-4-moduler","status":"publish","type":"product","link":"https:\/\/fysiolab.dk\/no\/product\/compex-fit-5-0-traadloes-muskelstimulator-4-moduler\/","title":{"rendered":"COMPEX fit 5.0 tr\u00e5dl\u00f8s muskelstimulator (4 moduler)"},"content":{"rendered":"<p><span id=\"Anthem_ctl00_ContentRegion_descriptionLabelLeft__\"><span id=\"ctl00_ContentRegion_descriptionLabelLeft\" class=\"text\">Compex muskelstimulator Fit 5.0 (tr\u00e5dl\u00f8s) med 4 moduler fra den nye fitness-serien er det optimale verkt\u00f8yet for din treningsplan. Takket v\u00e6re den tr\u00e5dl\u00f8se konstruksjonen er enheten behagelig \u00e5 ha p\u00e5 seg, noe som gj\u00f8r hele trenings\u00f8kten morsommere. Ved regelmessig bruk hjelper apparatet deg med \u00e5 \u00f8ke styrken og forme figuren din ved \u00e5 definere musklene dine. Med 30 programmer dekker Compex muskelstimulator Fit 5.0 (tr\u00e5dl\u00f8s) behovene dine for smertelindring, rehabilitering, hvile og trening.     <\/span><\/span><\/p>\n<p>Compex Fit 5.0 inkluderer ogs\u00e5<\/p>\n<p><strong>MI-SCAN<\/strong><\/p>\n<p>Denne funksjonen tilpasser str\u00f8mstyrken til hver enkelt persons fysiologi. Like f\u00f8r stimulering unders\u00f8ker MI-scan de valgte muskelgruppene og justerer automatisk stimulatorparametrene. Derfor b\u00f8r du utf\u00f8re MI-scan-m\u00e5lingen ved hver stimulering for \u00e5 garantere optimal effekt og komfort. Funksjonen gj\u00f8res konkret i begynnelsen av programmet gjennom en kort m\u00e5lesekvens. Under hele m\u00e5letesten er det viktig \u00e5 v\u00e6re stille og helt avslappet. N\u00e5r testen er fullf\u00f8rt, kan programmet begynne.     <\/p>\n<p><strong>MI-RANGE<\/strong><\/p>\n<p>MI-range-funksjonen gj\u00f8r det mulig for brukeren \u00e5 velge det ideelle niv\u00e5et av stimuleringsintensitet i programmene for: restitusjon, massasje, kapillarisering eller til og med muskelsmerter. I begynnelsen av programmet ber apparatet brukeren om \u00e5 \u00f8ke stimuleringsintensiteten. Under denne \u00f8kningen analyserer apparatet responsen til hver stimulert muskel og finner det optimale niv\u00e5et. S\u00e5 snart en muskel n\u00e5r sitt optimale niv\u00e5, blir den tilh\u00f8rende kanalen \"l\u00e5st\", og stimuleringsintensiteten kan ikke \u00f8kes. Du gjenvinner kontrollen ved \u00e5 markere kanalen igjen og \u00f8ke eller redusere stimuleringsintensiteten.    <\/p>\n<p><strong>Totalt 30 programmer fordelt p\u00e5 f\u00f8lgende kategorier<\/strong><\/p>\n<p><strong>10 Smertelindring<\/strong><\/p>\n<p><strong>4 refusjon<\/strong><\/p>\n<p><strong>2 Rehabilitering<\/strong><\/p>\n<p><strong>14 Fitness<\/strong><\/p>\n<p><strong><em>For r\u00e5d og veiledning i forbindelse med ditt kj\u00f8p er du alltid velkommen til \u00e5 kontakte FysioLabs fysioterapeut Kristian Simonsen 92724444 (3)<\/em><\/strong><\/p>\n<p><iframe title=\"Compex Wireless | How To Use Your  Electro-Stimulator\" width=\"800\" height=\"450\" src=\"https:\/\/www.youtube.com\/embed\/M71OlUtH0dw?feature=oembed\" frameborder=\"0\" allow=\"accelerometer; autoplay; clipboard-write; encrypted-media; gyroscope; picture-in-picture; web-share\" referrerpolicy=\"strict-origin-when-cross-origin\" allowfullscreen><\/iframe><\/p>\n<p><span id=\"Anthem_ctl00_ContentRegion_descriptionLabelLeft__\"><span id=\"ctl00_ContentRegion_descriptionLabelLeft\" class=\"text\"> <\/span><\/span><\/p>\n","protected":false},"excerpt":{"rendered":"<p><strong><span id=\"ctl00_main_ctl00_ctl00_labShortDescription\" class=\"product-short-description-label display-block\">Compex Wireless Fit 5.0 er utviklet for daglig mosjonister og er den alternative stimulatoren som ogs\u00e5 inkluderer tr\u00e5dl\u00f8s Compex-teknologi.<\/span><\/strong><\/p>\n<p><em><strong>FysioLab er den eneste danske Compex-forhandleren hvor du er garantert dansk r\u00e5dgivning og veiledning ved kj\u00f8p, og v\u00e5r fysioterapeut er alltid tilgjengelig for \u00e5 hjelpe deg b\u00e5de f\u00f8r og etter kj\u00f8pet!<\/strong><\/em><\/p>\n<p>https:\/\/www.youtube.com\/watch?v=q8aootOkWms<\/p>\n","protected":false},"featured_media":78010,"comment_status":"closed","ping_status":"closed","template":"","meta":{"_acf_changed":false},"product_brand":[],"product_cat":[2008,2013,2029,2030,2007,1950,1937,1933],"product_tag":[2019],"class_list":{"0":"post-78003","1":"product","2":"type-product","3":"status-publish","4":"has-post-thumbnail","6":"product_cat-compex-no","7":"product_cat-compex-no-2","8":"product_cat-compex-muskelstimulator-no","9":"product_cat-compex-muskelstimulator-no-2","10":"product_cat-donjoy-performance-no","11":"product_cat-elektroterapi","12":"product_cat-merkevarer","13":"product_cat-skinner-og-stoetteskinner","14":"product_tag-compex-no","16":"first","17":"instock","18":"taxable","19":"shipping-taxable","20":"purchasable","21":"product-type-simple"},"acf":[],"_links":{"self":[{"href":"https:\/\/fysiolab.dk\/no\/wp-json\/wp\/v2\/product\/78003","targetHints":{"allow":["GET"]}}],"collection":[{"href":"https:\/\/fysiolab.dk\/no\/wp-json\/wp\/v2\/product"}],"about":[{"href":"https:\/\/fysiolab.dk\/no\/wp-json\/wp\/v2\/types\/product"}],"replies":[{"embeddable":true,"href":"https:\/\/fysiolab.dk\/no\/wp-json\/wp\/v2\/comments?post=78003"}],"wp:featuredmedia":[{"embeddable":true,"href":"https:\/\/fysiolab.dk\/no\/wp-json\/wp\/v2\/media\/78010"}],"wp:attachment":[{"href":"https:\/\/fysiolab.dk\/no\/wp-json\/wp\/v2\/media?parent=78003"}],"wp:term":[{"taxonomy":"product_brand","embeddable":true,"href":"https:\/\/fysiolab.dk\/no\/wp-json\/wp\/v2\/product_brand?post=78003"},{"taxonomy":"product_cat","embeddable":true,"href":"https:\/\/fysiolab.dk\/no\/wp-json\/wp\/v2\/product_cat?post=78003"},{"taxonomy":"product_tag","embeddable":true,"href":"https:\/\/fysiolab.dk\/no\/wp-json\/wp\/v2\/product_tag?post=78003"}],"curies":[{"name":"wp","href":"https:\/\/api.w.org\/{rel}","templated":true}]}}