{"id":78014,"date":"2023-07-16T12:41:04","date_gmt":"2023-07-16T10:41:04","guid":{"rendered":"https:\/\/fysiolab.dk\/product\/compex-fit-1-0-muskelstimulator\/"},"modified":"2025-12-18T09:22:51","modified_gmt":"2025-12-18T08:22:51","slug":"compex-fit-1-0-muskelstimulator","status":"publish","type":"product","link":"https:\/\/fysiolab.dk\/no\/product\/compex-fit-1-0-muskelstimulator\/","title":{"rendered":"COMPEX Fit 1.0 muskelstimulator"},"content":{"rendered":"<p><span id=\"Anthem_ctl00_ContentRegion_descriptionLabelLeft__\"><span id=\"ctl00_ContentRegion_descriptionLabelLeft\" class=\"text\">Compex muskelstimulator Fit 1.0 fra den nye fitness-serien er det optimale verkt\u00f8yet for treningsplanen din. Ved regelmessig bruk hjelper den deg med \u00e5 \u00f8ke styrken og forme kroppen din ved \u00e5 definere eksisterende muskler. Compex fit 1.0 er enkel \u00e5 bruke og gir deg unike muligheter til \u00e5 rehabilitere og vedlikeholde muskelmasse og styrke. Compex fit 1.0 har ogs\u00e5 smertelindringsprogrammer for f.eks. hodepine, trenings\u00f8mhet osv.   <\/span><\/span><\/p>\n<p><strong><em>Trenger du r\u00e5d og veiledning i forbindelse med ditt kj\u00f8p, er du alltid velkommen til \u00e5 kontakte FysioLabs fysioterapeut Kristian Simonsen 92724444<\/em><\/strong><\/p>\n<p><strong>Inkludert:<\/strong><\/p>\n<p><span id=\"Anthem_ctl00_ContentRegion_descriptionLabelLeft__\"><span id=\"ctl00_ContentRegion_descriptionLabelLeft\" class=\"text\">1 stimulator<\/span><\/span><\/p>\n<p>1 lader<\/p>\n<p>1 sett med 4 kabler, trykknapptilkobling<\/p>\n<p>1 pose med elektroder, 5&#215;5 sm\u00e5 (8 stk.)<\/p>\n<p>1 pose med elektroder, 5&#215;10 store (4 stk.)<\/p>\n<p>1 CD-ROM med instruksjoner<\/p>\n<p>1 hurtigstartveiledning<\/p>\n<p>1 transportkoffert<\/p>\n<p>1 sett med batterier<\/p>\n","protected":false},"excerpt":{"rendered":"<p><strong>COMPEX Fit 1.0 gir deg optimale muligheter for muskelstyrketrening og smertebehandling. Enkelt og allsidig apparat som du kan ta med deg p\u00e5 farten. Apparatet har forh\u00e5ndsinnstilte programmer som sikrer optimal trening av muskler og muskelgrupper.  <\/strong><\/p>\n<p><em><strong>FysioLab er den eneste danske Compex-forhandleren hvor du er garantert dansk r\u00e5dgivning og veiledning n\u00e5r du kj\u00f8per, og v\u00e5r fysioterapeut er alltid tilgjengelig for \u00e5 hjelpe deg b\u00e5de f\u00f8r og etter kj\u00f8pet!<\/strong><\/em><\/p>\n<p>https:\/\/www.youtube.com\/watch?v=q8aootOkWms<\/p>\n","protected":false},"featured_media":78023,"comment_status":"closed","ping_status":"closed","template":"","meta":{"_acf_changed":false},"product_brand":[3115],"product_cat":[2008,2013,2029,2030,2007,1950,2020,1937,1933],"product_tag":[2019],"class_list":{"0":"post-78014","1":"product","2":"type-product","3":"status-publish","4":"has-post-thumbnail","6":"product_brand-compex","7":"product_cat-compex-no","8":"product_cat-compex-no-2","9":"product_cat-compex-muskelstimulator-no","10":"product_cat-compex-muskelstimulator-no-2","11":"product_cat-donjoy-performance-no","12":"product_cat-elektroterapi","13":"product_cat-julegaveideer-no","14":"product_cat-merkevarer","15":"product_cat-skinner-og-stoetteskinner","16":"product_tag-compex-no","18":"first","19":"instock","20":"taxable","21":"shipping-taxable","22":"purchasable","23":"product-type-simple"},"acf":[],"_links":{"self":[{"href":"https:\/\/fysiolab.dk\/no\/wp-json\/wp\/v2\/product\/78014","targetHints":{"allow":["GET"]}}],"collection":[{"href":"https:\/\/fysiolab.dk\/no\/wp-json\/wp\/v2\/product"}],"about":[{"href":"https:\/\/fysiolab.dk\/no\/wp-json\/wp\/v2\/types\/product"}],"replies":[{"embeddable":true,"href":"https:\/\/fysiolab.dk\/no\/wp-json\/wp\/v2\/comments?post=78014"}],"wp:featuredmedia":[{"embeddable":true,"href":"https:\/\/fysiolab.dk\/no\/wp-json\/wp\/v2\/media\/78023"}],"wp:attachment":[{"href":"https:\/\/fysiolab.dk\/no\/wp-json\/wp\/v2\/media?parent=78014"}],"wp:term":[{"taxonomy":"product_brand","embeddable":true,"href":"https:\/\/fysiolab.dk\/no\/wp-json\/wp\/v2\/product_brand?post=78014"},{"taxonomy":"product_cat","embeddable":true,"href":"https:\/\/fysiolab.dk\/no\/wp-json\/wp\/v2\/product_cat?post=78014"},{"taxonomy":"product_tag","embeddable":true,"href":"https:\/\/fysiolab.dk\/no\/wp-json\/wp\/v2\/product_tag?post=78014"}],"curies":[{"name":"wp","href":"https:\/\/api.w.org\/{rel}","templated":true}]}}