{"id":78022,"date":"2023-07-16T12:41:05","date_gmt":"2023-07-16T10:41:05","guid":{"rendered":"https:\/\/fysiolab.dk\/product\/compex-sport-2-0-muskelstimulator\/"},"modified":"2025-12-18T09:22:50","modified_gmt":"2025-12-18T08:22:50","slug":"compex-sport-2-0-muskelstimulator","status":"publish","type":"product","link":"https:\/\/fysiolab.dk\/no\/product\/compex-sport-2-0-muskelstimulator\/","title":{"rendered":"COMPEX Sport 2.0 muskelstimulator"},"content":{"rendered":"<p><span id=\"ctl00_main_ctl00_ctl00_labShortDescription\" class=\"product-short-description-label display-block\">Compex Sport 2.0 muskelstimulator trener musklene, bygger opp kroppen, hjelper deg med \u00e5 slappe av og fremskynder restitusjonen. Passer for deg som trener flere ganger i uken. Compex Sport 2.0 har alle de grunnleggende funksjonene til elektrostimulering og Mi-teknologi.    <\/span><\/p>\n<p><strong>Apparatet anbefales til rehabilitering etter nevrologiske skader og nevrologiske sykdommer.<\/strong><\/p>\n<p><strong>Totalt 20 programmer fordelt p\u00e5 f\u00f8lgende kategorier<\/strong><\/p>\n<p>7 Oppl\u00e6ring<\/p>\n<p>6 Smertelindring<\/p>\n<p>3 refusjon<\/p>\n<p>4 Fitness<\/p>\n<p>Compex SP2.0 inkluderer ogs\u00e5:<\/p>\n<p>MI-SCAN<\/p>\n<p>Denne funksjonen tilpasser str\u00f8mstyrken til hver enkelt persons fysiologi. Like f\u00f8r stimulering unders\u00f8ker MI-scan de valgte muskelgruppene og justerer automatisk stimulatorparametrene. Derfor b\u00f8r du utf\u00f8re MI-scan-m\u00e5lingen ved hver stimulering for \u00e5 garantere optimal effekt og komfort. Funksjonen gj\u00f8res konkret i begynnelsen av programmet gjennom en kort m\u00e5lesekvens. Under hele m\u00e5letesten er det viktig \u00e5 v\u00e6re stille og helt avslappet. N\u00e5r testen er fullf\u00f8rt, kan programmet begynne.     <\/p>\n<p><strong><em>For r\u00e5d og veiledning i forbindelse med ditt kj\u00f8p er du alltid velkommen til \u00e5 kontakte FysioLabs fysioterapeut og medeier Kristian Simonsen 92724444 (3)<\/em><\/strong><\/p>\n<p><strong>Inkludert:<\/strong><\/p>\n<p>1 stimulator<\/p>\n<p>1 lader<\/p>\n<p>1 sett med kabler, 4 trykknapptilkoblinger<\/p>\n<p>1 Mi senor-kabel <\/p>\n<p>1 pakke med elektroder, 5&#215;5 (8 stk.)<\/p>\n<p>1 pakke med elektroder, 5&#215;10 (4 stk)<\/p>\n<p>1 CD-ROM brukerh\u00e5ndbok<\/p>\n<p>1 hurtigveiledning<\/p>\n<p>1 transportkoffert<\/p>\n<p><iframe title=\"Compex - How To Use Your Electro-Stimulator\" width=\"800\" height=\"450\" src=\"https:\/\/www.youtube.com\/embed\/UntF0-__IpI?start=1&#038;feature=oembed\" frameborder=\"0\" allow=\"accelerometer; autoplay; clipboard-write; encrypted-media; gyroscope; picture-in-picture; web-share\" referrerpolicy=\"strict-origin-when-cross-origin\" allowfullscreen><\/iframe><\/p>\n","protected":false},"excerpt":{"rendered":"<p><strong><span id=\"ctl00_main_ctl00_ctl00_labShortDescription\" class=\"product-short-description-label display-block\">Trener musklene dine, bygger opp kroppen, hjelper deg \u00e5 slappe av og fremskynder gjenoppbyggingen av muskelkraft. Compex Sport 2.0 er for deg som vil ha grunnleggende funksjoner som er enkle \u00e5 forst\u00e5 og bruke.   <\/span><\/strong><\/p>\n<p><strong><span id=\"ctl00_main_ctl00_ctl00_labShortDescription\" class=\"product-short-description-label display-block\"><em>FysioLab er den eneste danske Compex-forhandleren hvor du er garantert dansk r\u00e5dgivning og veiledning n\u00e5r du kj\u00f8per, og v\u00e5r fysioterapeut er alltid tilgjengelig for \u00e5 hjelpe deg b\u00e5de f\u00f8r og etter kj\u00f8pet!<\/em><\/span><\/strong><\/p>\n<p>https:\/\/www.youtube.com\/watch?v=q8aootOkWms<\/p>\n","protected":false},"featured_media":78028,"comment_status":"closed","ping_status":"closed","template":"","meta":{"_acf_changed":false},"product_brand":[],"product_cat":[2008,2013,2029,2030,2007,1950,2020,1937,1933],"product_tag":[2019],"class_list":{"0":"post-78022","1":"product","2":"type-product","3":"status-publish","4":"has-post-thumbnail","6":"product_cat-compex-no","7":"product_cat-compex-no-2","8":"product_cat-compex-muskelstimulator-no","9":"product_cat-compex-muskelstimulator-no-2","10":"product_cat-donjoy-performance-no","11":"product_cat-elektroterapi","12":"product_cat-julegaveideer-no","13":"product_cat-merkevarer","14":"product_cat-skinner-og-stoetteskinner","15":"product_tag-compex-no","17":"first","18":"instock","19":"taxable","20":"shipping-taxable","21":"purchasable","22":"product-type-simple"},"acf":[],"_links":{"self":[{"href":"https:\/\/fysiolab.dk\/no\/wp-json\/wp\/v2\/product\/78022","targetHints":{"allow":["GET"]}}],"collection":[{"href":"https:\/\/fysiolab.dk\/no\/wp-json\/wp\/v2\/product"}],"about":[{"href":"https:\/\/fysiolab.dk\/no\/wp-json\/wp\/v2\/types\/product"}],"replies":[{"embeddable":true,"href":"https:\/\/fysiolab.dk\/no\/wp-json\/wp\/v2\/comments?post=78022"}],"wp:featuredmedia":[{"embeddable":true,"href":"https:\/\/fysiolab.dk\/no\/wp-json\/wp\/v2\/media\/78028"}],"wp:attachment":[{"href":"https:\/\/fysiolab.dk\/no\/wp-json\/wp\/v2\/media?parent=78022"}],"wp:term":[{"taxonomy":"product_brand","embeddable":true,"href":"https:\/\/fysiolab.dk\/no\/wp-json\/wp\/v2\/product_brand?post=78022"},{"taxonomy":"product_cat","embeddable":true,"href":"https:\/\/fysiolab.dk\/no\/wp-json\/wp\/v2\/product_cat?post=78022"},{"taxonomy":"product_tag","embeddable":true,"href":"https:\/\/fysiolab.dk\/no\/wp-json\/wp\/v2\/product_tag?post=78022"}],"curies":[{"name":"wp","href":"https:\/\/api.w.org\/{rel}","templated":true}]}}