{"id":78036,"date":"2023-07-16T12:41:04","date_gmt":"2023-07-16T10:41:04","guid":{"rendered":"https:\/\/fysiolab.dk\/product\/compex-sport-6-0-traadloes-muskelstimulator\/"},"modified":"2025-12-18T09:22:51","modified_gmt":"2025-12-18T08:22:51","slug":"compex-sport-6-0-traadloes-muskelstimulator","status":"publish","type":"product","link":"https:\/\/fysiolab.dk\/no\/product\/compex-sport-6-0-traadloes-muskelstimulator\/","title":{"rendered":"COMPEX sport 6.0 tr\u00e5dl\u00f8s muskelstimulator"},"content":{"rendered":"<div id=\"ctl00_main_ctl00_ctl00_tabContent_body\" class=\"ajax__tab_body ajax__scroll_none\">\n<div id=\"ctl00_main_ctl00_ctl00_tabContent_pnlProductDescription\" class=\"ajax__tab_panel\">\n<div id=\"ctl00_main_ctl00_ctl00_tabContent_pnlProductDescription_productDescription\" class=\"description\">\n<p>COMPEX Sport 6.0 wireless er den optimale muskelstimulatoren for trening av musklene dine. Den tr\u00e5dl\u00f8se funksjonen gj\u00f8r at du kan trene funksjonelt samtidig som du mottar nevromuskul\u00e6r elektronisk stimulering av musklene dine. <\/p>\n<p><strong>Totalt 30 programmer fordelt p\u00e5 f\u00f8lgende:<\/strong><\/p>\n<p>10 Oppl\u00e6ring<\/p>\n<p>8 Smertelindring<\/p>\n<p>5 Refusjon<\/p>\n<p>2 Rehabilitering<\/p>\n<p>5 Fitness<\/p>\n<p>Compex Wireless SP6.0 inkluderer ogs\u00e5:<\/p>\n<p>MI-SCAN<\/p>\n<p>Denne funksjonen tilpasser str\u00f8mstyrken til hver enkelt persons fysiologi. Like f\u00f8r stimulering unders\u00f8ker den <\/p>\n<p>MI-scan velger muskelgrupper og justerer stimulatorparametrene automatisk. Derfor b\u00f8r du utf\u00f8re MI-scan-m\u00e5lingen ved hver stimulering for \u00e5 garantere optimal effekt og komfort. Funksjonen konkretiseres i begynnelsen av programmet gjennom en kort m\u00e5lesekvens. Under hele m\u00e5letesten er det viktig \u00e5 v\u00e6re stille og helt avslappet. N\u00e5r testen er fullf\u00f8rt, kan programmet begynne.    <\/p>\n<p>MI-RANGE<\/p>\n<p>MI-RANGE-funksjonen gj\u00f8r det mulig for brukeren \u00e5 velge det ideelle niv\u00e5et av stimuleringsintensitet for restitusjons-, massasje-, kapill\u00e6r- eller muskelsmerteprogrammer. I begynnelsen av programmet ber apparatet brukeren om \u00e5 \u00f8ke stimuleringsintensiteten. Under denne \u00f8kningen analyserer apparatet responsen til hver stimulert muskel og finner det optimale niv\u00e5et. S\u00e5 snart en muskel n\u00e5r sitt optimale niv\u00e5, blir den tilh\u00f8rende kanalen \"l\u00e5st\", og stimuleringsintensiteten kan ikke \u00f8kes. Du gjenvinner kontrollen ved \u00e5 markere kanalen p\u00e5 nytt og \u00f8ke eller redusere stimuleringsintensiteten.    <\/p>\n<p>Inneholder:<\/p>\n<p>1 stimulator<\/p>\n<p>8 elektroder for tilkobling med elektroder<\/p>\n<p>1 dokkingstasjon<\/p>\n<p>1 lader<\/p>\n<p>1 pakke med elektroder, 5&#215;5 (8 stk.)<\/p>\n<p>1 pakke med elektroder, 5&#215;10, 2 trykknapptilkoblinger (4 stk)<\/p>\n<p>1 pakke med elektroder, 5&#215;10, 1 trykknapptilkoblingsknapp (4 stk)<\/p>\n<p>1 CD-ROM brukerh\u00e5ndbok<\/p>\n<p>1 hurtigveiledning<\/p>\n<p>1 transportveske til de minste<\/p>\n<\/div>\n<\/div>\n<\/div>\n<p><strong><em>For r\u00e5d og veiledning om ditt kj\u00f8p er du alltid velkommen til \u00e5 kontakte FysioLabs fysioterapeut Kristian Simonsen p\u00e5 tlf: 97724444 (3)<\/em><\/strong><\/p>\n<p>&nbsp;<\/p>\n<p><iframe title=\"Compex Wireless USA Muscle Stimulator- 9 Programs\" width=\"800\" height=\"450\" src=\"https:\/\/www.youtube.com\/embed\/kZM0NS4_1KU?feature=oembed\" frameborder=\"0\" allow=\"accelerometer; autoplay; clipboard-write; encrypted-media; gyroscope; picture-in-picture; web-share\" referrerpolicy=\"strict-origin-when-cross-origin\" allowfullscreen><\/iframe><\/p>\n","protected":false},"excerpt":{"rendered":"<p><strong><span id=\"ctl00_main_ctl00_ctl00_labShortDescription\" class=\"product-short-description-label display-block\">Compex Wireless SP 6.0 er utviklet for idrettsut\u00f8vere som trener mer enn tre ganger i uken. Den har alle funksjonene i SP 4.0, men er tr\u00e5dl\u00f8s for total bevegelsesfrihet. Den har en fargeskjerm som er enkel \u00e5 bruke og viser deg hvor du skal plassere elektrodene!  <\/span><\/strong><\/p>\n<p><strong><span id=\"ctl00_main_ctl00_ctl00_labShortDescription\" class=\"product-short-description-label display-block\"><em>FysioLab er den eneste danske Compex-forhandleren hvor du er garantert dansk r\u00e5dgivning og veiledning n\u00e5r du kj\u00f8per, og v\u00e5r fysioterapeut er alltid tilgjengelig for \u00e5 hjelpe deg b\u00e5de f\u00f8r og etter kj\u00f8pet!<\/em><\/span><\/strong><\/p>\n<p>https:\/\/www.youtube.com\/watch?v=q8aootOkWms<\/p>\n","protected":false},"featured_media":78037,"comment_status":"closed","ping_status":"closed","template":"","meta":{"_acf_changed":false},"product_brand":[],"product_cat":[2008,2013,2029,2030,2007,1950,1937,1933],"product_tag":[2019],"class_list":{"0":"post-78036","1":"product","2":"type-product","3":"status-publish","4":"has-post-thumbnail","6":"product_cat-compex-no","7":"product_cat-compex-no-2","8":"product_cat-compex-muskelstimulator-no","9":"product_cat-compex-muskelstimulator-no-2","10":"product_cat-donjoy-performance-no","11":"product_cat-elektroterapi","12":"product_cat-merkevarer","13":"product_cat-skinner-og-stoetteskinner","14":"product_tag-compex-no","16":"first","17":"instock","18":"taxable","19":"shipping-taxable","20":"purchasable","21":"product-type-simple"},"acf":[],"_links":{"self":[{"href":"https:\/\/fysiolab.dk\/no\/wp-json\/wp\/v2\/product\/78036","targetHints":{"allow":["GET"]}}],"collection":[{"href":"https:\/\/fysiolab.dk\/no\/wp-json\/wp\/v2\/product"}],"about":[{"href":"https:\/\/fysiolab.dk\/no\/wp-json\/wp\/v2\/types\/product"}],"replies":[{"embeddable":true,"href":"https:\/\/fysiolab.dk\/no\/wp-json\/wp\/v2\/comments?post=78036"}],"wp:featuredmedia":[{"embeddable":true,"href":"https:\/\/fysiolab.dk\/no\/wp-json\/wp\/v2\/media\/78037"}],"wp:attachment":[{"href":"https:\/\/fysiolab.dk\/no\/wp-json\/wp\/v2\/media?parent=78036"}],"wp:term":[{"taxonomy":"product_brand","embeddable":true,"href":"https:\/\/fysiolab.dk\/no\/wp-json\/wp\/v2\/product_brand?post=78036"},{"taxonomy":"product_cat","embeddable":true,"href":"https:\/\/fysiolab.dk\/no\/wp-json\/wp\/v2\/product_cat?post=78036"},{"taxonomy":"product_tag","embeddable":true,"href":"https:\/\/fysiolab.dk\/no\/wp-json\/wp\/v2\/product_tag?post=78036"}],"curies":[{"name":"wp","href":"https:\/\/api.w.org\/{rel}","templated":true}]}}