{"id":78041,"date":"2023-07-16T12:46:02","date_gmt":"2023-07-16T10:46:02","guid":{"rendered":"https:\/\/fysiolab.dk\/product\/donjoy-podapro-sko\/"},"modified":"2025-12-18T09:22:46","modified_gmt":"2025-12-18T08:22:46","slug":"donjoy-podapro-sko","status":"publish","type":"product","link":"https:\/\/fysiolab.dk\/no\/product\/donjoy-podapro-sko\/","title":{"rendered":"DonJoy PodaPro-sko"},"content":{"rendered":"<h4><strong>Optimal anvendelse<\/strong><\/h4>\n<p>DonJoy-skoens kileformede s\u00e5ledesign fremmer tilheling ved \u00e5 overf\u00f8re vekten bak mellomfotsknoklene, noe som reduserer trykket p\u00e5 forfoten. Avlastningseffekten bidrar til raskere behandling av s\u00e5r under mellomfoten, t\u00e6rne eller forfoten.   <strong>Skoen passer b\u00e5de h\u00f8yre og venstre fot.<\/strong><\/p>\n<p><strong>St\u00f8rrelsesguide<\/strong><\/p>\n<p><strong>Denne varen kj\u00f8pes etter skost\u00f8rrelse (se video med instruksjoner lenger ned i teksten)<\/p>\n<p><\/strong><\/p>\n<p><strong>Skost\u00f8rrelse. St\u00f8rrelse. <\/strong><\/p>\n<p><strong>&lt;37 XS<\/strong><\/p>\n<p><strong>37-39 S<\/strong><\/p>\n<p><strong>40-42 M<\/strong><\/p>\n<p><strong>43-45 L<\/strong><\/p>\n<p><strong>45+ XL<\/strong><\/p>\n<p>&nbsp;<\/p>\n","protected":false},"excerpt":{"rendered":"<p><strong>Procare PodaPro-skoen anbefales for \u00e5 avlaste skader under forfoten og ved t\u00e5spissene. Skoen kan brukes til b\u00e5de h\u00f8yre og venstre fot. <\/p>\n<p><\/strong><\/p>\n<p>https:\/\/www.youtube.com\/watch?v=uG9ZtXDPSMM<\/p>\n","protected":false},"featured_media":78052,"comment_status":"closed","ping_status":"closed","template":"","meta":{"_acf_changed":false},"product_brand":[3091],"product_cat":[1992,2031,2034,1937,2032,2000,2036,2033,1933,1994],"product_tag":[2173],"class_list":{"0":"post-78041","1":"product","2":"type-product","3":"status-publish","4":"has-post-thumbnail","6":"product_brand-donjoy","7":"product_cat-ankelskinne","8":"product_cat-bunion-paa-fot-og-ankel","9":"product_cat-fottoey-for-avlastning-av-brudd","10":"product_cat-merkevarer","11":"product_cat-postoperativt-fottoey","12":"product_cat-procare-no","13":"product_cat-procare-sko-og-saaler-no","14":"product_cat-skinne-for-liktorn","15":"product_cat-skinner-og-stoetteskinner","16":"product_cat-sko-og-saaler-no","17":"product_tag-donjoy-no","19":"first","20":"instock","21":"taxable","22":"shipping-taxable","23":"purchasable","24":"product-type-variable"},"acf":[],"_links":{"self":[{"href":"https:\/\/fysiolab.dk\/no\/wp-json\/wp\/v2\/product\/78041","targetHints":{"allow":["GET"]}}],"collection":[{"href":"https:\/\/fysiolab.dk\/no\/wp-json\/wp\/v2\/product"}],"about":[{"href":"https:\/\/fysiolab.dk\/no\/wp-json\/wp\/v2\/types\/product"}],"replies":[{"embeddable":true,"href":"https:\/\/fysiolab.dk\/no\/wp-json\/wp\/v2\/comments?post=78041"}],"wp:featuredmedia":[{"embeddable":true,"href":"https:\/\/fysiolab.dk\/no\/wp-json\/wp\/v2\/media\/78052"}],"wp:attachment":[{"href":"https:\/\/fysiolab.dk\/no\/wp-json\/wp\/v2\/media?parent=78041"}],"wp:term":[{"taxonomy":"product_brand","embeddable":true,"href":"https:\/\/fysiolab.dk\/no\/wp-json\/wp\/v2\/product_brand?post=78041"},{"taxonomy":"product_cat","embeddable":true,"href":"https:\/\/fysiolab.dk\/no\/wp-json\/wp\/v2\/product_cat?post=78041"},{"taxonomy":"product_tag","embeddable":true,"href":"https:\/\/fysiolab.dk\/no\/wp-json\/wp\/v2\/product_tag?post=78041"}],"curies":[{"name":"wp","href":"https:\/\/api.w.org\/{rel}","templated":true}]}}