{"id":78042,"date":"2023-07-16T12:46:03","date_gmt":"2023-07-16T10:46:03","guid":{"rendered":"https:\/\/fysiolab.dk\/product\/procare-maxtrax-diabetic-walker-stoevel\/"},"modified":"2025-12-18T09:22:45","modified_gmt":"2025-12-18T08:22:45","slug":"procare-maxtrax-diabetic-walker-stoevel","status":"publish","type":"product","link":"https:\/\/fysiolab.dk\/no\/product\/procare-maxtrax-diabetic-walker-stoevel\/","title":{"rendered":"Procare MaxTrax Diabetic Walker-st\u00f8vel"},"content":{"rendered":"<h4><strong>Optimal anvendelse<\/strong><\/h4>\n<p>MaxTrax\u00ae Diabetic Walker er ideell for behandling av s\u00e5r p\u00e5 fots\u00e5len. S\u00e5len er konstruert av sm\u00e5 Impax Grid Plastazote-skumkuber, som enkelt kan fjernes rundt de ber\u00f8rte omr\u00e5dene for \u00e5 flytte trykket bort fra s\u00e5rene som gror. Fordelen med s\u00e5lekonstruksjonen er at det \u00f8verste skumlaget forblir i kontakt med fots\u00e5len og ikke etterlater varme punkter. St\u00f8velen har en bred fot, fleksible skinner og en st\u00f8tdempende h\u00e6l. Brukes ved behandling av fots\u00e5r, moderat til alvorlig plantar fasciitt, postoperativ Charcot-fot, gipsutskiftning. Kan ogs\u00e5 brukes i tilfeller der det er behov for en jevn fordeling av kroppsvekten p\u00e5 fots\u00e5len.     <\/p>\n<p><strong>St\u00f8rrelsesguide  <\/strong><\/p>\n<p><strong>Bestill etter skost\u00f8rrelse (se video med st\u00f8rrelsesguide lenger ned i teksten)<\/strong><\/p>\n<p><strong>Sko st\u00f8rrelse Str<\/strong><\/p>\n<p><strong>&lt;37 S<\/strong><\/p>\n<p><strong>38-42 M<\/strong><\/p>\n<p><strong>43-45 L<\/strong><\/p>\n<p><strong>45+ XL<\/strong><\/p>\n<p><iframe title=\"Skost\u00f8rrelsesvejledning sko FysioLab\" width=\"800\" height=\"450\" src=\"https:\/\/www.youtube.com\/embed\/uG9ZtXDPSMM?feature=oembed\" frameborder=\"0\" allow=\"accelerometer; autoplay; clipboard-write; encrypted-media; gyroscope; picture-in-picture; web-share\" referrerpolicy=\"strict-origin-when-cross-origin\" allowfullscreen><\/iframe><\/p>\n","protected":false},"excerpt":{"rendered":"<p><strong>Procare MaxTrack Diabetic Walker anbefales for lindring av fots\u00e5r som ikke gror optimalt. Beskytter og avlaster foten og fremmer tilheling.  Passer til venstre og h\u00f8yre.  <\/strong><\/p>\n<p><em><strong>NB Dette er en utsalgsvare og selges kun s\u00e5 lenge lageret rekker<\/strong><\/em><\/p>\n","protected":false},"featured_media":78051,"comment_status":"closed","ping_status":"closed","template":"","meta":{"_acf_changed":false},"product_brand":[3139],"product_cat":[2037,1937,2000,2038,1933,2016,2035],"product_tag":[2264],"class_list":{"0":"post-78042","1":"product","2":"type-product","3":"status-publish","4":"has-post-thumbnail","6":"product_brand-procare","7":"product_cat-fotsaar-diabetes","8":"product_cat-merkevarer","9":"product_cat-procare-no","10":"product_cat-procare-rullatorstoevler","11":"product_cat-skinner-og-stoetteskinner","12":"product_cat-uttak","13":"product_cat-walkerstoevler-og-tilbehoer","14":"product_tag-procare-no","16":"first","17":"instock","18":"sale","19":"taxable","20":"shipping-taxable","21":"purchasable","22":"product-type-variable"},"acf":[],"_links":{"self":[{"href":"https:\/\/fysiolab.dk\/no\/wp-json\/wp\/v2\/product\/78042","targetHints":{"allow":["GET"]}}],"collection":[{"href":"https:\/\/fysiolab.dk\/no\/wp-json\/wp\/v2\/product"}],"about":[{"href":"https:\/\/fysiolab.dk\/no\/wp-json\/wp\/v2\/types\/product"}],"replies":[{"embeddable":true,"href":"https:\/\/fysiolab.dk\/no\/wp-json\/wp\/v2\/comments?post=78042"}],"wp:featuredmedia":[{"embeddable":true,"href":"https:\/\/fysiolab.dk\/no\/wp-json\/wp\/v2\/media\/78051"}],"wp:attachment":[{"href":"https:\/\/fysiolab.dk\/no\/wp-json\/wp\/v2\/media?parent=78042"}],"wp:term":[{"taxonomy":"product_brand","embeddable":true,"href":"https:\/\/fysiolab.dk\/no\/wp-json\/wp\/v2\/product_brand?post=78042"},{"taxonomy":"product_cat","embeddable":true,"href":"https:\/\/fysiolab.dk\/no\/wp-json\/wp\/v2\/product_cat?post=78042"},{"taxonomy":"product_tag","embeddable":true,"href":"https:\/\/fysiolab.dk\/no\/wp-json\/wp\/v2\/product_tag?post=78042"}],"curies":[{"name":"wp","href":"https:\/\/api.w.org\/{rel}","templated":true}]}}