{"id":78060,"date":"2023-07-16T12:46:02","date_gmt":"2023-07-16T10:46:02","guid":{"rendered":"https:\/\/fysiolab.dk\/product\/procare-squared-toe-postoperative-sko-med-firkantet-taa\/"},"modified":"2025-12-18T09:22:46","modified_gmt":"2025-12-18T08:22:46","slug":"procare-squared-toe-postoperative-sko-med-firkantet-taa","status":"publish","type":"product","link":"https:\/\/fysiolab.dk\/no\/product\/procare-squared-toe-postoperative-sko-med-firkantet-taa\/","title":{"rendered":"Procare Squared Toe postoperative sko med firkantet t\u00e5"},"content":{"rendered":"<h4><strong>Optimal anvendelse<\/strong><\/h4>\n<p style=\"text-align: left;\">Squared Toe Post-Op-sko gj\u00f8r det mulig \u00e5 holde bandasjene rene og t\u00e6rne t\u00f8rre, noe som gir bedre beskyttelse etter postoperative inngrep og forfottraumer. Den firkantede t\u00e5konstruksjonen fungerer som en st\u00f8tdemper og gir ekstra plass og komfort for pasienten. Skoen har ogs\u00e5 h\u00f8ye ankelstropper som holder foten i riktig posisjon, og en stiv gangs\u00e5le som gj\u00f8r det lettere \u00e5 bevege seg og gir \u00f8kt trykkreduksjon.    <strong>Universal-stilen passer begge kj\u00f8nn, b\u00e5de h\u00f8yre og venstre.<\/strong><\/p>\n<p><strong>V\u00e6r oppmerksom p\u00e5 at 1 sko er inkludert<\/strong><\/p>\n<p><strong>St\u00f8rrelsesguide<\/strong><\/p>\n<p><strong>Sortert etter skost\u00f8rrelse (se video med instruksjoner lenger ned i teksten)<\/p>\n<p><\/strong><\/p>\n<p><strong>Skost\u00f8rrelse. St\u00f8rrelse. <\/strong><\/p>\n<p><strong>&lt;37 XS<\/strong><\/p>\n<p><strong>37-39 S<\/strong><\/p>\n<p><strong>40-42 M<\/strong><\/p>\n<p><strong>43-46 L<\/strong><\/p>\n<p><strong>+46 XL<\/strong><\/p>\n<p><iframe title=\"Skost\u00f8rrelsesvejledning sko FysioLab\" width=\"800\" height=\"450\" src=\"https:\/\/www.youtube.com\/embed\/uG9ZtXDPSMM?feature=oembed\" frameborder=\"0\" allow=\"accelerometer; autoplay; clipboard-write; encrypted-media; gyroscope; picture-in-picture; web-share\" referrerpolicy=\"strict-origin-when-cross-origin\" allowfullscreen><\/iframe><\/p>\n<p>&nbsp;<\/p>\n","protected":false},"excerpt":{"rendered":"<p><strong>Procare Squarred Toe Post-Op-sko anbefales til avlastning av forfoten og t\u00e6rne f\u00f8r og etter operasjoner. Har en st\u00f8tdempende funksjon for \u00e5 beskytte foten. Anbefales for beskyttelse av brukne t\u00e6r.   Skoen passer b\u00e5de h\u00f8yre og venstre fot.<\/p>\n<p><\/strong><\/p>\n<p><strong>MERK: 1 SKO INKLUDERT<\/strong><\/p>\n","protected":false},"featured_media":78068,"comment_status":"closed","ping_status":"closed","template":"","meta":{"_acf_changed":false},"product_brand":[3139],"product_cat":[2039,2034,1937,2032,2000,2036,1933,1994,1999,2035],"product_tag":[2264],"class_list":{"0":"post-78060","1":"product","2":"type-product","3":"status-publish","4":"has-post-thumbnail","6":"product_brand-procare","7":"product_cat-brudd-og-smerter-i-foten-benbrudd-i-foten","8":"product_cat-fottoey-for-avlastning-av-brudd","9":"product_cat-merkevarer","10":"product_cat-postoperativt-fottoey","11":"product_cat-procare-no","12":"product_cat-procare-sko-og-saaler-no","13":"product_cat-skinner-og-stoetteskinner","14":"product_cat-sko-og-saaler-no","15":"product_cat-stoetabsorberende-fottoey","16":"product_cat-walkerstoevler-og-tilbehoer","17":"product_tag-procare-no","19":"first","20":"instock","21":"taxable","22":"shipping-taxable","23":"purchasable","24":"product-type-variable"},"acf":[],"_links":{"self":[{"href":"https:\/\/fysiolab.dk\/no\/wp-json\/wp\/v2\/product\/78060","targetHints":{"allow":["GET"]}}],"collection":[{"href":"https:\/\/fysiolab.dk\/no\/wp-json\/wp\/v2\/product"}],"about":[{"href":"https:\/\/fysiolab.dk\/no\/wp-json\/wp\/v2\/types\/product"}],"replies":[{"embeddable":true,"href":"https:\/\/fysiolab.dk\/no\/wp-json\/wp\/v2\/comments?post=78060"}],"wp:featuredmedia":[{"embeddable":true,"href":"https:\/\/fysiolab.dk\/no\/wp-json\/wp\/v2\/media\/78068"}],"wp:attachment":[{"href":"https:\/\/fysiolab.dk\/no\/wp-json\/wp\/v2\/media?parent=78060"}],"wp:term":[{"taxonomy":"product_brand","embeddable":true,"href":"https:\/\/fysiolab.dk\/no\/wp-json\/wp\/v2\/product_brand?post=78060"},{"taxonomy":"product_cat","embeddable":true,"href":"https:\/\/fysiolab.dk\/no\/wp-json\/wp\/v2\/product_cat?post=78060"},{"taxonomy":"product_tag","embeddable":true,"href":"https:\/\/fysiolab.dk\/no\/wp-json\/wp\/v2\/product_tag?post=78060"}],"curies":[{"name":"wp","href":"https:\/\/api.w.org\/{rel}","templated":true}]}}