{"id":78061,"date":"2023-07-16T12:45:39","date_gmt":"2023-07-16T10:45:39","guid":{"rendered":"https:\/\/fysiolab.dk\/product\/donjoy-digiform-haand-fingerbandasje\/"},"modified":"2025-12-18T09:22:46","modified_gmt":"2025-12-18T08:22:46","slug":"donjoy-digiform-haand-fingerbandasje","status":"publish","type":"product","link":"https:\/\/fysiolab.dk\/no\/product\/donjoy-digiform-haand-fingerbandasje\/","title":{"rendered":"DonJoy DigiForm+ h\u00e5nd\/fingerbandasje"},"content":{"rendered":"<h4><strong>Optimal anvendelse<\/strong><\/h4>\n<ul>\n<li>Fingerortose med avtakbar h\u00e5ndflateskinne for immobilisering av 3-4 fingre<\/li>\n<li>Alle indikasjoner som krever immobilisering av 3-4 fingre<\/li>\n<li>Forstrekninger, subluksasjoner, dislokasjoner og brudd<\/li>\n<li>Pre- og postoperativ immobilisering av h\u00e5ndleddet<\/li>\n<\/ul>\n<p><strong>Fordeler og funksjoner<\/strong><\/p>\n<ul>\n<li>Enkel \u00e5 bruke takket v\u00e6re 4 justerbare stropper og \"Stop Strap\"-system<\/li>\n<li>Passer til b\u00e5de h\u00f8yre og venstre h\u00e5nd<\/li>\n<li>Lett, lavprofilert design<\/li>\n<li>Avtakbar h\u00e5ndleddst\u00f8tte i aluminium gir tilpassbar st\u00f8tte<\/li>\n<li>Avtakbare modul\u00e6re komponenter gj\u00f8r det enkelt \u00e5 vaske ortosen<\/li>\n<li>Beskyttende \"hetter\" for fingertuppene<\/li>\n<li>Ortosen kan tilpasses for kombinasjoner av 3 fingre eller alle 4 fingre<\/li>\n<li>3D-materiale som puster<\/li>\n<\/ul>\n<p><strong>St\u00f8rrelsesguide<\/strong><\/p>\n<p><strong>M\u00e5l omkretsen av h\u00e5ndleddet (se video med instruksjoner lenger ned i teksten)<\/p>\n<p><\/strong><\/p>\n<p><a href=\"https:\/\/dev.fysiolab.dk\/wp-content\/uploads\/2025\/05\/H2.png\"><img fetchpriority=\"high\" decoding=\"async\" class=\"alignnone size-medium wp-image-202392805\" src=\"https:\/\/dev.fysiolab.dk\/wp-content\/uploads\/2025\/05\/H2-300x169.png\" alt=\"\" width=\"300\" height=\"169\" title=\"\"><\/a><\/p>\n<p><strong>Omkrets Str<\/strong><\/p>\n<p><strong>11-14 cm XS<\/strong><\/p>\n<p><strong>14-16 cm S<\/strong><\/p>\n<p><strong>16-19 cm M<\/strong><\/p>\n<p><strong>19-21 cm L<\/strong><\/p>\n<p><strong>21-24 cm XL<\/strong><\/p>\n<p><strong>Produktvideo (fransk)<\/strong><\/p>\n<p><iframe title=\"DonJoy\u00ae DigiForm+\u2122  - Mise en place\" width=\"800\" height=\"450\" src=\"https:\/\/www.youtube.com\/embed\/1Wn3c8ZXtdU?feature=oembed\" frameborder=\"0\" allow=\"accelerometer; autoplay; clipboard-write; encrypted-media; gyroscope; picture-in-picture; web-share\" referrerpolicy=\"strict-origin-when-cross-origin\" allowfullscreen><\/iframe><\/p>\n","protected":false},"excerpt":{"rendered":"<p><strong>DonJoy DigiForm+ <a href=\"https:\/\/fysiolab.dk\/no\/vare-kategori\/skinner-og-stoetteskinner\/haand-og-haandleddsskinne\/\">finger-\/h\u00e5ndbandasje<\/a> anbefales til immobilisering av 3-4 fingre etter forstrekninger, forstuinger og brudd. H\u00e5ndleddsskinne som du kan forme etter h\u00e5ndleddet og h\u00e5nden din. Passer b\u00e5de til venstre og h\u00f8yre<\/p>\n<p><\/strong><\/p>\n<p>https:\/\/www.youtube.com\/watch?v=uT1ZaBnbLiI<\/p>\n","protected":false},"featured_media":78077,"comment_status":"closed","ping_status":"closed","template":"","meta":{"_acf_changed":false},"product_brand":[3091],"product_cat":[2045,2042,1938,2049,2048,2041,2044,2043,2040,2047,1937,1933,2046],"product_tag":[2173],"class_list":{"0":"post-78061","1":"product","2":"type-product","3":"status-publish","4":"has-post-thumbnail","6":"product_brand-donjoy","7":"product_cat-brudd-i-finger","8":"product_cat-brudd-i-haandleddet","9":"product_cat-donjoy-no","10":"product_cat-donjoy-fingerbandasje","11":"product_cat-donjoy-haandleddstoette","12":"product_cat-fingre-no","13":"product_cat-forstuet-finger","14":"product_cat-forstuing-og-overbelastning-av-haandleddet","15":"product_cat-haand-og-haandleddsskinne","16":"product_cat-kyssende-fingre","17":"product_cat-merkevarer","18":"product_cat-skinner-og-stoetteskinner","19":"product_cat-springfinger-no","20":"product_tag-donjoy-no","22":"first","23":"instock","24":"taxable","25":"shipping-taxable","26":"purchasable","27":"product-type-variable"},"acf":[],"_links":{"self":[{"href":"https:\/\/fysiolab.dk\/no\/wp-json\/wp\/v2\/product\/78061","targetHints":{"allow":["GET"]}}],"collection":[{"href":"https:\/\/fysiolab.dk\/no\/wp-json\/wp\/v2\/product"}],"about":[{"href":"https:\/\/fysiolab.dk\/no\/wp-json\/wp\/v2\/types\/product"}],"replies":[{"embeddable":true,"href":"https:\/\/fysiolab.dk\/no\/wp-json\/wp\/v2\/comments?post=78061"}],"wp:featuredmedia":[{"embeddable":true,"href":"https:\/\/fysiolab.dk\/no\/wp-json\/wp\/v2\/media\/78077"}],"wp:attachment":[{"href":"https:\/\/fysiolab.dk\/no\/wp-json\/wp\/v2\/media?parent=78061"}],"wp:term":[{"taxonomy":"product_brand","embeddable":true,"href":"https:\/\/fysiolab.dk\/no\/wp-json\/wp\/v2\/product_brand?post=78061"},{"taxonomy":"product_cat","embeddable":true,"href":"https:\/\/fysiolab.dk\/no\/wp-json\/wp\/v2\/product_cat?post=78061"},{"taxonomy":"product_tag","embeddable":true,"href":"https:\/\/fysiolab.dk\/no\/wp-json\/wp\/v2\/product_tag?post=78061"}],"curies":[{"name":"wp","href":"https:\/\/api.w.org\/{rel}","templated":true}]}}