{"id":78080,"date":"2023-07-16T12:46:02","date_gmt":"2023-07-16T10:46:02","guid":{"rendered":"https:\/\/fysiolab.dk\/product\/procare-minitrax-stoevel\/"},"modified":"2025-12-18T09:22:46","modified_gmt":"2025-12-18T08:22:46","slug":"procare-minitrax-stoevel","status":"publish","type":"product","link":"https:\/\/fysiolab.dk\/no\/product\/procare-minitrax-stoevel\/","title":{"rendered":"Procare MiniTrax st\u00f8vel"},"content":{"rendered":"<h4><strong>Optimal anvendelse<\/strong><\/h4>\n<p>Ideell st\u00f8tte og komfort for de minste pasientene dine med milde til alvorlige fot- og ankelskader. MiniTrax\u2122 er en pediatrisk rullator med barnevennlige designelementer. Under det smarte og morsomme ytre er MiniTrax likevel en seri\u00f8s rullator med mange fordeler og funksjoner for \u00e5 beskytte barnets fot etter f.eks. brudd. St\u00f8velen er tilgjengelig i 3 farger avhengig av st\u00f8rrelse <strong>og kan brukes til b\u00e5de h\u00f8yre og venstre.<\/strong>   <\/p>\n<p><strong>Fordeler og funksjoner<\/strong><\/p>\n<ul>\n<li>Lett \u00e5 ta p\u00e5 og justere med et enkelt system av stropper og f\u00f4r.<\/li>\n<li>Lettvektsdesign som inkluderer anatomisk formede plastforsterkninger som bidrar til bedre passform.<\/li>\n<li>MiniTrax-rulles\u00e5len med lav profil har et slitesterkt og sklisikkert m\u00f8nster som t\u00e5ler barns aktiviteter.<\/li>\n<\/ul>\n<p><strong>St\u00f8rrelsesguide  <\/strong><\/p>\n<p><strong>St\u00f8vler kj\u00f8pes i henhold til skost\u00f8rrelse (hvis du er i tvil, ring FysioLabs fysioterapeuter p\u00e5: 92724444)<\/strong><\/p>\n<p><strong>Skost\u00f8rrelse. St\u00f8rrelse. <\/strong><\/p>\n<p><strong>&lt;25 S (oransje)<\/strong><\/p>\n<p><strong>25-29 M(bl\u00e5)<\/strong><\/p>\n<p><strong>29-33 L (gul)<\/strong><\/p>\n<p><iframe title=\"minitrax pediatric walking boot\" width=\"800\" height=\"450\" src=\"https:\/\/www.youtube.com\/embed\/nrUSEFI-I14?feature=oembed\" frameborder=\"0\" allow=\"accelerometer; autoplay; clipboard-write; encrypted-media; gyroscope; picture-in-picture; web-share\" referrerpolicy=\"strict-origin-when-cross-origin\" allowfullscreen><\/iframe><\/p>\n","protected":false},"excerpt":{"rendered":"<p><strong>Procare MiniTrax er en flott g\u00e5st\u00f8vel for barn. M\u00f8nstre og forskjellige farger pryder st\u00f8velen, noe som gj\u00f8r den morsom og kul for barna \u00e5 ha p\u00e5 seg. St\u00f8velen kan brukes til b\u00e5de h\u00f8yre og venstre  <\/strong><\/p>\n<p style=\"text-align: center;\"><strong>St\u00f8rrelsesguide (se tabell)<\/strong><\/p>\n<p>https:\/\/www.youtube.com\/watch?v=uG9ZtXDPSMM<\/p>\n","protected":false},"featured_media":78085,"comment_status":"closed","ping_status":"closed","template":"","meta":{"_acf_changed":false},"product_brand":[3139],"product_cat":[2050,1937,2000,2038,1933,2035],"product_tag":[2264],"class_list":{"0":"post-78080","1":"product","2":"type-product","3":"status-publish","4":"has-post-thumbnail","6":"product_brand-procare","7":"product_cat-gaastoevel-for-barn-brutt-skinneben-brudd-og-fotsmerter-hos-barn","8":"product_cat-merkevarer","9":"product_cat-procare-no","10":"product_cat-procare-rullatorstoevler","11":"product_cat-skinner-og-stoetteskinner","12":"product_cat-walkerstoevler-og-tilbehoer","13":"product_tag-procare-no","15":"first","16":"instock","17":"taxable","18":"shipping-taxable","19":"purchasable","20":"product-type-variable"},"acf":[],"_links":{"self":[{"href":"https:\/\/fysiolab.dk\/no\/wp-json\/wp\/v2\/product\/78080","targetHints":{"allow":["GET"]}}],"collection":[{"href":"https:\/\/fysiolab.dk\/no\/wp-json\/wp\/v2\/product"}],"about":[{"href":"https:\/\/fysiolab.dk\/no\/wp-json\/wp\/v2\/types\/product"}],"replies":[{"embeddable":true,"href":"https:\/\/fysiolab.dk\/no\/wp-json\/wp\/v2\/comments?post=78080"}],"wp:featuredmedia":[{"embeddable":true,"href":"https:\/\/fysiolab.dk\/no\/wp-json\/wp\/v2\/media\/78085"}],"wp:attachment":[{"href":"https:\/\/fysiolab.dk\/no\/wp-json\/wp\/v2\/media?parent=78080"}],"wp:term":[{"taxonomy":"product_brand","embeddable":true,"href":"https:\/\/fysiolab.dk\/no\/wp-json\/wp\/v2\/product_brand?post=78080"},{"taxonomy":"product_cat","embeddable":true,"href":"https:\/\/fysiolab.dk\/no\/wp-json\/wp\/v2\/product_cat?post=78080"},{"taxonomy":"product_tag","embeddable":true,"href":"https:\/\/fysiolab.dk\/no\/wp-json\/wp\/v2\/product_tag?post=78080"}],"curies":[{"name":"wp","href":"https:\/\/api.w.org\/{rel}","templated":true}]}}