{"id":78081,"date":"2023-07-16T12:45:38","date_gmt":"2023-07-16T10:45:38","guid":{"rendered":"https:\/\/fysiolab.dk\/product\/donjoy-digiform-haand-fingerbandasje-2\/"},"modified":"2025-12-18T09:22:47","modified_gmt":"2025-12-18T08:22:47","slug":"donjoy-digiform-haand-fingerbandasje-2","status":"publish","type":"product","link":"https:\/\/fysiolab.dk\/no\/product\/donjoy-digiform-haand-fingerbandasje-2\/","title":{"rendered":"DonJoy DigiForm h\u00e5nd\/fingerbandasje"},"content":{"rendered":"<h4><strong>Optimal anvendelse<\/strong><\/h4>\n<ul>\n<li>Fingerbandasje med avtagbar skinne for immobilisering av 2 fingre<\/li>\n<li>Alle indikasjoner som krever immobilisering av 2 fingre - som forstuinger, dislokasjoner, slag, frakturer, subluksasjoner osv.<\/li>\n<li>Pre- og postoperativ immobilisering av h\u00e5ndleddet<\/li>\n<\/ul>\n<p><strong>Fordeler og funksjoner<\/strong><\/p>\n<ul>\n<li>Enkel \u00e5 bruke takket v\u00e6re 4 justerbare stropper og \"Strop Stop\"-system<\/li>\n<li>Passer til b\u00e5de h\u00f8yre og venstre h\u00e5nd<\/li>\n<li>Lett, lavprofilert design<\/li>\n<li>Flyttbar h\u00e5ndflateskinne for tilpasset st\u00f8tte<\/li>\n<li>Aluminiumsskinnen kan formes slik at den passer til behandlingsplanen<\/li>\n<li>Avtakbare modul\u00e6re komponenter gj\u00f8r det enkelt \u00e5 vaske ortosen<\/li>\n<li>Fire avtakbare og justerbare stropper for justerbar kompresjon<\/li>\n<li>Beskyttende \"hetter\" for fingertuppene<\/li>\n<\/ul>\n<p><strong>St\u00f8rrelsesguide<\/strong><\/p>\n<p><strong>Lengden p\u00e5 h\u00e5nden m\u00e5les fra h\u00e5ndleddet til langfingeren<\/p>\n<p><\/strong><\/p>\n<p><a href=\"https:\/\/dev.fysiolab.dk\/wp-content\/uploads\/2025\/05\/H3.png\"><img fetchpriority=\"high\" decoding=\"async\" class=\"alignnone size-medium wp-image-202393600\" src=\"https:\/\/dev.fysiolab.dk\/wp-content\/uploads\/2025\/05\/H3-300x169.png\" alt=\"\" width=\"300\" height=\"169\" title=\"\"><\/a><\/p>\n<p><strong>Omkrets Str<\/strong><\/p>\n<p><strong>11-15 cm XS<\/strong><\/p>\n<p><strong>15-19 cm S\/M<\/strong><\/p>\n<p><strong>19-23 cm L\/XL<\/strong><\/p>\n<p><iframe title=\"DonJoy Digiform\" width=\"800\" height=\"450\" src=\"https:\/\/www.youtube.com\/embed\/BY4V6Kp7KO0?feature=oembed\" frameborder=\"0\" allow=\"accelerometer; autoplay; clipboard-write; encrypted-media; gyroscope; picture-in-picture; web-share\" referrerpolicy=\"strict-origin-when-cross-origin\" allowfullscreen><\/iframe><\/p>\n","protected":false},"excerpt":{"rendered":"<p><strong>DonJoy DigiForm anbefales for immobilisering av opptil 2 fingre. Anbefales ved forstuvede, forvridde eller brukne fingre. Bandasjen har en aluminiumsskinne som du kan forme etter eget \u00f8nske.  <\/p>\n<p><\/strong><\/p>\n<p>https:\/\/www.youtube.com\/watch?v=yrv5Hnd15tw<\/p>\n","protected":false},"featured_media":78097,"comment_status":"closed","ping_status":"closed","template":"","meta":{"_acf_changed":false},"product_brand":[3091],"product_cat":[2045,2042,1938,2049,2048,2041,2044,2043,2040,2047,1937,1933,2046],"product_tag":[2173],"class_list":{"0":"post-78081","1":"product","2":"type-product","3":"status-publish","4":"has-post-thumbnail","6":"product_brand-donjoy","7":"product_cat-brudd-i-finger","8":"product_cat-brudd-i-haandleddet","9":"product_cat-donjoy-no","10":"product_cat-donjoy-fingerbandasje","11":"product_cat-donjoy-haandleddstoette","12":"product_cat-fingre-no","13":"product_cat-forstuet-finger","14":"product_cat-forstuing-og-overbelastning-av-haandleddet","15":"product_cat-haand-og-haandleddsskinne","16":"product_cat-kyssende-fingre","17":"product_cat-merkevarer","18":"product_cat-skinner-og-stoetteskinner","19":"product_cat-springfinger-no","20":"product_tag-donjoy-no","22":"first","23":"instock","24":"taxable","25":"shipping-taxable","26":"purchasable","27":"product-type-variable"},"acf":[],"_links":{"self":[{"href":"https:\/\/fysiolab.dk\/no\/wp-json\/wp\/v2\/product\/78081","targetHints":{"allow":["GET"]}}],"collection":[{"href":"https:\/\/fysiolab.dk\/no\/wp-json\/wp\/v2\/product"}],"about":[{"href":"https:\/\/fysiolab.dk\/no\/wp-json\/wp\/v2\/types\/product"}],"replies":[{"embeddable":true,"href":"https:\/\/fysiolab.dk\/no\/wp-json\/wp\/v2\/comments?post=78081"}],"wp:featuredmedia":[{"embeddable":true,"href":"https:\/\/fysiolab.dk\/no\/wp-json\/wp\/v2\/media\/78097"}],"wp:attachment":[{"href":"https:\/\/fysiolab.dk\/no\/wp-json\/wp\/v2\/media?parent=78081"}],"wp:term":[{"taxonomy":"product_brand","embeddable":true,"href":"https:\/\/fysiolab.dk\/no\/wp-json\/wp\/v2\/product_brand?post=78081"},{"taxonomy":"product_cat","embeddable":true,"href":"https:\/\/fysiolab.dk\/no\/wp-json\/wp\/v2\/product_cat?post=78081"},{"taxonomy":"product_tag","embeddable":true,"href":"https:\/\/fysiolab.dk\/no\/wp-json\/wp\/v2\/product_tag?post=78081"}],"curies":[{"name":"wp","href":"https:\/\/api.w.org\/{rel}","templated":true}]}}