{"id":78095,"date":"2023-07-16T12:46:02","date_gmt":"2023-07-16T10:46:02","guid":{"rendered":"https:\/\/fysiolab.dk\/product\/donjoy-arch-rival-innersaale\/"},"modified":"2025-12-18T09:22:45","modified_gmt":"2025-12-18T08:22:45","slug":"donjoy-arch-rival-innersaale","status":"publish","type":"product","link":"https:\/\/fysiolab.dk\/no\/product\/donjoy-arch-rival-innersaale\/","title":{"rendered":"DonJoy Arch Rival inners\u00e5le"},"content":{"rendered":"<h4><strong>Optimal anvendelse<\/strong><\/h4>\n<p>Patentert og prefabrikert fotortose utviklet for behandling av pes cavus. Arch Rival fremmer naturlig fotbevegelse, forbedrer stabiliteten og gir st\u00f8tdemping og smertelindring. Det fordypede omr\u00e5det under 1. metatarsalhode stimulerer den plantarflekterte 1. str\u00e5le. H\u00e6len er hevet for \u00e5 avlaste foten og unng\u00e5 overdrevent h\u00e6lavtrykk og stramme leggmuskler. Det antimikrobielt behandlede termodynamiske materialet bidrar til \u00e5 forhindre gnags\u00e5r og gammel luft. Leveres som et par.     <\/p>\n<p><strong>St\u00f8rrelsesguide<\/strong><\/p>\n<p><strong>Sortert etter skost\u00f8rrelse (se video med instruksjoner lenger ned i teksten)<\/p>\n<p><\/strong><\/p>\n<p><strong>Sko st\u00f8rrelse Str<\/strong><\/p>\n<p><strong>35-36 XS<\/strong><\/p>\n<p><strong>37-39 S<\/strong><\/p>\n<p><strong>40-42 M<\/strong><\/p>\n<p><strong>43-44 L<\/strong><\/p>\n<p><strong>45-46 XL<\/strong><\/p>\n<p><strong>47-48 XXL<\/strong><\/p>\n<p><iframe title=\"Skost\u00f8rrelsesvejledning sko FysioLab\" width=\"800\" height=\"450\" src=\"https:\/\/www.youtube.com\/embed\/uG9ZtXDPSMM?feature=oembed\" frameborder=\"0\" allow=\"accelerometer; autoplay; clipboard-write; encrypted-media; gyroscope; picture-in-picture; web-share\" referrerpolicy=\"strict-origin-when-cross-origin\" allowfullscreen><\/iframe><\/p>\n<p>&nbsp;<\/p>\n","protected":false},"excerpt":{"rendered":"<p><strong>DonJoy Arch Rival anbefales for hulfot (pes cavus). Arch Rival fremmer naturlig fotbevegelse og avlastning under gange. Inkluderer 2 s\u00e5ler. Bestill i henhold til skost\u00f8rrelse (se st\u00f8rrelsesguide)   <\/p>\n<p><\/strong><\/p>\n","protected":false},"featured_media":78106,"comment_status":"closed","ping_status":"closed","template":"","meta":{"_acf_changed":false},"product_brand":[3091],"product_cat":[1992,2031,1938,2058,2057,2056,2054,1948,1937,2003,2033,1933,1994,2055,1995,1999],"product_tag":[2173],"class_list":{"0":"post-78095","1":"product","2":"type-product","3":"status-publish","4":"has-post-thumbnail","6":"product_brand-donjoy","7":"product_cat-ankelskinne","8":"product_cat-bunion-paa-fot-og-ankel","9":"product_cat-donjoy-no","10":"product_cat-donjoy-sko-og-saaler-no","11":"product_cat-flatfot","12":"product_cat-innsunket-forfot-no","13":"product_cat-innsunket-forfot","14":"product_cat-klinikk","15":"product_cat-merkevarer","16":"product_cat-saaler-og-fotpleie","17":"product_cat-skinne-for-liktorn","18":"product_cat-skinner-og-stoetteskinner","19":"product_cat-sko-og-saaler-no","20":"product_cat-smerter-i-fotbuen","21":"product_cat-smerter-i-haelen","22":"product_cat-stoetabsorberende-fottoey","23":"product_tag-donjoy-no","25":"first","26":"instock","27":"taxable","28":"shipping-taxable","29":"purchasable","30":"product-type-variable"},"acf":[],"_links":{"self":[{"href":"https:\/\/fysiolab.dk\/no\/wp-json\/wp\/v2\/product\/78095","targetHints":{"allow":["GET"]}}],"collection":[{"href":"https:\/\/fysiolab.dk\/no\/wp-json\/wp\/v2\/product"}],"about":[{"href":"https:\/\/fysiolab.dk\/no\/wp-json\/wp\/v2\/types\/product"}],"replies":[{"embeddable":true,"href":"https:\/\/fysiolab.dk\/no\/wp-json\/wp\/v2\/comments?post=78095"}],"wp:featuredmedia":[{"embeddable":true,"href":"https:\/\/fysiolab.dk\/no\/wp-json\/wp\/v2\/media\/78106"}],"wp:attachment":[{"href":"https:\/\/fysiolab.dk\/no\/wp-json\/wp\/v2\/media?parent=78095"}],"wp:term":[{"taxonomy":"product_brand","embeddable":true,"href":"https:\/\/fysiolab.dk\/no\/wp-json\/wp\/v2\/product_brand?post=78095"},{"taxonomy":"product_cat","embeddable":true,"href":"https:\/\/fysiolab.dk\/no\/wp-json\/wp\/v2\/product_cat?post=78095"},{"taxonomy":"product_tag","embeddable":true,"href":"https:\/\/fysiolab.dk\/no\/wp-json\/wp\/v2\/product_tag?post=78095"}],"curies":[{"name":"wp","href":"https:\/\/api.w.org\/{rel}","templated":true}]}}