{"id":78099,"date":"2023-07-16T12:45:38","date_gmt":"2023-07-16T10:45:38","guid":{"rendered":"https:\/\/fysiolab.dk\/product\/donjoy-rhizoform-tommelbeskyttelse\/"},"modified":"2025-12-18T09:22:46","modified_gmt":"2025-12-18T08:22:46","slug":"donjoy-rhizoform-tommelbeskyttelse","status":"publish","type":"product","link":"https:\/\/fysiolab.dk\/no\/product\/donjoy-rhizoform-tommelbeskyttelse\/","title":{"rendered":"DonJoy RhizoForm tommelbeskyttelse"},"content":{"rendered":"<h4><strong>Optimal anvendelse<\/strong><\/h4>\n<ul>\n<li>Funksjonell og formbar tommelortose<\/li>\n<li>For behandling av rhizartrose (slitasjegikt i tommelen)<\/li>\n<li>Tilgjengelig i h\u00f8yre- og venstremodeller<\/li>\n<\/ul>\n<p><strong>Fordeler og funksjoner<\/strong><\/p>\n<ul>\n<li>Ergonomisk og universell utforming<\/li>\n<li>B\u00e6rende ultralett konstruksjon med eksoskjelett<\/li>\n<li>Formbar struktur gir tilpassbar st\u00f8tte<\/li>\n<li>onStream-f\u00f4r i pustende mikrofiber bidrar til god komfort<\/li>\n<li>Lett og enkelt \u00e5 tilpasse og justere<\/li>\n<\/ul>\n<p><strong>St\u00f8rrelsesguide<\/strong><\/p>\n<p><strong>M\u00e5l omkretsen p\u00e5 h\u00e5ndleddet (se video med instruksjoner lenger ned i teksten)<\/strong><\/p>\n<p><a href=\"https:\/\/dev.fysiolab.dk\/wp-content\/uploads\/2025\/05\/H2.png\"><img fetchpriority=\"high\" decoding=\"async\" class=\"alignnone size-medium wp-image-202392805\" src=\"https:\/\/dev.fysiolab.dk\/wp-content\/uploads\/2025\/05\/H2-300x169.png\" alt=\"\" width=\"300\" height=\"169\" title=\"\"><\/a><\/p>\n<p><strong>Omkrets St\u00f8rrelse<\/strong><\/p>\n<p><strong>13,5-16,5 cm S\/M<\/strong><\/p>\n<p><strong>16,5-20 cm L\/XL<\/strong><\/p>\n<p><iframe title=\"Opm\u00e5lingsvejledning til h\u00e5ndled\" width=\"800\" height=\"450\" src=\"https:\/\/www.youtube.com\/embed\/uT1ZaBnbLiI?feature=oembed\" frameborder=\"0\" allow=\"accelerometer; autoplay; clipboard-write; encrypted-media; gyroscope; picture-in-picture; web-share\" referrerpolicy=\"strict-origin-when-cross-origin\" allowfullscreen><\/iframe><\/p>\n<p><iframe title=\"DonJoy Rhizoform tommelbandage\" width=\"800\" height=\"450\" src=\"https:\/\/www.youtube.com\/embed\/df2rIQgs0PI?feature=oembed\" frameborder=\"0\" allow=\"accelerometer; autoplay; clipboard-write; encrypted-media; gyroscope; picture-in-picture; web-share\" referrerpolicy=\"strict-origin-when-cross-origin\" allowfullscreen><\/iframe><\/p>\n<p><iframe title=\"DonJoy\u00ae RhizoForm\u2122 - Mise en place\" width=\"800\" height=\"450\" src=\"https:\/\/www.youtube.com\/embed\/sLbVRsoc6Y4?feature=oembed\" frameborder=\"0\" allow=\"accelerometer; autoplay; clipboard-write; encrypted-media; gyroscope; picture-in-picture; web-share\" referrerpolicy=\"strict-origin-when-cross-origin\" allowfullscreen><\/iframe><\/p>\n","protected":false},"excerpt":{"rendered":"<p><strong>DonJoy Rhizoform anbefales ved slitasjegikt, forstuinger og strekk i tommelen. Bandasjen har et tynt eksoskjelett av aluminium som du kan forme etter h\u00e5nden og tommelen.  Tilgjengelig i h\u00f8yre- og venstremodeller<\/strong><\/p>\n<p>&nbsp;<\/p>\n","protected":false},"featured_media":78117,"comment_status":"closed","ping_status":"closed","template":"","meta":{"_acf_changed":false},"product_brand":[],"product_cat":[2045,1938,2049,2041,2044,2062,1937,2063,2064,1933,2061,2065],"product_tag":[2173],"class_list":{"0":"post-78099","1":"product","2":"type-product","3":"status-publish","4":"has-post-thumbnail","6":"product_cat-brudd-i-finger","7":"product_cat-donjoy-no","8":"product_cat-donjoy-fingerbandasje","9":"product_cat-fingre-no","10":"product_cat-forstuet-finger","11":"product_cat-hyperekstensjon-av-tommelen","12":"product_cat-merkevarer","13":"product_cat-rhizartrose-no","14":"product_cat-skiloeperens-tommel","15":"product_cat-skinner-og-stoetteskinner","16":"product_cat-slitasjegikt-i-tommelen","17":"product_cat-smerter-i-tommelens-rotledd","18":"product_tag-donjoy-no","20":"first","21":"instock","22":"taxable","23":"shipping-taxable","24":"purchasable","25":"product-type-variable"},"acf":[],"_links":{"self":[{"href":"https:\/\/fysiolab.dk\/no\/wp-json\/wp\/v2\/product\/78099","targetHints":{"allow":["GET"]}}],"collection":[{"href":"https:\/\/fysiolab.dk\/no\/wp-json\/wp\/v2\/product"}],"about":[{"href":"https:\/\/fysiolab.dk\/no\/wp-json\/wp\/v2\/types\/product"}],"replies":[{"embeddable":true,"href":"https:\/\/fysiolab.dk\/no\/wp-json\/wp\/v2\/comments?post=78099"}],"wp:featuredmedia":[{"embeddable":true,"href":"https:\/\/fysiolab.dk\/no\/wp-json\/wp\/v2\/media\/78117"}],"wp:attachment":[{"href":"https:\/\/fysiolab.dk\/no\/wp-json\/wp\/v2\/media?parent=78099"}],"wp:term":[{"taxonomy":"product_brand","embeddable":true,"href":"https:\/\/fysiolab.dk\/no\/wp-json\/wp\/v2\/product_brand?post=78099"},{"taxonomy":"product_cat","embeddable":true,"href":"https:\/\/fysiolab.dk\/no\/wp-json\/wp\/v2\/product_cat?post=78099"},{"taxonomy":"product_tag","embeddable":true,"href":"https:\/\/fysiolab.dk\/no\/wp-json\/wp\/v2\/product_tag?post=78099"}],"curies":[{"name":"wp","href":"https:\/\/api.w.org\/{rel}","templated":true}]}}