{"id":78111,"date":"2023-07-16T12:46:02","date_gmt":"2023-07-16T10:46:02","guid":{"rendered":"https:\/\/fysiolab.dk\/product\/donjoy-podalux-ii-sko\/"},"modified":"2025-12-18T09:22:45","modified_gmt":"2025-12-18T08:22:45","slug":"donjoy-podalux-ii-sko","status":"publish","type":"product","link":"https:\/\/fysiolab.dk\/no\/product\/donjoy-podalux-ii-sko\/","title":{"rendered":"DonJoy Podalux II-sko"},"content":{"rendered":"<h4><strong>Optimal anvendelse<\/strong><\/h4>\n<p>Podalux II er et beskyttende fott\u00f8y som er utviklet for en rekke ulike postoperative og posttraumatiske fot- og t\u00e5problemer, spesielt etter hallux valgus, og som fester foten, t\u00e6rne og forfoten i innlegg og skinner, noe som gir \u00f8kt st\u00f8tte og sikrer riktig posisjon av foten under rehabiliteringen. Podalux II har en bred, solid og sklisikker s\u00e5le som gir ekstra stabilitet, og en avtagbar, stiv fotplate som gir ekstra fasthet og st\u00f8tte til fotbuen. Den er f\u00f4ret med pustende mikromesh-stoff for pasientens komfort og har to borrel\u00e5sstropper som gj\u00f8r den enkel \u00e5 ta p\u00e5 og justere. Skoen kan brukes b\u00e5de til venstre og h\u00f8yre.   <\/p>\n<p><strong>Fordeler og funksjoner<\/strong><\/p>\n<ul>\n<li>Avtakbar stiv fotplate<\/li>\n<li>F\u00f4ret med pustende mikronettstoff<\/li>\n<li>To borrel\u00e5sstropper for enkel p\u00e5f\u00f8ring<\/li>\n<\/ul>\n<p><strong>St\u00f8rrelsesguide<\/strong><\/p>\n<p><strong>Sortert etter skost\u00f8rrelse (se video med instruksjoner lenger ned i teksten)<\/p>\n<p><\/strong><\/p>\n<p><strong>Skost\u00f8rrelse. St\u00f8rrelse.   <\/strong><\/p>\n<p><strong>35-36 S<\/strong><\/p>\n<p><strong>37-38 M<\/strong><\/p>\n<p><strong>39-40 L<\/strong><\/p>\n<p><strong>41-42 XL<\/strong><\/p>\n<p><strong>43-45 XXL<\/strong><\/p>\n<p><strong>45+ XXXL<\/strong><\/p>\n<p><iframe title=\"Skost\u00f8rrelsesvejledning sko FysioLab\" width=\"800\" height=\"450\" src=\"https:\/\/www.youtube.com\/embed\/uG9ZtXDPSMM?feature=oembed\" frameborder=\"0\" allow=\"accelerometer; autoplay; clipboard-write; encrypted-media; gyroscope; picture-in-picture; web-share\" referrerpolicy=\"strict-origin-when-cross-origin\" allowfullscreen><\/iframe><\/p>\n","protected":false},"excerpt":{"rendered":"<p><strong>DonJoy Podalux II anbefales ved smerter i forfoten som hallux valgus, knuter og etter forfotsoperasjoner. Passer for h\u00f8yre og venstre fot <\/p>\n<p><\/strong><\/p>\n","protected":false},"featured_media":78128,"comment_status":"closed","ping_status":"closed","template":"","meta":{"_acf_changed":false},"product_brand":[3091],"product_cat":[1992,2031,1938,2058,2034,2066,1937,1997,2032,2033,1933,1994,2055],"product_tag":[2173],"class_list":{"0":"post-78111","1":"product","2":"type-product","3":"status-publish","4":"has-post-thumbnail","6":"product_brand-donjoy","7":"product_cat-ankelskinne","8":"product_cat-bunion-paa-fot-og-ankel","9":"product_cat-donjoy-no","10":"product_cat-donjoy-sko-og-saaler-no","11":"product_cat-fottoey-for-avlastning-av-brudd","12":"product_cat-fottoey-for-diabetikere","13":"product_cat-merkevarer","14":"product_cat-plantar-facitis-no","15":"product_cat-postoperativt-fottoey","16":"product_cat-skinne-for-liktorn","17":"product_cat-skinner-og-stoetteskinner","18":"product_cat-sko-og-saaler-no","19":"product_cat-smerter-i-fotbuen","20":"product_tag-donjoy-no","22":"first","23":"instock","24":"taxable","25":"shipping-taxable","26":"purchasable","27":"product-type-variable"},"acf":[],"_links":{"self":[{"href":"https:\/\/fysiolab.dk\/no\/wp-json\/wp\/v2\/product\/78111","targetHints":{"allow":["GET"]}}],"collection":[{"href":"https:\/\/fysiolab.dk\/no\/wp-json\/wp\/v2\/product"}],"about":[{"href":"https:\/\/fysiolab.dk\/no\/wp-json\/wp\/v2\/types\/product"}],"replies":[{"embeddable":true,"href":"https:\/\/fysiolab.dk\/no\/wp-json\/wp\/v2\/comments?post=78111"}],"wp:featuredmedia":[{"embeddable":true,"href":"https:\/\/fysiolab.dk\/no\/wp-json\/wp\/v2\/media\/78128"}],"wp:attachment":[{"href":"https:\/\/fysiolab.dk\/no\/wp-json\/wp\/v2\/media?parent=78111"}],"wp:term":[{"taxonomy":"product_brand","embeddable":true,"href":"https:\/\/fysiolab.dk\/no\/wp-json\/wp\/v2\/product_brand?post=78111"},{"taxonomy":"product_cat","embeddable":true,"href":"https:\/\/fysiolab.dk\/no\/wp-json\/wp\/v2\/product_cat?post=78111"},{"taxonomy":"product_tag","embeddable":true,"href":"https:\/\/fysiolab.dk\/no\/wp-json\/wp\/v2\/product_tag?post=78111"}],"curies":[{"name":"wp","href":"https:\/\/api.w.org\/{rel}","templated":true}]}}