{"id":78121,"date":"2023-07-16T12:45:37","date_gmt":"2023-07-16T10:45:37","guid":{"rendered":"https:\/\/fysiolab.dk\/product\/donjoy-carpaform-haandleddstoette\/"},"modified":"2025-12-18T09:22:47","modified_gmt":"2025-12-18T08:22:47","slug":"donjoy-carpaform-haandleddstoette","status":"publish","type":"product","link":"https:\/\/fysiolab.dk\/no\/product\/donjoy-carpaform-haandleddstoette\/","title":{"rendered":"DonJoy CarpaForm h\u00e5ndleddst\u00f8tte"},"content":{"rendered":"<h4><strong>Optimal anvendelse<\/strong><\/h4>\n<ul>\n<li>Funksjonell h\u00e5ndleddsortose for karpaltunnelsyndrom (tilstand der nerven i h\u00e5nden kommer i klem)<\/li>\n<li>Karpaltunnelsyndrom som f\u00f8lge av nerveskade<\/li>\n<li>Kan ogs\u00e5 brukes mot tendinopati<\/li>\n<\/ul>\n<p><strong>Fordeler og funksjoner<\/strong><\/p>\n<ul>\n<li>Ergonomisk, ultralett design<\/li>\n<li>St\u00f8ttende \"eksoskjelett\"-design som gir dekompresjon og avlaster trykket p\u00e5 karpalnerven (medianusnerven)<\/li>\n<li>Formbar aluminiumskonstruksjon for individuelt tilpasset slag<\/li>\n<li>St\u00f8tter h\u00e5ndleddet i en n\u00f8ytral stilling og kan brukes om natten n\u00e5r smertene ofte er p\u00e5 sitt verste<\/li>\n<li>Tilgjengelig i en h\u00f8yre- og en venstremodell<\/li>\n<li>Lett og enkelt \u00e5 justere og tilpasse<\/li>\n<\/ul>\n<p><strong>St\u00f8rrelsesguide<\/strong><\/p>\n<p><strong>M\u00e5l omkretsen p\u00e5 h\u00e5ndleddet (se video med instruksjoner lenger ned i teksten)<\/p>\n<p><\/strong><\/p>\n<p><a href=\"https:\/\/dev.fysiolab.dk\/wp-content\/uploads\/2025\/05\/H2.png\"><img fetchpriority=\"high\" decoding=\"async\" class=\"alignnone size-medium wp-image-202392805\" src=\"https:\/\/dev.fysiolab.dk\/wp-content\/uploads\/2025\/05\/H2-300x169.png\" alt=\"\" width=\"300\" height=\"169\" title=\"\"><\/a><\/p>\n<p><strong>Omkrets St\u00f8rrelse<\/strong><\/p>\n<p><strong>13-16,5 cm S<\/strong><\/p>\n<p><strong>16,5-19,5 cm M<\/strong><\/p>\n<p><strong>19,5-25 cm L<\/strong><\/p>\n<p><iframe title=\"Opm\u00e5lingsvejledning til h\u00e5ndled\" width=\"800\" height=\"450\" src=\"https:\/\/www.youtube.com\/embed\/uT1ZaBnbLiI?feature=oembed\" frameborder=\"0\" allow=\"accelerometer; autoplay; clipboard-write; encrypted-media; gyroscope; picture-in-picture; web-share\" referrerpolicy=\"strict-origin-when-cross-origin\" allowfullscreen><\/iframe><\/p>\n<p><strong>Produktvideo (fransk tale)<\/strong><\/p>\n<p><iframe title=\"DonJoy\u00ae CarpaForm\u2122 - Mise en place\" width=\"800\" height=\"450\" src=\"https:\/\/www.youtube.com\/embed\/bg0gN-vDamo?feature=oembed\" frameborder=\"0\" allow=\"accelerometer; autoplay; clipboard-write; encrypted-media; gyroscope; picture-in-picture; web-share\" referrerpolicy=\"strict-origin-when-cross-origin\" allowfullscreen><\/iframe><\/p>\n","protected":false},"excerpt":{"rendered":"<p><strong>DonJoy Carpaform <a href=\"https:\/\/fysiolab.dk\/no\/vare-kategori\/skinner-og-stoetteskinner\/haand-og-haandleddsskinne\/\">h\u00e5ndleddst\u00f8tte er optimal for beskyttelse og behandling av karpaltunnelsyndrom<\/a> (tilstanden der nerven i h\u00e5nden kommer i klem). Skinnen har en formbar aluminiumskinne, slik at du kan forme den etter eget \u00f8nske.<\/p>\n<p><\/strong><\/p>\n","protected":false},"featured_media":78138,"comment_status":"closed","ping_status":"closed","template":"","meta":{"_acf_changed":false},"product_brand":[3091],"product_cat":[1938,2048,2041,2040,2068,1937,2067,2070,2069,1933],"product_tag":[2173],"class_list":{"0":"post-78121","1":"product","2":"type-product","3":"status-publish","4":"has-post-thumbnail","6":"product_brand-donjoy","7":"product_cat-donjoy-no","8":"product_cat-donjoy-haandleddstoette","9":"product_cat-fingre-no","10":"product_cat-haand-og-haandleddsskinne","11":"product_cat-karpaltunnelsyndrom-no","12":"product_cat-merkevarer","13":"product_cat-senebetennelse","14":"product_cat-senebetennelse-i-haandleddet","15":"product_cat-senebetennelse-i-tommelen","16":"product_cat-skinner-og-stoetteskinner","17":"product_tag-donjoy-no","19":"first","20":"instock","21":"taxable","22":"shipping-taxable","23":"purchasable","24":"product-type-variable"},"acf":[],"_links":{"self":[{"href":"https:\/\/fysiolab.dk\/no\/wp-json\/wp\/v2\/product\/78121","targetHints":{"allow":["GET"]}}],"collection":[{"href":"https:\/\/fysiolab.dk\/no\/wp-json\/wp\/v2\/product"}],"about":[{"href":"https:\/\/fysiolab.dk\/no\/wp-json\/wp\/v2\/types\/product"}],"replies":[{"embeddable":true,"href":"https:\/\/fysiolab.dk\/no\/wp-json\/wp\/v2\/comments?post=78121"}],"wp:featuredmedia":[{"embeddable":true,"href":"https:\/\/fysiolab.dk\/no\/wp-json\/wp\/v2\/media\/78138"}],"wp:attachment":[{"href":"https:\/\/fysiolab.dk\/no\/wp-json\/wp\/v2\/media?parent=78121"}],"wp:term":[{"taxonomy":"product_brand","embeddable":true,"href":"https:\/\/fysiolab.dk\/no\/wp-json\/wp\/v2\/product_brand?post=78121"},{"taxonomy":"product_cat","embeddable":true,"href":"https:\/\/fysiolab.dk\/no\/wp-json\/wp\/v2\/product_cat?post=78121"},{"taxonomy":"product_tag","embeddable":true,"href":"https:\/\/fysiolab.dk\/no\/wp-json\/wp\/v2\/product_tag?post=78121"}],"curies":[{"name":"wp","href":"https:\/\/api.w.org\/{rel}","templated":true}]}}