{"id":78159,"date":"2023-07-16T12:45:36","date_gmt":"2023-07-16T10:45:36","guid":{"rendered":"https:\/\/fysiolab.dk\/product\/donjoy-duoform-haandleddstoette-2\/"},"modified":"2025-12-18T09:22:47","modified_gmt":"2025-12-18T08:22:47","slug":"donjoy-duoform-haandleddstoette-2","status":"publish","type":"product","link":"https:\/\/fysiolab.dk\/no\/product\/donjoy-duoform-haandleddstoette-2\/","title":{"rendered":"DonJoy DuoForm h\u00e5ndleddst\u00f8tte"},"content":{"rendered":"<h4><strong>Optimal anvendelse<\/strong><\/h4>\n<ul>\n<li>Universalbandasje for immobilisering av h\u00e5ndledd<\/li>\n<li>Egnet for belastningsskader og skader i h\u00e5ndleddet<\/li>\n<li>For immobilisering f\u00f8r og etter operasjon<\/li>\n<\/ul>\n<p><strong>Fordeler og funksjoner<\/strong><\/p>\n<ul>\n<li>Enkel \u00e5 bruke<\/li>\n<li>Universell modell som passer b\u00e5de h\u00f8yre og venstre h\u00e5nd<\/li>\n<li>Bevegelig <a href=\"https:\/\/fysiolab.dk\/no\/vare-kategori\/skinner-og-stoetteskinner\/haand-og-haandleddsskinne\/\">h\u00e5ndleddsskinne<\/a> for riktig og tilpasset st\u00f8tte<\/li>\n<li>Ergonomisk h\u00e5ndskinne som kontrollerer h\u00e5ndleddsfleksjon<\/li>\n<li>Stor \u00e5pning for enkel p\u00e5f\u00f8ring og fjerning av bandasjen<\/li>\n<li>Tre stropper for justerbar kompresjon<\/li>\n<li>3D-materiale som puster<\/li>\n<li>Komfortabel og fleksibel lettvektsdesign<\/li>\n<\/ul>\n<p><strong>St\u00f8rrelsesguide<\/strong><\/p>\n<p><strong>M\u00e5l omkretsen av h\u00e5ndleddet (se video med instruksjoner lenger ned i teksten)<\/p>\n<p><\/strong><\/p>\n<p><a href=\"https:\/\/dev.fysiolab.dk\/wp-content\/uploads\/2025\/05\/H2.png\"><img fetchpriority=\"high\" decoding=\"async\" class=\"alignnone size-medium wp-image-202392805\" src=\"https:\/\/dev.fysiolab.dk\/wp-content\/uploads\/2025\/05\/H2-300x169.png\" alt=\"\" width=\"300\" height=\"169\" title=\"\"><\/a><\/p>\n<p><strong>Omkrets St\u00f8rrelse<\/strong><\/p>\n<p><strong>11-14 cm XS<\/strong><\/p>\n<p><strong>14-16 cm S<\/strong><\/p>\n<p><strong>16-19 cm M<\/strong><\/p>\n<p><strong>19-21 cm L<\/strong><\/p>\n<p><strong>21-24 cm XL<\/strong><\/p>\n<p><iframe title=\"Opm\u00e5lingsvejledning til h\u00e5ndled\" width=\"800\" height=\"450\" src=\"https:\/\/www.youtube.com\/embed\/uT1ZaBnbLiI?feature=oembed\" frameborder=\"0\" allow=\"accelerometer; autoplay; clipboard-write; encrypted-media; gyroscope; picture-in-picture; web-share\" referrerpolicy=\"strict-origin-when-cross-origin\" allowfullscreen><\/iframe><\/p>\n<p><iframe title=\"DonJoy DuoForm\" width=\"800\" height=\"450\" src=\"https:\/\/www.youtube.com\/embed\/rTSqxt2NnqM?feature=oembed\" frameborder=\"0\" allow=\"accelerometer; autoplay; clipboard-write; encrypted-media; gyroscope; picture-in-picture; web-share\" referrerpolicy=\"strict-origin-when-cross-origin\" allowfullscreen><\/iframe><\/p>\n<p><iframe title=\"DonJoy\u00ae DuoForm\u2122 - Mise en place\" width=\"800\" height=\"450\" src=\"https:\/\/www.youtube.com\/embed\/KlY1idz5dwA?feature=oembed\" frameborder=\"0\" allow=\"accelerometer; autoplay; clipboard-write; encrypted-media; gyroscope; picture-in-picture; web-share\" referrerpolicy=\"strict-origin-when-cross-origin\" allowfullscreen><\/iframe><\/p>\n","protected":false},"excerpt":{"rendered":"<p><strong>DonJoy DuoForm <a href=\"https:\/\/fysiolab.dk\/no\/vare-kategori\/skinner-og-stoetteskinner\/haand-og-haandleddsskinne\/\">h\u00e5ndleddst\u00f8tte<\/a> anbefales ved h\u00e5ndleddsforstuinger og -skader b\u00e5de f\u00f8r og etter operasjoner. Bandasjen har en lett aluminiumsskinne i h\u00e5ndflaten som kan tilpasses etter dine behov. Passer for b\u00e5de h\u00f8yre og venstre h\u00e5nd.<\/p>\n<p><\/strong><\/p>\n","protected":false},"featured_media":78168,"comment_status":"closed","ping_status":"closed","template":"","meta":{"_acf_changed":false},"product_brand":[3091],"product_cat":[2071,2042,1938,2048,2043,2040,2068,1937,2067,1933],"product_tag":[2173],"class_list":{"0":"post-78159","1":"product","2":"type-product","3":"status-publish","4":"has-post-thumbnail","6":"product_brand-donjoy","7":"product_cat-artrose-i-haandleddet","8":"product_cat-brudd-i-haandleddet","9":"product_cat-donjoy-no","10":"product_cat-donjoy-haandleddstoette","11":"product_cat-forstuing-og-overbelastning-av-haandleddet","12":"product_cat-haand-og-haandleddsskinne","13":"product_cat-karpaltunnelsyndrom-no","14":"product_cat-merkevarer","15":"product_cat-senebetennelse","16":"product_cat-skinner-og-stoetteskinner","17":"product_tag-donjoy-no","19":"first","20":"instock","21":"taxable","22":"shipping-taxable","23":"purchasable","24":"product-type-variable"},"acf":[],"_links":{"self":[{"href":"https:\/\/fysiolab.dk\/no\/wp-json\/wp\/v2\/product\/78159","targetHints":{"allow":["GET"]}}],"collection":[{"href":"https:\/\/fysiolab.dk\/no\/wp-json\/wp\/v2\/product"}],"about":[{"href":"https:\/\/fysiolab.dk\/no\/wp-json\/wp\/v2\/types\/product"}],"replies":[{"embeddable":true,"href":"https:\/\/fysiolab.dk\/no\/wp-json\/wp\/v2\/comments?post=78159"}],"wp:featuredmedia":[{"embeddable":true,"href":"https:\/\/fysiolab.dk\/no\/wp-json\/wp\/v2\/media\/78168"}],"wp:attachment":[{"href":"https:\/\/fysiolab.dk\/no\/wp-json\/wp\/v2\/media?parent=78159"}],"wp:term":[{"taxonomy":"product_brand","embeddable":true,"href":"https:\/\/fysiolab.dk\/no\/wp-json\/wp\/v2\/product_brand?post=78159"},{"taxonomy":"product_cat","embeddable":true,"href":"https:\/\/fysiolab.dk\/no\/wp-json\/wp\/v2\/product_cat?post=78159"},{"taxonomy":"product_tag","embeddable":true,"href":"https:\/\/fysiolab.dk\/no\/wp-json\/wp\/v2\/product_tag?post=78159"}],"curies":[{"name":"wp","href":"https:\/\/api.w.org\/{rel}","templated":true}]}}