{"id":78160,"date":"2023-07-16T12:44:46","date_gmt":"2023-07-16T10:44:46","guid":{"rendered":"https:\/\/fysiolab.dk\/product\/compex-bionic-ankelskinne\/"},"modified":"2025-12-18T09:22:48","modified_gmt":"2025-12-18T08:22:48","slug":"compex-bionic-ankelskinne","status":"publish","type":"product","link":"https:\/\/fysiolab.dk\/no\/product\/compex-bionic-ankelskinne\/","title":{"rendered":"Compex Bionic ankelskinne (Kun L og XL igjen)"},"content":{"rendered":"<h4><strong>Optimal anvendelse<\/strong><\/h4>\n<p>Bionic Ankle Brace er utviklet for personer med ustabile ankler - vanligvis etter skade p\u00e5 ett eller flere leddb\u00e5nd. Bionic-serien fra DonJoy Performance er den serien som gir mest stabilitet. Med sin unike design og \u00f8kte stabilitet rundt leddb\u00e5ndene beskytter den deg i en aktiv hverdag, enten det gjelder sportsaktiviteter, l\u00f8ping eller p\u00e5 jobb. Skinnen har en ekstra sterk kvalitetsstropp som vikles rundt ankelen, gir stabilitet og forhindrer vridning utenfra.   <\/p>\n<p><strong>Tilgjengelig i en h\u00f8yre- og en venstremodell<\/strong><\/p>\n<p><strong>St\u00f8rrelsesguide<\/strong><\/p>\n<p><strong>Bandasjen bestilles etter skost\u00f8rrelse<\/strong><\/p>\n<p><strong>Skost\u00f8rrelse. St\u00f8rrelse. <\/strong><\/p>\n<p><strong>u.37,5 XS<\/strong><\/p>\n<p><strong>37,5-39 S<\/strong><\/p>\n<p><strong>40-45 M<\/strong><\/p>\n<p><strong>45,5-48 L<\/strong><\/p>\n<p><strong>48+ XL<\/strong><\/p>\n<p><iframe title=\"DonJoy Performance Bionic Ankle Brace: Fit and Usage\" width=\"800\" height=\"450\" src=\"https:\/\/www.youtube.com\/embed\/PbV7tDUgTLA?feature=oembed\" frameborder=\"0\" allow=\"accelerometer; autoplay; clipboard-write; encrypted-media; gyroscope; picture-in-picture; web-share\" referrerpolicy=\"strict-origin-when-cross-origin\" allowfullscreen><\/iframe><\/p>\n<p>&nbsp;<\/p>\n","protected":false},"excerpt":{"rendered":"<p><strong>Compex Bionic Ankle Support gir optimal beskyttelse og bevegelseskomfort under fysisk aktivitet. Bandasjen har ekstra st\u00f8tte for \u00e5 motvirke ytre vridning.  Finnes i en h\u00f8yre- og en venstremodell. Sortert etter skost\u00f8rrelse<\/p>\n<p><\/strong><\/p>\n<p>https:\/\/www.youtube.com\/watch?v=uG9ZtXDPSMM<\/p>\n","protected":false},"featured_media":78182,"comment_status":"closed","ping_status":"closed","template":"","meta":{"_acf_changed":false},"product_brand":[],"product_cat":[2074,1992,2076,2075,2013,2078,2007,1937,1933,2077,2012,2016],"product_tag":[2019],"class_list":{"0":"post-78160","1":"product","2":"type-product","3":"status-publish","4":"has-post-thumbnail","6":"product_cat-ankelforstuing","7":"product_cat-ankelskinne","8":"product_cat-ankelvridning","9":"product_cat-bionisk","10":"product_cat-compex-no-2","11":"product_cat-compex-ankelskinner","12":"product_cat-donjoy-performance-no","13":"product_cat-merkevarer","14":"product_cat-skinner-og-stoetteskinner","15":"product_cat-ustabil-ankel-no","16":"product_cat-utstyr-for-crossfit","17":"product_cat-uttak","18":"product_tag-compex-no","20":"first","21":"instock","22":"sale","23":"taxable","24":"shipping-taxable","25":"purchasable","26":"product-type-variable"},"acf":[],"_links":{"self":[{"href":"https:\/\/fysiolab.dk\/no\/wp-json\/wp\/v2\/product\/78160","targetHints":{"allow":["GET"]}}],"collection":[{"href":"https:\/\/fysiolab.dk\/no\/wp-json\/wp\/v2\/product"}],"about":[{"href":"https:\/\/fysiolab.dk\/no\/wp-json\/wp\/v2\/types\/product"}],"replies":[{"embeddable":true,"href":"https:\/\/fysiolab.dk\/no\/wp-json\/wp\/v2\/comments?post=78160"}],"wp:featuredmedia":[{"embeddable":true,"href":"https:\/\/fysiolab.dk\/no\/wp-json\/wp\/v2\/media\/78182"}],"wp:attachment":[{"href":"https:\/\/fysiolab.dk\/no\/wp-json\/wp\/v2\/media?parent=78160"}],"wp:term":[{"taxonomy":"product_brand","embeddable":true,"href":"https:\/\/fysiolab.dk\/no\/wp-json\/wp\/v2\/product_brand?post=78160"},{"taxonomy":"product_cat","embeddable":true,"href":"https:\/\/fysiolab.dk\/no\/wp-json\/wp\/v2\/product_cat?post=78160"},{"taxonomy":"product_tag","embeddable":true,"href":"https:\/\/fysiolab.dk\/no\/wp-json\/wp\/v2\/product_tag?post=78160"}],"curies":[{"name":"wp","href":"https:\/\/api.w.org\/{rel}","templated":true}]}}