{"id":78180,"date":"2023-07-16T12:45:35","date_gmt":"2023-07-16T10:45:35","guid":{"rendered":"https:\/\/fysiolab.dk\/product\/procare-shoelift\/"},"modified":"2025-12-18T09:22:47","modified_gmt":"2025-12-18T08:22:47","slug":"procare-shoelift","status":"publish","type":"product","link":"https:\/\/fysiolab.dk\/no\/product\/procare-shoelift\/","title":{"rendered":"PROCARE Shoelift"},"content":{"rendered":"<h4><strong>Optimal anvendelse<\/strong><\/h4>\n<p>Shoelift er enkel, lett og rask \u00e5 p\u00e5f\u00f8re og har en innovativ design som bidrar til \u00e5 utjevne lengden p\u00e5 pasientens ben, noe som reduserer belastningen p\u00e5 kroppen mens pasienten g\u00e5r med st\u00f8vel eller gips. Shoelift er enkel \u00e5 p\u00e5f\u00f8re og ta av fra skoen.   <strong>Shoelifts s\u00e5le har en h\u00f8yde p\u00e5 2 cm, noe som utjevner forskjellen mellom rullatoren og den vanlige skoen din<\/strong><\/p>\n<p><strong>Shoelift passer til b\u00e5de h\u00f8yre og venstre sko<\/strong><\/p>\n<p><strong>St\u00f8rrelsesguide (se video med st\u00f8rrelsesguide lenger ned i teksten)<\/p>\n<p><\/strong><\/p>\n<p><strong>Bestilles i henhold til din skost\u00f8rrelse<\/strong><\/p>\n<p><strong>Skost\u00f8rrelse. Skost\u00f8rrelse <\/strong><\/p>\n<p><strong>&lt;37 S<\/strong><\/p>\n<p><strong>37-42 M<\/strong><\/p>\n<p><strong>42+ L<\/strong><\/p>\n<p><iframe title=\"Skost\u00f8rrelsesvejledning sko FysioLab\" width=\"800\" height=\"450\" src=\"https:\/\/www.youtube.com\/embed\/uG9ZtXDPSMM?feature=oembed\" frameborder=\"0\" allow=\"accelerometer; autoplay; clipboard-write; encrypted-media; gyroscope; picture-in-picture; web-share\" referrerpolicy=\"strict-origin-when-cross-origin\" allowfullscreen><\/iframe><\/p>\n","protected":false},"excerpt":{"rendered":"<p><strong>Procare Shoelift kompenserer for benlengdeforskjellen n\u00e5r du m\u00e5 bruke st\u00f8vel eller har gips p\u00e5 foten\/underbenet. Passer rundt skos\u00e5len <\/strong><\/p>\n","protected":false},"featured_media":78189,"comment_status":"closed","ping_status":"closed","template":"","meta":{"_acf_changed":false},"product_brand":[3139],"product_cat":[2079,2080,2039,2082,1937,2000,2038,2036,1933,2081,2035],"product_tag":[2264],"class_list":{"0":"post-78180","1":"product","2":"type-product","3":"status-publish","4":"has-post-thumbnail","6":"product_brand-procare","7":"product_cat-akillesseneruptur-ruptur-av-akillessenen","8":"product_cat-brudd-i-underbenet-brudd-i-tibia","9":"product_cat-brudd-og-smerter-i-foten-benbrudd-i-foten","10":"product_cat-forskjell-i-benlengde","11":"product_cat-merkevarer","12":"product_cat-procare-no","13":"product_cat-procare-rullatorstoevler","14":"product_cat-procare-sko-og-saaler-no","15":"product_cat-skinner-og-stoetteskinner","16":"product_cat-tilbehoer","17":"product_cat-walkerstoevler-og-tilbehoer","18":"product_tag-procare-no","20":"first","21":"instock","22":"taxable","23":"shipping-taxable","24":"purchasable","25":"product-type-variable"},"acf":[],"_links":{"self":[{"href":"https:\/\/fysiolab.dk\/no\/wp-json\/wp\/v2\/product\/78180","targetHints":{"allow":["GET"]}}],"collection":[{"href":"https:\/\/fysiolab.dk\/no\/wp-json\/wp\/v2\/product"}],"about":[{"href":"https:\/\/fysiolab.dk\/no\/wp-json\/wp\/v2\/types\/product"}],"replies":[{"embeddable":true,"href":"https:\/\/fysiolab.dk\/no\/wp-json\/wp\/v2\/comments?post=78180"}],"wp:featuredmedia":[{"embeddable":true,"href":"https:\/\/fysiolab.dk\/no\/wp-json\/wp\/v2\/media\/78189"}],"wp:attachment":[{"href":"https:\/\/fysiolab.dk\/no\/wp-json\/wp\/v2\/media?parent=78180"}],"wp:term":[{"taxonomy":"product_brand","embeddable":true,"href":"https:\/\/fysiolab.dk\/no\/wp-json\/wp\/v2\/product_brand?post=78180"},{"taxonomy":"product_cat","embeddable":true,"href":"https:\/\/fysiolab.dk\/no\/wp-json\/wp\/v2\/product_cat?post=78180"},{"taxonomy":"product_tag","embeddable":true,"href":"https:\/\/fysiolab.dk\/no\/wp-json\/wp\/v2\/product_tag?post=78180"}],"curies":[{"name":"wp","href":"https:\/\/api.w.org\/{rel}","templated":true}]}}