{"id":78185,"date":"2023-07-16T12:44:20","date_gmt":"2023-07-16T10:44:20","guid":{"rendered":"https:\/\/fysiolab.dk\/product\/compex-tape-5-cm-x-5-m\/"},"modified":"2025-12-18T09:22:48","modified_gmt":"2025-12-18T08:22:48","slug":"compex-tape-5-cm-x-5-m","status":"publish","type":"product","link":"https:\/\/fysiolab.dk\/no\/product\/compex-tape-5-cm-x-5-m\/","title":{"rendered":"Compex tape 5 cm x 5 m - Utg\u00e5tt"},"content":{"rendered":"<p><span id=\"ctl00_main_ctl00_ctl00_labShortDescription\" class=\"product-short-description-label display-block\">Compex Kinesiology Tape er en elastisk tape som er laget av bomull av h\u00f8y kvalitet med et klebende lag av akryl. Compex Tape har god vedheft og kan brukes i flere dager, den er lateksfri og vanntett. Teipen har en unik evne til \u00e5 lette muskler og muskelgrupper som du \u00f8nsker \u00e5 \"vekke opp\" under idrett og andre aktiviteter. Compex tape har ogs\u00e5 den effekten at den \u00f8ker blodsirkulasjonen i omr\u00e5det der den er p\u00e5f\u00f8rt, noe som bidrar til \u00e5 transportere n\u00e6ringsstoffer til og fra omr\u00e5det. \u00d8ker propriosepsjonen rundt et ledd, slik at kroppen bedre registrerer hvor leddet er under bevegelse, noe som reduserer risikoen for at man for eksempel vrir om en ankel.    <\/span><\/p>\n<p><strong>St\u00f8rrelse 5 cm x 5 m<\/strong><\/p>\n<p><strong>B\u00e5ndet er tilgjengelig i f\u00f8lgende farger:<\/strong><\/p>\n<p><strong>Variasjon<\/strong><\/p>\n<p><strong>Bl\u00e5 farge<\/strong><\/p>\n<p><strong>Rosa<\/strong><\/p>\n<p>&nbsp;<\/p>\n<p><iframe title=\"Instructional Advice | Compex Tape\" width=\"800\" height=\"600\" src=\"https:\/\/www.youtube.com\/embed\/mWF-NTiqNrI?feature=oembed\" frameborder=\"0\" allow=\"accelerometer; autoplay; clipboard-write; encrypted-media; gyroscope; picture-in-picture; web-share\" referrerpolicy=\"strict-origin-when-cross-origin\" allowfullscreen><\/iframe><\/p>\n","protected":false},"excerpt":{"rendered":"<p><strong>Compex tape 5 cm x 5 m er en elastisk kinesiologitape.  <span id=\"ctl00_main_ctl00_ctl00_labShortDescription\" class=\"product-short-description-label display-block\">Teipen har god vedheft og kan brukes i flere dager, og den er lateksfri og vanntett. Tilgjengelig i fargene: Svart, bl\u00e5 og rosa <\/span><\/strong><\/p>\n","protected":false},"featured_media":78196,"comment_status":"closed","ping_status":"closed","template":"","meta":{"_acf_changed":false},"product_brand":[],"product_cat":[2013,2008,2086,2007,2088,1948,1937,1941,1933,2085,2087,2016],"product_tag":[2019],"class_list":{"0":"post-78185","1":"product","2":"type-product","3":"status-publish","4":"has-post-thumbnail","6":"product_cat-compex-no-2","7":"product_cat-compex-no","8":"product_cat-compex-tape-no","9":"product_cat-donjoy-performance-no","10":"product_cat-kinesiologisk-tape","11":"product_cat-klinikk","12":"product_cat-merkevarer","13":"product_cat-rekonvalesens-og-sportspleie","14":"product_cat-skinner-og-stoetteskinner","15":"product_cat-tape-no","16":"product_cat-tape-no-2","17":"product_cat-uttak","18":"product_tag-compex-no","20":"first","21":"instock","22":"sale","23":"taxable","24":"shipping-taxable","25":"purchasable","26":"product-type-variable"},"acf":[],"_links":{"self":[{"href":"https:\/\/fysiolab.dk\/no\/wp-json\/wp\/v2\/product\/78185","targetHints":{"allow":["GET"]}}],"collection":[{"href":"https:\/\/fysiolab.dk\/no\/wp-json\/wp\/v2\/product"}],"about":[{"href":"https:\/\/fysiolab.dk\/no\/wp-json\/wp\/v2\/types\/product"}],"replies":[{"embeddable":true,"href":"https:\/\/fysiolab.dk\/no\/wp-json\/wp\/v2\/comments?post=78185"}],"wp:featuredmedia":[{"embeddable":true,"href":"https:\/\/fysiolab.dk\/no\/wp-json\/wp\/v2\/media\/78196"}],"wp:attachment":[{"href":"https:\/\/fysiolab.dk\/no\/wp-json\/wp\/v2\/media?parent=78185"}],"wp:term":[{"taxonomy":"product_brand","embeddable":true,"href":"https:\/\/fysiolab.dk\/no\/wp-json\/wp\/v2\/product_brand?post=78185"},{"taxonomy":"product_cat","embeddable":true,"href":"https:\/\/fysiolab.dk\/no\/wp-json\/wp\/v2\/product_cat?post=78185"},{"taxonomy":"product_tag","embeddable":true,"href":"https:\/\/fysiolab.dk\/no\/wp-json\/wp\/v2\/product_tag?post=78185"}],"curies":[{"name":"wp","href":"https:\/\/api.w.org\/{rel}","templated":true}]}}